{"id":44,"date":"2024-06-27T09:43:45","date_gmt":"2024-06-27T07:43:45","guid":{"rendered":"https:\/\/wp.laas.fr\/test-isa\/?page_id=44"},"modified":"2024-09-25T11:33:21","modified_gmt":"2024-09-25T09:33:21","slug":"le-projet","status":"publish","type":"page","link":"https:\/\/wp.laas.fr\/wispers\/le-projet\/","title":{"rendered":"Le projet"},"content":{"rendered":"\n<div class=\"wp-block-columns is-layout-flex wp-container-core-columns-is-layout-9d6595d7 wp-block-columns-is-layout-flex\">\n<div class=\"wp-block-column is-layout-flow wp-block-column-is-layout-flow\" style=\"flex-basis:25%\">\n<figure class=\"wp-block-image size-full\"><img loading=\"lazy\" decoding=\"async\" width=\"546\" height=\"798\" src=\"https:\/\/wp.laas.fr\/wispers\/wp-content\/uploads\/sites\/5\/2024\/09\/image-1-wispers.png\" alt=\"\" class=\"wp-image-151\" srcset=\"https:\/\/wp.laas.fr\/wispers\/wp-content\/uploads\/sites\/5\/2024\/09\/image-1-wispers.png 546w, https:\/\/wp.laas.fr\/wispers\/wp-content\/uploads\/sites\/5\/2024\/09\/image-1-wispers-205x300.png 205w\" sizes=\"auto, (max-width: 546px) 100vw, 546px\" \/><\/figure>\n<\/div>\n\n\n\n<div class=\"wp-block-column is-layout-flow wp-block-column-is-layout-flow\" style=\"flex-basis:75%\">\n<p style=\"font-style:normal;font-weight:700\">Contexte <\/p>\n\n\n\n<p class=\"has-medium-font-size\">La pression intracr\u00e2nienne est la pression exerc\u00e9e par le liquide c\u00e9phalo-rachidien, le sang et le tissu c\u00e9r\u00e9bral \u00e0 l&rsquo;int\u00e9rieur du cr\u00e2ne rigide. Une augmentation de la PIC est un probl\u00e8me potentiellement mortel, qui survient apr\u00e8s une l\u00e9sion c\u00e9r\u00e9brale traumatique, un cancer du cerveau, un accident vasculaire c\u00e9r\u00e9bral, une maladie neurod\u00e9g\u00e9n\u00e9rative ou m\u00eame lors d&rsquo;un vol spatial. L&rsquo;intervalle normal de la PIC est de 5 \u00e0 15 mmHg, tandis que la Brain Trauma Foundation recommande un traitement pour une PIC sup\u00e9rieure \u00e0 20 mmHg. Une surveillance continue et sensible de la PIC est essentielle pour am\u00e9liorer le diagnostic et la surveillance. Il facilite l&rsquo;\u00e9valuation des l\u00e9sions c\u00e9r\u00e9brales, l&rsquo;efficacit\u00e9 du traitement et la survie des patients.<\/p>\n\n\n\n<p class=\"has-medium-font-size\">La pression intracr\u00e2nienne est la pression exerc\u00e9e par le liquide c\u00e9phalo-rachidien, le sang et le tissu c\u00e9r\u00e9bral \u00e0 l&rsquo;int\u00e9rieur du cr\u00e2ne rigide. Une augmentation de la PIC est un probl\u00e8me potentiellement mortel, qui survient apr\u00e8s une l\u00e9sion c\u00e9r\u00e9brale traumatique, un cancer du cerveau, un accident vasculaire c\u00e9r\u00e9bral, une maladie neurod\u00e9g\u00e9n\u00e9rative ou m\u00eame lors d&rsquo;un vol spatial. L&rsquo;intervalle normal de la PIC est de 5 \u00e0 15 mmHg, tandis que la Brain Trauma Foundation recommande un traitement pour une PIC sup\u00e9rieure \u00e0 20 mmHg. Une surveillance continue et sensible de la PIC est essentielle pour am\u00e9liorer le diagnostic et la surveillance. Il facilite l&rsquo;\u00e9valuation des l\u00e9sions c\u00e9r\u00e9brales, l&rsquo;efficacit\u00e9 du traitement et la survie des patients.<\/p>\n\n\n\n<p class=\"has-medium-font-size\">Tous les syst\u00e8mes commerciaux de surveillance de la PIC n\u00e9cessitent le maintien &#8211; \u00e0 travers le cr\u00e2ne &#8211; d&rsquo;un fil\/cath\u00e9ter reli\u00e9 \u00e0 un capteur de pression pi\u00e9zo\u00e9lectrique, ce qui constitue une limitation majeure. Cela entrave les mouvements du patient qui doit \u00eatre maintenu \u00e0 l&rsquo;h\u00f4pital. En outre, les syst\u00e8mes sont trop encombrants pour \u00eatre adapt\u00e9s \u00e0 une utilisation plus large dans la recherche fondamentale et clinique. Il existe un besoin de surveillance continue \u00e0 long terme chez des sujets \u00e9veill\u00e9s et se d\u00e9pla\u00e7ant librement pour permettre de meilleures \u00e9valuations de la PIC.<\/p>\n<\/div>\n<\/div>\n\n\n\n<div class=\"wp-block-columns is-layout-flex wp-container-core-columns-is-layout-9d6595d7 wp-block-columns-is-layout-flex\">\n<div class=\"wp-block-column is-layout-flow wp-block-column-is-layout-flow\" style=\"flex-basis:75%\">\n<p class=\"has-medium-font-size\" style=\"font-style:normal;font-weight:700\">D\u00e9fis principaux<\/p>\n\n\n\n<p class=\"has-medium-font-size\">Pour r\u00e9pondre \u00e0 ce d\u00e9fi, l&rsquo;objectif du d\u00e9fi WISPERS &#8211; financ\u00e9 par l&rsquo;ANR &#8211; est de d\u00e9velopper un syst\u00e8me de mesure de la PIC qui soit facile \u00e0 utiliser et moins invasif. Le syst\u00e8me sera compos\u00e9 de 2 parties.<\/p>\n\n\n\n<ul class=\"wp-block-list\">\n<li class=\"has-medium-font-size\">Un capteur de pression pi\u00e9zo-capacitif implantable imprim\u00e9 en 3D, de petite taille, qui sera utilis\u00e9 pour mesurer la pression intraoculaire. Le capteur n&rsquo;aura que des capacit\u00e9s NFC pour \u00eatre de petite taille.<\/li>\n\n\n\n<li class=\"has-medium-font-size\">Un patch externe servant d&rsquo;interm\u00e9diaire entre l&rsquo;implant et le terminal (par exemple un smartphone). Ce patch externe permettra d&rsquo;avoir un implant tr\u00e8s petit tout en rendant notre syst\u00e8me de surveillance enti\u00e8rement sans fil.<\/li>\n<\/ul>\n<\/div>\n\n\n\n<div class=\"wp-block-column is-layout-flow wp-block-column-is-layout-flow\" style=\"flex-basis:25%\">\n<figure class=\"wp-block-image size-full\"><img loading=\"lazy\" decoding=\"async\" width=\"750\" height=\"563\" src=\"https:\/\/wp.laas.fr\/wispers\/wp-content\/uploads\/sites\/5\/2024\/09\/image-2-wispers.png\" alt=\"\" class=\"wp-image-149\" srcset=\"https:\/\/wp.laas.fr\/wispers\/wp-content\/uploads\/sites\/5\/2024\/09\/image-2-wispers.png 750w, https:\/\/wp.laas.fr\/wispers\/wp-content\/uploads\/sites\/5\/2024\/09\/image-2-wispers-300x225.png 300w\" sizes=\"auto, (max-width: 750px) 100vw, 750px\" \/><\/figure>\n<\/div>\n<\/div>\n\n\n\n<p class=\"has-medium-font-size\" style=\"font-style:normal;font-weight:700\">Objectifs <\/p>\n\n\n\n<ul class=\"wp-block-list\">\n<li>Des MEMS imprim\u00e9s en 3D pour une plus grande souplesse de conception. Dans ce projet, nous l\u00e8verons des verrous technologiques pour utiliser l&rsquo;imprimante 3D pour la conception de MEMS. L&rsquo;impression 3D permettra de concevoir des MEMS avec des formes plus complexes applicables \u00e0 de nouvelles possibilit\u00e9s.<\/li>\n\n\n\n<li class=\"has-medium-font-size\">Une nouvelle strat\u00e9gie pour les implants sans fil. Nous d\u00e9montrerons que les capacit\u00e9s FFC peuvent \u00eatre s\u00e9par\u00e9es de l&rsquo;implant. La \u00ab strat\u00e9gie du patch \u00bb est applicable \u00e0 tout capteur physiologique implantable. Elle simplifiera et acc\u00e9l\u00e9rera consid\u00e9rablement la conception et l&rsquo;int\u00e9gration des capteurs implantables. Un capteur de pression utilisable \u00e0 la fois in-vivo et in-vitro. Le capteur est d\u00e9di\u00e9 \u00e0 la mesure de la PIC mais il peut \u00e9galement \u00eatre adapt\u00e9 \u00e0 la mesure de la pression (pression art\u00e9rielle\u2026).<\/li>\n<\/ul>\n\n\n\n<p><\/p>\n","protected":false},"excerpt":{"rendered":"<p>Contexte La pression intracr\u00e2nienne est la pression exerc\u00e9e par le liquide c\u00e9phalo-rachidien, le sang et le tissu c\u00e9r\u00e9bral \u00e0 l&rsquo;int\u00e9rieur du cr\u00e2ne rigide. Une augmentation de la PIC est un probl\u00e8me potentiellement mortel, qui survient apr\u00e8s une l\u00e9sion c\u00e9r\u00e9brale traumatique, un cancer du cerveau, un accident vasculaire c\u00e9r\u00e9bral, une maladie neurod\u00e9g\u00e9n\u00e9rative ou m\u00eame lors d&rsquo;un [&hellip;]<\/p>\n","protected":false},"author":5,"featured_media":0,"parent":0,"menu_order":2,"comment_status":"closed","ping_status":"closed","template":"","meta":{"footnotes":""},"class_list":["post-44","page","type-page","status-publish","hentry","post"],"_links":{"self":[{"href":"https:\/\/wp.laas.fr\/wispers\/wp-json\/wp\/v2\/pages\/44","targetHints":{"allow":["GET"]}}],"collection":[{"href":"https:\/\/wp.laas.fr\/wispers\/wp-json\/wp\/v2\/pages"}],"about":[{"href":"https:\/\/wp.laas.fr\/wispers\/wp-json\/wp\/v2\/types\/page"}],"author":[{"embeddable":true,"href":"https:\/\/wp.laas.fr\/wispers\/wp-json\/wp\/v2\/users\/5"}],"replies":[{"embeddable":true,"href":"https:\/\/wp.laas.fr\/wispers\/wp-json\/wp\/v2\/comments?post=44"}],"version-history":[{"count":10,"href":"https:\/\/wp.laas.fr\/wispers\/wp-json\/wp\/v2\/pages\/44\/revisions"}],"predecessor-version":[{"id":163,"href":"https:\/\/wp.laas.fr\/wispers\/wp-json\/wp\/v2\/pages\/44\/revisions\/163"}],"wp:attachment":[{"href":"https:\/\/wp.laas.fr\/wispers\/wp-json\/wp\/v2\/media?parent=44"}],"curies":[{"name":"wp","href":"https:\/\/api.w.org\/{rel}","templated":true}]}}