{"id":2,"date":"2024-05-16T15:39:34","date_gmt":"2024-05-16T13:39:34","guid":{"rendered":"https:\/\/wp.laas.fr\/test-isa\/?page_id=2"},"modified":"2024-09-25T11:32:22","modified_gmt":"2024-09-25T09:32:22","slug":"page-d-exemple","status":"publish","type":"page","link":"https:\/\/wp.laas.fr\/wispers\/","title":{"rendered":"Introduction"},"content":{"rendered":"\n<div class=\"wp-block-media-text alignwide is-stacked-on-mobile is-vertically-aligned-top is-style-default\" style=\"grid-template-columns:25% auto\"><figure class=\"wp-block-media-text__media\"><img loading=\"lazy\" decoding=\"async\" width=\"346\" height=\"321\" src=\"https:\/\/wp.laas.fr\/wispers\/wp-content\/uploads\/sites\/5\/2024\/09\/logo-wispers1-nobg.png\" alt=\"\" class=\"wp-image-120 size-full\" srcset=\"https:\/\/wp.laas.fr\/wispers\/wp-content\/uploads\/sites\/5\/2024\/09\/logo-wispers1-nobg.png 346w, https:\/\/wp.laas.fr\/wispers\/wp-content\/uploads\/sites\/5\/2024\/09\/logo-wispers1-nobg-300x278.png 300w\" sizes=\"auto, (max-width: 346px) 100vw, 346px\" \/><\/figure><div class=\"wp-block-media-text__content\">\n<p class=\"has-medium-font-size\">La pression \u00e0 l\u2019int\u00e9rieur du cerveaux est une donn\u00e9e vitale majeure. Une surpression&nbsp; (par exemple suite \u00e0 un traumatisme ou un AVC) g\u00e9n\u00e8re des disfonctionnements physiologiques \u00e9ventuellement l\u00e9taux. Pourtant mesurer cette pression intracr\u00e2nienne est complexe. Les syst\u00e8mes de mesures sont extr\u00eamement invasif et pas du tout adapt\u00e9s pour la recherche m\u00e9dicale. C\u2019est pourquoi le projet WISPERS propose de d\u00e9velopper un syst\u00e8me de mesure de la pression intracr\u00e2nienne sans fil, moins invasif et facile \u00e0 utiliser<\/p>\n\n\n\n<p class=\"has-medium-font-size\">Le projet WISPERS est financ\u00e9 par l\u2019agence Nationale pour la recherche \u2013 organisme financ\u00e9 par\u00a0 les fonds publics. Ce projets se d\u00e9veloppe \u00e0 travers la collaboration de deux \u00e9quipes de recherche du LAAS-CNRS bas\u00e9es \u00e0 Toulouse. Il se d\u00e9roule sur 4 ans jusqu\u2019en Octobre 2027 et implique 2 \u00e9tudiants en th\u00e8se et 13 chercheurs et ing\u00e9nieurs permanents.<\/p>\n\n\n\n<p class=\"has-medium-font-size\">Ce projet a pour but de d\u00e9velopper un prototype de mesure innovant. Ce prototype permettra d\u2019envisager des avanc\u00e9es majeurs en m\u00e9decine et \u00e9ventuellement d\u00e9bouchera sur un syst\u00e8me commercialisable \u00e0 plus long terme. Le projet permettra \u00e9galement de d\u00e9velopper de nouvelles id\u00e9es scientifiques et d\u2019offrir \u00e0 plusieurs \u00e9tudiants une formation d\u2019excellence par la recherche.<\/p>\n<\/div><\/div>\n","protected":false},"excerpt":{"rendered":"<p>La pression \u00e0 l\u2019int\u00e9rieur du cerveaux est une donn\u00e9e vitale majeure. Une surpression&nbsp; (par exemple suite \u00e0 un traumatisme ou un AVC) g\u00e9n\u00e8re des disfonctionnements physiologiques \u00e9ventuellement l\u00e9taux. Pourtant mesurer cette pression intracr\u00e2nienne est complexe. Les syst\u00e8mes de mesures sont extr\u00eamement invasif et pas du tout adapt\u00e9s pour la recherche m\u00e9dicale. C\u2019est pourquoi le projet [&hellip;]<\/p>\n","protected":false},"author":5,"featured_media":0,"parent":0,"menu_order":0,"comment_status":"closed","ping_status":"closed","template":"","meta":{"footnotes":""},"class_list":["post-2","page","type-page","status-publish","hentry","post"],"_links":{"self":[{"href":"https:\/\/wp.laas.fr\/wispers\/wp-json\/wp\/v2\/pages\/2","targetHints":{"allow":["GET"]}}],"collection":[{"href":"https:\/\/wp.laas.fr\/wispers\/wp-json\/wp\/v2\/pages"}],"about":[{"href":"https:\/\/wp.laas.fr\/wispers\/wp-json\/wp\/v2\/types\/page"}],"author":[{"embeddable":true,"href":"https:\/\/wp.laas.fr\/wispers\/wp-json\/wp\/v2\/users\/5"}],"replies":[{"embeddable":true,"href":"https:\/\/wp.laas.fr\/wispers\/wp-json\/wp\/v2\/comments?post=2"}],"version-history":[{"count":10,"href":"https:\/\/wp.laas.fr\/wispers\/wp-json\/wp\/v2\/pages\/2\/revisions"}],"predecessor-version":[{"id":162,"href":"https:\/\/wp.laas.fr\/wispers\/wp-json\/wp\/v2\/pages\/2\/revisions\/162"}],"wp:attachment":[{"href":"https:\/\/wp.laas.fr\/wispers\/wp-json\/wp\/v2\/media?parent=2"}],"curies":[{"name":"wp","href":"https:\/\/api.w.org\/{rel}","templated":true}]}}