{"id":10,"date":"2024-06-24T15:58:35","date_gmt":"2024-06-24T13:58:35","guid":{"rendered":"https:\/\/wp.laas.fr\/test-isa\/?page_id=10"},"modified":"2024-09-25T11:39:16","modified_gmt":"2024-09-25T09:39:16","slug":"personnes-impliquees","status":"publish","type":"page","link":"https:\/\/wp.laas.fr\/wispers\/personnes-impliquees\/","title":{"rendered":"Personnes impliqu\u00e9es"},"content":{"rendered":"\n<p class=\"has-medium-font-size\">Pour r\u00e9pondre aux enjeux de ce projet, le projet se base sur consortium form\u00e9 autours de 2 \u00e9quipes bas\u00e9es au LAAS-CNRS \u2013 \u00e9quipe MINC et \u00e9quipe MEMS \u2013 et avec le soutient des plateformes technologiques du LAAS (I2C et TEAM)<\/p>\n\n\n\n<p class=\"has-medium-font-size\">\u2022<strong>L&rsquo;\u00e9quipe <\/strong><strong>MINC<\/strong> m\u00e8ne des recherches autours : des capteurs sans fils pour les environnements contraints ; des syst\u00e8mes d\u2019imagerie Radar \u00e0 ondes millim\u00e9triques ; des syst\u00e8mes cyber-physiques autonomes ; et de l&rsquo;autonomie \u00e9nerg\u00e9tique (de syst\u00e8mes communicants).<\/p>\n\n\n\n<p class=\"has-medium-font-size\">\u2022<strong>L\u2019equipe MEMS <\/strong>d\u00e9veloppe des strat\u00e9gies qui visent \u00e0 augmenter les performances, la fiabilit\u00e9 et l&rsquo;int\u00e9gration des dispositifs MEMS. De nouvelles fonctionnalit\u00e9s et de nouveaux m\u00e9canismes de transduction bas\u00e9s sur l&rsquo;utilisation de nanomat\u00e9riaux, de biomat\u00e9riaux et de technologies polym\u00e8res sont \u00e9galement explor\u00e9s pour des applications dans les domaines de l&rsquo;instrumentation, de l\u2019environnement et de la sant\u00e9.<\/p>\n\n\n\n<p class=\"has-text-align-center\" style=\"font-style:normal;font-weight:700\">MINC (Micro et Nanosyst\u00e8mes pour les Communications)<\/p>\n\n\n\n<div class=\"wp-block-columns is-layout-flex wp-container-core-columns-is-layout-9d6595d7 wp-block-columns-is-layout-flex\">\n<div class=\"wp-block-column is-layout-flow wp-block-column-is-layout-flow\" style=\"flex-basis:25%\">\n<figure class=\"wp-block-image size-full is-style-rounded\"><a href=\"https:\/\/www.laas.fr\/fr\/annuaire\/1306\"><img loading=\"lazy\" decoding=\"async\" width=\"413\" height=\"413\" src=\"https:\/\/wp.laas.fr\/wispers\/wp-content\/uploads\/sites\/5\/2024\/09\/Ollie.jpg\" alt=\"\" class=\"wp-image-125\" srcset=\"https:\/\/wp.laas.fr\/wispers\/wp-content\/uploads\/sites\/5\/2024\/09\/Ollie.jpg 413w, https:\/\/wp.laas.fr\/wispers\/wp-content\/uploads\/sites\/5\/2024\/09\/Ollie-300x300.jpg 300w, https:\/\/wp.laas.fr\/wispers\/wp-content\/uploads\/sites\/5\/2024\/09\/Ollie-150x150.jpg 150w\" sizes=\"auto, (max-width: 413px) 100vw, 413px\" \/><\/a><\/figure>\n\n\n\n<p class=\"has-text-align-center has-text-color has-link-color has-medium-font-size wp-elements-561eadbc8a5791e4b54cee7723f68974\" style=\"color:#00294b;font-style:normal;font-weight:500\">Ollie<br>CHAPMAN<\/p>\n<\/div>\n\n\n\n<div class=\"wp-block-column is-layout-flow wp-block-column-is-layout-flow\" style=\"flex-basis:25%\">\n<figure class=\"wp-block-image size-full is-style-rounded\"><a href=\"https:\/\/www.laas.fr\/fr\/annuaire\/151\"><img loading=\"lazy\" decoding=\"async\" width=\"321\" height=\"322\" src=\"https:\/\/wp.laas.fr\/wispers\/wp-content\/uploads\/sites\/5\/2024\/09\/Daniela.jpg\" alt=\"\" class=\"wp-image-127\" srcset=\"https:\/\/wp.laas.fr\/wispers\/wp-content\/uploads\/sites\/5\/2024\/09\/Daniela.jpg 321w, https:\/\/wp.laas.fr\/wispers\/wp-content\/uploads\/sites\/5\/2024\/09\/Daniela-300x300.jpg 300w, https:\/\/wp.laas.fr\/wispers\/wp-content\/uploads\/sites\/5\/2024\/09\/Daniela-150x150.jpg 150w\" sizes=\"auto, (max-width: 321px) 100vw, 321px\" \/><\/a><\/figure>\n\n\n\n<p class=\"has-text-align-center has-text-color has-link-color has-medium-font-size wp-elements-ef788ce950fd3fc5f5b9b9bc96468e70\" style=\"color:#00294b;font-style:normal;font-weight:500\">Daniela DRAGOMERISCU<\/p>\n<\/div>\n\n\n\n<div class=\"wp-block-column is-layout-flow wp-block-column-is-layout-flow\" style=\"flex-basis:25%\">\n<figure class=\"wp-block-image size-full is-style-rounded\"><a href=\"https:\/\/www.laas.fr\/fr\/annuaire\/319\"><img loading=\"lazy\" decoding=\"async\" width=\"423\" height=\"423\" src=\"https:\/\/wp.laas.fr\/wispers\/wp-content\/uploads\/sites\/5\/2024\/09\/Gael.jpg\" alt=\"\" class=\"wp-image-128\" srcset=\"https:\/\/wp.laas.fr\/wispers\/wp-content\/uploads\/sites\/5\/2024\/09\/Gael.jpg 423w, https:\/\/wp.laas.fr\/wispers\/wp-content\/uploads\/sites\/5\/2024\/09\/Gael-300x300.jpg 300w, https:\/\/wp.laas.fr\/wispers\/wp-content\/uploads\/sites\/5\/2024\/09\/Gael-150x150.jpg 150w\" sizes=\"auto, (max-width: 423px) 100vw, 423px\" \/><\/a><\/figure>\n\n\n\n<p class=\"has-text-align-center has-text-color has-link-color has-medium-font-size wp-elements-c8b5f11b39348c8a2ddb5654ee25e419\" style=\"color:#00294b;font-style:normal;font-weight:500\">Ga\u00ebl <br>LOUBET<\/p>\n<\/div>\n\n\n\n<div class=\"wp-block-column is-layout-flow wp-block-column-is-layout-flow\" style=\"flex-basis:25%\">\n<figure class=\"wp-block-image size-full is-style-rounded\"><a href=\"https:\/\/www.laas.fr\/fr\/annuaire\/214\"><img loading=\"lazy\" decoding=\"async\" width=\"423\" height=\"423\" src=\"https:\/\/wp.laas.fr\/wispers\/wp-content\/uploads\/sites\/5\/2024\/09\/Alex.jpg\" alt=\"\" class=\"wp-image-126\" srcset=\"https:\/\/wp.laas.fr\/wispers\/wp-content\/uploads\/sites\/5\/2024\/09\/Alex.jpg 423w, https:\/\/wp.laas.fr\/wispers\/wp-content\/uploads\/sites\/5\/2024\/09\/Alex-300x300.jpg 300w, https:\/\/wp.laas.fr\/wispers\/wp-content\/uploads\/sites\/5\/2024\/09\/Alex-150x150.jpg 150w\" sizes=\"auto, (max-width: 423px) 100vw, 423px\" \/><\/a><\/figure>\n\n\n\n<p class=\"has-text-align-center has-text-color has-link-color has-medium-font-size wp-elements-4220e10236f8884f1f3d8c2b72ed6e0e\" style=\"color:#00294b;font-style:normal;font-weight:500\">Alex<br>TAKACS<\/p>\n<\/div>\n<\/div>\n\n\n\n<p class=\"has-text-align-center\" style=\"font-style:normal;font-weight:700\">MEMS (Microsyt\u00e8me \u00e9lectro-m\u00e9canique)<\/p>\n\n\n\n<div class=\"wp-block-columns is-layout-flex wp-container-core-columns-is-layout-9d6595d7 wp-block-columns-is-layout-flex\">\n<div class=\"wp-block-column is-layout-flow wp-block-column-is-layout-flow\" style=\"flex-basis:25%\">\n<figure class=\"wp-block-image is-style-rounded\"><a href=\"https:\/\/www.laas.fr\/fr\/annuaire\/920\"><img loading=\"lazy\" decoding=\"async\" width=\"423\" height=\"423\" src=\"https:\/\/wp.laas.fr\/wispers\/wp-content\/uploads\/sites\/5\/2024\/09\/Mathilde-1.png\" alt=\"\" class=\"wp-image-133\" srcset=\"https:\/\/wp.laas.fr\/wispers\/wp-content\/uploads\/sites\/5\/2024\/09\/Mathilde-1.png 423w, https:\/\/wp.laas.fr\/wispers\/wp-content\/uploads\/sites\/5\/2024\/09\/Mathilde-1-300x300.png 300w, https:\/\/wp.laas.fr\/wispers\/wp-content\/uploads\/sites\/5\/2024\/09\/Mathilde-1-150x150.png 150w\" sizes=\"auto, (max-width: 423px) 100vw, 423px\" \/><\/a><\/figure>\n\n\n\n<p class=\"has-text-align-center has-text-color has-link-color has-medium-font-size wp-elements-89ab7e219b69ef596d70cd180df316e4\" style=\"color:#00294b;font-style:normal;font-weight:500\">Mathilde <br>ROIG<\/p>\n<\/div>\n\n\n\n<div class=\"wp-block-column is-layout-flow wp-block-column-is-layout-flow\" style=\"flex-basis:25%\">\n<figure class=\"wp-block-image size-full is-style-rounded\"><a href=\"https:\/\/www.laas.fr\/fr\/annuaire\/564\"><img loading=\"lazy\" decoding=\"async\" width=\"423\" height=\"423\" src=\"https:\/\/wp.laas.fr\/wispers\/wp-content\/uploads\/sites\/5\/2024\/09\/Dina.jpg\" alt=\"\" class=\"wp-image-132\" srcset=\"https:\/\/wp.laas.fr\/wispers\/wp-content\/uploads\/sites\/5\/2024\/09\/Dina.jpg 423w, https:\/\/wp.laas.fr\/wispers\/wp-content\/uploads\/sites\/5\/2024\/09\/Dina-300x300.jpg 300w, https:\/\/wp.laas.fr\/wispers\/wp-content\/uploads\/sites\/5\/2024\/09\/Dina-150x150.jpg 150w\" sizes=\"auto, (max-width: 423px) 100vw, 423px\" \/><\/a><\/figure>\n\n\n\n<p class=\"has-text-align-center has-text-color has-link-color has-medium-font-size wp-elements-a3d5c83726320af5a279fb7ee787998c\" style=\"color:#00294b;font-style:normal;font-weight:500\">Dina<br>ARVANITIS<\/p>\n<\/div>\n\n\n\n<div class=\"wp-block-column is-layout-flow wp-block-column-is-layout-flow\" style=\"flex-basis:25%\">\n<figure class=\"wp-block-image size-full is-style-rounded\"><a href=\"https:\/\/www.laas.fr\/fr\/annuaire\/79\"><img loading=\"lazy\" decoding=\"async\" width=\"423\" height=\"423\" src=\"https:\/\/wp.laas.fr\/wispers\/wp-content\/uploads\/sites\/5\/2024\/09\/Christian.png\" alt=\"\" class=\"wp-image-131\" srcset=\"https:\/\/wp.laas.fr\/wispers\/wp-content\/uploads\/sites\/5\/2024\/09\/Christian.png 423w, https:\/\/wp.laas.fr\/wispers\/wp-content\/uploads\/sites\/5\/2024\/09\/Christian-300x300.png 300w, https:\/\/wp.laas.fr\/wispers\/wp-content\/uploads\/sites\/5\/2024\/09\/Christian-150x150.png 150w\" sizes=\"auto, (max-width: 423px) 100vw, 423px\" \/><\/a><\/figure>\n\n\n\n<p class=\"has-text-align-center has-text-color has-link-color has-medium-font-size wp-elements-27b563edb64a65f5c4d422d067559b23\" style=\"color:#00294b;font-style:normal;font-weight:500\">Christian<br>BERGAUD<\/p>\n<\/div>\n\n\n\n<div class=\"wp-block-column is-layout-flow wp-block-column-is-layout-flow\" style=\"flex-basis:25%\" id=\"https:\/\/www.laas.fr\/fr\/annuaire\/312\">\n<figure class=\"wp-block-image size-full is-style-rounded\"><a href=\"https:\/\/www.laas.fr\/fr\/annuaire\/312\"><img loading=\"lazy\" decoding=\"async\" width=\"423\" height=\"423\" src=\"https:\/\/wp.laas.fr\/wispers\/wp-content\/uploads\/sites\/5\/2024\/09\/Vincent.jpg\" alt=\"\" class=\"wp-image-129\" srcset=\"https:\/\/wp.laas.fr\/wispers\/wp-content\/uploads\/sites\/5\/2024\/09\/Vincent.jpg 423w, https:\/\/wp.laas.fr\/wispers\/wp-content\/uploads\/sites\/5\/2024\/09\/Vincent-300x300.jpg 300w, https:\/\/wp.laas.fr\/wispers\/wp-content\/uploads\/sites\/5\/2024\/09\/Vincent-150x150.jpg 150w\" sizes=\"auto, (max-width: 423px) 100vw, 423px\" \/><\/a><\/figure>\n\n\n\n<p class=\"has-text-align-center has-text-color has-link-color has-medium-font-size wp-elements-4bd92276add2740100ba96d3e43f54c4\" style=\"color:#00294b;font-style:normal;font-weight:500\">Vincent<br>MANSARD<\/p>\n<\/div>\n<\/div>\n\n\n\n<p class=\"has-text-align-center\" style=\"font-style:normal;font-weight:700\">Plateformes technologiques (I2C et TEAM)<\/p>\n\n\n\n<div class=\"wp-block-columns is-layout-flex wp-container-core-columns-is-layout-9d6595d7 wp-block-columns-is-layout-flex\">\n<div class=\"wp-block-column is-layout-flow wp-block-column-is-layout-flow\" style=\"flex-basis:25%\">\n<figure class=\"wp-block-image size-full is-style-rounded\"><a href=\"https:\/\/www.laas.fr\/fr\/annuaire\/236\"><img loading=\"lazy\" decoding=\"async\" width=\"423\" height=\"423\" src=\"https:\/\/wp.laas.fr\/wispers\/wp-content\/uploads\/sites\/5\/2024\/09\/adrian.jpg\" alt=\"\" class=\"wp-image-124\" srcset=\"https:\/\/wp.laas.fr\/wispers\/wp-content\/uploads\/sites\/5\/2024\/09\/adrian.jpg 423w, https:\/\/wp.laas.fr\/wispers\/wp-content\/uploads\/sites\/5\/2024\/09\/adrian-300x300.jpg 300w, https:\/\/wp.laas.fr\/wispers\/wp-content\/uploads\/sites\/5\/2024\/09\/adrian-150x150.jpg 150w\" sizes=\"auto, (max-width: 423px) 100vw, 423px\" \/><\/a><\/figure>\n\n\n\n<p class=\"has-text-align-center has-text-color has-link-color has-medium-font-size wp-elements-e750c52f7315c9c3434c12e714e75f48\" style=\"color:#00294b;font-style:normal;font-weight:500\">Adrian<br>LABORDE<\/p>\n<\/div>\n\n\n\n<div class=\"wp-block-column is-layout-flow wp-block-column-is-layout-flow\" style=\"flex-basis:25%\">\n<figure class=\"wp-block-image size-full is-style-rounded\"><a href=\"https:\/\/www.laas.fr\/fr\/annuaire\/168\"><img loading=\"lazy\" decoding=\"async\" width=\"240\" height=\"240\" src=\"https:\/\/wp.laas.fr\/wispers\/wp-content\/uploads\/sites\/5\/2024\/09\/samuel.jpg\" alt=\"\" class=\"wp-image-123\" srcset=\"https:\/\/wp.laas.fr\/wispers\/wp-content\/uploads\/sites\/5\/2024\/09\/samuel.jpg 240w, https:\/\/wp.laas.fr\/wispers\/wp-content\/uploads\/sites\/5\/2024\/09\/samuel-150x150.jpg 150w\" sizes=\"auto, (max-width: 240px) 100vw, 240px\" \/><\/a><\/figure>\n\n\n\n<p class=\"has-text-align-center has-text-color has-link-color has-medium-font-size wp-elements-0310c4361d85ca0133feac10d728a0e2\" style=\"color:#00294b;font-style:normal;font-weight:500\">Samuel<br>CHARLOT<\/p>\n<\/div>\n\n\n\n<div class=\"wp-block-column is-layout-flow wp-block-column-is-layout-flow\" style=\"flex-basis:25%\">\n<figure class=\"wp-block-image size-full is-style-rounded\"><a href=\"https:\/\/www.laas.fr\/fr\/annuaire\/106\"><img loading=\"lazy\" decoding=\"async\" width=\"626\" height=\"626\" src=\"https:\/\/wp.laas.fr\/wispers\/wp-content\/uploads\/sites\/5\/2024\/09\/mysterieux-personnage-mafieux-chapeau_23-2148473223.avif\" alt=\"\" class=\"wp-image-136\" srcset=\"https:\/\/wp.laas.fr\/wispers\/wp-content\/uploads\/sites\/5\/2024\/09\/mysterieux-personnage-mafieux-chapeau_23-2148473223.avif 626w, https:\/\/wp.laas.fr\/wispers\/wp-content\/uploads\/sites\/5\/2024\/09\/mysterieux-personnage-mafieux-chapeau_23-2148473223-300x300.avif 300w, https:\/\/wp.laas.fr\/wispers\/wp-content\/uploads\/sites\/5\/2024\/09\/mysterieux-personnage-mafieux-chapeau_23-2148473223-150x150.avif 150w\" sizes=\"auto, (max-width: 626px) 100vw, 626px\" \/><\/a><\/figure>\n\n\n\n<p class=\"has-text-align-center has-text-color has-link-color has-medium-font-size wp-elements-962972c46a4159d61006dfbea1158658\" style=\"color:#00294b;font-style:normal;font-weight:500\">Pierre-Fran\u00e7ois<br>CALMON<\/p>\n<\/div>\n\n\n\n<div class=\"wp-block-column is-layout-flow wp-block-column-is-layout-flow\" style=\"flex-basis:25%\">\n<figure class=\"wp-block-image size-full is-style-rounded\"><a href=\"https:\/\/www.laas.fr\/fr\/annuaire\/216\"><img loading=\"lazy\" decoding=\"async\" width=\"626\" height=\"626\" src=\"https:\/\/wp.laas.fr\/wispers\/wp-content\/uploads\/sites\/5\/2024\/09\/mysterieux-personnage-mafieux-chapeau_23-2148473223-1.avif\" alt=\"\" class=\"wp-image-137\" srcset=\"https:\/\/wp.laas.fr\/wispers\/wp-content\/uploads\/sites\/5\/2024\/09\/mysterieux-personnage-mafieux-chapeau_23-2148473223-1.avif 626w, https:\/\/wp.laas.fr\/wispers\/wp-content\/uploads\/sites\/5\/2024\/09\/mysterieux-personnage-mafieux-chapeau_23-2148473223-1-300x300.avif 300w, https:\/\/wp.laas.fr\/wispers\/wp-content\/uploads\/sites\/5\/2024\/09\/mysterieux-personnage-mafieux-chapeau_23-2148473223-1-150x150.avif 150w\" sizes=\"auto, (max-width: 626px) 100vw, 626px\" \/><\/a><\/figure>\n\n\n\n<p class=\"has-text-align-center has-text-color has-link-color has-medium-font-size wp-elements-2dd58b183ceb683524bc8044011bd3f6\" style=\"color:#00294b;font-style:normal;font-weight:500\">Alexandre<br>RUMEAU<\/p>\n<\/div>\n<\/div>\n","protected":false},"excerpt":{"rendered":"<p>Pour r\u00e9pondre aux enjeux de ce projet, le projet se base sur consortium form\u00e9 autours de 2 \u00e9quipes bas\u00e9es au LAAS-CNRS \u2013 \u00e9quipe MINC et \u00e9quipe MEMS \u2013 et avec le soutient des plateformes technologiques du LAAS (I2C et TEAM) \u2022L&rsquo;\u00e9quipe MINC m\u00e8ne des recherches autours : des capteurs sans fils pour les environnements contraints [&hellip;]<\/p>\n","protected":false},"author":5,"featured_media":0,"parent":0,"menu_order":2,"comment_status":"closed","ping_status":"closed","template":"","meta":{"footnotes":""},"class_list":["post-10","page","type-page","status-publish","hentry","post"],"_links":{"self":[{"href":"https:\/\/wp.laas.fr\/wispers\/wp-json\/wp\/v2\/pages\/10","targetHints":{"allow":["GET"]}}],"collection":[{"href":"https:\/\/wp.laas.fr\/wispers\/wp-json\/wp\/v2\/pages"}],"about":[{"href":"https:\/\/wp.laas.fr\/wispers\/wp-json\/wp\/v2\/types\/page"}],"author":[{"embeddable":true,"href":"https:\/\/wp.laas.fr\/wispers\/wp-json\/wp\/v2\/users\/5"}],"replies":[{"embeddable":true,"href":"https:\/\/wp.laas.fr\/wispers\/wp-json\/wp\/v2\/comments?post=10"}],"version-history":[{"count":6,"href":"https:\/\/wp.laas.fr\/wispers\/wp-json\/wp\/v2\/pages\/10\/revisions"}],"predecessor-version":[{"id":166,"href":"https:\/\/wp.laas.fr\/wispers\/wp-json\/wp\/v2\/pages\/10\/revisions\/166"}],"wp:attachment":[{"href":"https:\/\/wp.laas.fr\/wispers\/wp-json\/wp\/v2\/media?parent=10"}],"curies":[{"name":"wp","href":"https:\/\/api.w.org\/{rel}","templated":true}]}}