{"id":8,"date":"2024-12-20T14:20:52","date_gmt":"2024-12-20T13:20:52","guid":{"rendered":"https:\/\/wp.laas.fr\/proof\/?page_id=8"},"modified":"2024-12-20T14:26:23","modified_gmt":"2024-12-20T13:26:23","slug":"moyens","status":"publish","type":"page","link":"https:\/\/wp.laas.fr\/proof\/moyens\/","title":{"rendered":"Moyens"},"content":{"rendered":"\n<p>La plateforme PROOF repose sur la <a href=\"https:\/\/www.laas.fr\/public\/fr\/plate-forme-caracterisation\" target=\"_blank\" rel=\"noreferrer noopener\">plateforme de caract\u00e9risation du LAAS-CNRS<\/a>, en particulier sur trois des quatre zones la constituant : \u00ab\u00a0\u00e9lectrique\u00a0\u00bb, \u00ab\u00a0hyperfr\u00e9quence\u00a0\u00bb et \u00ab\u00a0Optique et Photonique\u00a0\u00bb. D&rsquo;autres informations sont accessibles sur la <a href=\"https:\/\/www.laas.fr\/public\/sites\/www.laas.fr.public\/files\/general\/service-i2c\/pdf\/Plaquette%20Caracterisation-final.pdf\" target=\"_blank\" rel=\"noreferrer noopener\">plaquette de pr\u00e9sentation de cette plateforme<\/a> : acc\u00e8s, moyens&#8230;<\/p>\n\n\n\n<p>Les d\u00e9velopemenents et expertises associ\u00e9es adressent trois fili\u00e8res d\u00e9taill\u00e9s dans les sous-menus suivant :<\/p>\n\n\n\n<p>&#8211; <a href=\"https:\/\/www.laas.fr\/projects\/proof\/fili%C3%A8re-commutation-des-composants-de-puissance\" target=\"_blank\" rel=\"noreferrer noopener\">Fili\u00e8re commutation des composants de puissance<\/a><\/p>\n\n\n\n<p>&#8211; <a href=\"https:\/\/www.laas.fr\/projects\/proof\/fili%C3%A8re-des-composants-de-puissance-haute-fr%C3%A9quence\" target=\"_blank\" rel=\"noreferrer noopener\">Fili\u00e8re des composants de puissance haute fr\u00e9quence<\/a><\/p>\n\n\n\n<p>&#8211; <a href=\"https:\/\/www.laas.fr\/projects\/proof\/m%C3%A9canismes-de-d%C3%A9faillances\" target=\"_blank\" rel=\"noreferrer noopener\">M\u00e9canismes de d\u00e9faillance<\/a><\/p>\n","protected":false},"excerpt":{"rendered":"<p>La plateforme PROOF repose sur la plateforme de caract\u00e9risation du LAAS-CNRS, en particulier sur trois des quatre zones la constituant : \u00ab\u00a0\u00e9lectrique\u00a0\u00bb, \u00ab\u00a0hyperfr\u00e9quence\u00a0\u00bb et \u00ab\u00a0Optique et Photonique\u00a0\u00bb. D&rsquo;autres informations sont accessibles sur la plaquette de pr\u00e9sentation de cette plateforme : acc\u00e8s, moyens&#8230; Les d\u00e9velopemenents et expertises associ\u00e9es adressent trois fili\u00e8res d\u00e9taill\u00e9s dans les sous-menus suivant [&hellip;]<\/p>\n","protected":false},"author":61,"featured_media":0,"parent":0,"menu_order":0,"comment_status":"closed","ping_status":"closed","template":"","meta":{"footnotes":""},"class_list":["post-8","page","type-page","status-publish","hentry","post"],"_links":{"self":[{"href":"https:\/\/wp.laas.fr\/proof\/wp-json\/wp\/v2\/pages\/8","targetHints":{"allow":["GET"]}}],"collection":[{"href":"https:\/\/wp.laas.fr\/proof\/wp-json\/wp\/v2\/pages"}],"about":[{"href":"https:\/\/wp.laas.fr\/proof\/wp-json\/wp\/v2\/types\/page"}],"author":[{"embeddable":true,"href":"https:\/\/wp.laas.fr\/proof\/wp-json\/wp\/v2\/users\/61"}],"replies":[{"embeddable":true,"href":"https:\/\/wp.laas.fr\/proof\/wp-json\/wp\/v2\/comments?post=8"}],"version-history":[{"count":2,"href":"https:\/\/wp.laas.fr\/proof\/wp-json\/wp\/v2\/pages\/8\/revisions"}],"predecessor-version":[{"id":26,"href":"https:\/\/wp.laas.fr\/proof\/wp-json\/wp\/v2\/pages\/8\/revisions\/26"}],"wp:attachment":[{"href":"https:\/\/wp.laas.fr\/proof\/wp-json\/wp\/v2\/media?parent=8"}],"curies":[{"name":"wp","href":"https:\/\/api.w.org\/{rel}","templated":true}]}}