{"id":7,"date":"2024-12-20T14:20:52","date_gmt":"2024-12-20T13:20:52","guid":{"rendered":"https:\/\/wp.laas.fr\/proof\/?page_id=7"},"modified":"2024-12-20T14:25:30","modified_gmt":"2024-12-20T13:25:30","slug":"au-sujet-de-proof","status":"publish","type":"page","link":"https:\/\/wp.laas.fr\/proof\/au-sujet-de-proof\/","title":{"rendered":"Au sujet de PROOF"},"content":{"rendered":"\n<h1 class=\"wp-block-heading\" id=\"page-title\">Qui sommes-nous ?<\/h1>\n\n\n\n<p>Le <a href=\"http:\/\/www.laas.fr\" target=\"_blank\" rel=\"noreferrer noopener\">LAAS-CNRS<\/a> est le porteur de cette plateforme ; ce projet f\u00e9d\u00e8re de nombreux d\u00e9partements de recherche ainsi qu&rsquo;un service technique :<\/p>\n\n\n\n<ul class=\"wp-block-list\">\n<li>les d\u00e9partements<a href=\"https:\/\/www.laas.fr\/fr\/recherche\/ge\/\"> <\/a>\u00ab\u00a0<a href=\"https:\/\/www.laas.fr\/fr\/recherche\/ge\/\">Gestion de l&rsquo;Energie<\/a>\u00ab\u00a0, \u00ab\u00a0<a href=\"https:\/\/www.laas.fr\/fr\/recherche\/hopes\/\" target=\"_blank\" rel=\"noreferrer noopener\">Hyperfr\u00e9quences et Optique : de l\u2019Electromagn\u00e9tisme aux Syst\u00e8mes<\/a>\u00a0\u00bb et \u00ab\u00a0<a href=\"https:\/\/www.laas.fr\/fr\/recherche\/mnbt\/\" target=\"_blank\" rel=\"noreferrer noopener\">Micro Nano Bio Technologies<\/a>\u00ab\u00a0,<\/li>\n\n\n\n<li>le service \u00ab\u00a0<a href=\"https:\/\/www.laas.fr\/fr\/services\/i2c\/\" target=\"_blank\" rel=\"noreferrer noopener\">Instrumentation, Conception, Caract\u00e9risation<\/a>\u00ab\u00a0.<\/li>\n<\/ul>\n\n\n\n<p>Les membres int\u00e9gr\u00e9s \u00e0 ce projet sont :<\/p>\n\n\n\n<h2 class=\"wp-block-heading\"><strong>Responsable du projet<\/strong><\/h2>\n\n\n\n<figure class=\"wp-block-table\"><table class=\"has-fixed-layout\"><tbody><tr><td>Laurent Bary<\/td><td>Ing\u00e9nieur de Recherche, CNRS<\/td><td>05.61.33.78.93<\/td><td><a href=\"mailto:laurent.bary@laas.fr\">laurent.bary@laas.fr<\/a><\/td><\/tr><\/tbody><\/table><\/figure>\n\n\n\n<h2 class=\"wp-block-heading\"><strong>Fili\u00e8re composants de puissance\/commutation<\/strong><\/h2>\n\n\n\n<figure class=\"wp-block-table\"><table class=\"has-fixed-layout\"><tbody><tr><td>Karine Isoird<\/td><td>Ma\u00eetre de Conf\u00e9rences, Universit\u00e9 de Toulouse III Paul Sabatier<\/td><td>05.61.33.64.95<\/td><td><a href=\"mailto:karine.isoird@laas.fr\">karine.isoird@laas.fr<\/a><\/td><\/tr><tr><td>Nicolas Mauran<\/td><td>Ing\u00e9nieur de Recherches, CNRS<\/td><td>05.61.33.62.69<\/td><td><a href=\"mailto:nicolas.mauran@laas.fr\">nicolas.mauran@laas.fr<\/a><\/td><\/tr><tr><td>Fr\u00e9d\u00e9ric Morancho<\/td><td>Professeur, Universit\u00e9 de Toulouse III Paul Sabatier<\/td><td>05.61.33.64.88<\/td><td><a href=\"mailto:frederic.morancho@laas.fr\">frederic.morancho@laas.fr<\/a><\/td><\/tr><tr><td>Lucas Moreau<\/td><td>Ing\u00e9nieur de Recherche, CNRS<\/td><td>05.61.33.69.73<\/td><td><a href=\"mailto:lucas.moreau@laas.fr\">lucas.moreau@laas.fr<\/a><\/td><\/tr><tr><td>Josiane Tasselli<\/td><td>Charg\u00e9 de Recherche, CNRS<\/td><td>05.61.33.69.45<\/td><td><a href=\"mailto:josiane.tasselli@laas.fr\">josiane.tasselli@laas.fr<\/a><\/td><\/tr><tr><td>Patrick Tounsi<\/td><td>Ma\u00eetre de Conf\u00e9rences, INSA Toulouse<\/td><td>05.61.33.62.82<\/td><td><a href=\"mailto:patrick.tounsi@laas.fr\">patrick.tounsi@laas.fr<\/a><\/td><\/tr><tr><td>Davide Tr\u00e9mouilles<\/td><td>Charg\u00e9 de Recherche, CNRS<\/td><td>05.61.33.68.87<\/td><td><a href=\"mailto:david.tremouilles@laas.fr\">david.tremouilles@laas.fr<\/a><\/td><\/tr><\/tbody><\/table><\/figure>\n\n\n\n<h2 class=\"wp-block-heading\"><strong>Fili\u00e8re composants hyperfr\u00e9quences<\/strong><\/h2>\n\n\n\n<figure class=\"wp-block-table\"><table class=\"has-fixed-layout\"><tbody><tr><td>Alexandre Rumeau<\/td><td>Assistant Ing\u00e9nieur, CNRS<\/td><td>05.61.33.68.97<\/td><td><a href=\"mailto:alexandre.rumeau@laas.fr\">alexandre.rumeau@laas.fr<\/a><\/td><\/tr><tr><td>Damien Saugnon<\/td><td>Ing\u00e9nieur de Recherche, CNRS<\/td><td>05.61.33.63.58<\/td><td><a href=\"mailto:damien.saugnon@laas.fr\">damien.saugnon@laas.fr<\/a><\/td><\/tr><tr><td>Jean-Guy Tartarin<\/td><td>Professeur, Universit\u00e9 de Toulouse III Paul Sabatier<\/td><td>05.61.33.79.96<\/td><td><a href=\"mailto:jean-guy.tartarin@laas.fr\">jean-guy.tartarin@laas.fr<\/a><\/td><\/tr><\/tbody><\/table><\/figure>\n\n\n\n<h2 class=\"wp-block-heading\"><strong>M\u00e9canismes de d\u00e9faillance<\/strong><\/h2>\n\n\n\n<figure class=\"wp-block-table\"><table class=\"has-fixed-layout\"><tbody><tr><td>Elena Bedel-Pereira<\/td><td>Charg\u00e9 de Recherche CNRS<\/td><td>05.61.33.64.32<\/td><td><a href=\"mailto:elena.bedel@laas.fr\">elena.bedel@laas.fr<\/a><\/td><\/tr><tr><td>Richard Monflier<\/td><td>Ing\u00e9nieur de Recherche CNRS<\/td><td>05.61.33.78.34<\/td><td><a href=\"mailto:richard.monflier@laas.fr\">richard.monflier@laas.fr<\/a><\/td><\/tr><tr><td>Julien Roul<\/td><td>Ing\u00e9nieur de Recherche, Universit\u00e9 de Toulouse III Paul Sabatier<\/td><td>05.61.33.68.06<\/td><td><a href=\"mailto:julien.roul@laas.fr\">julien.roul@laas.fr<\/a><\/td><\/tr><\/tbody><\/table><\/figure>\n","protected":false},"excerpt":{"rendered":"<p>Qui sommes-nous ? Le LAAS-CNRS est le porteur de cette plateforme ; ce projet f\u00e9d\u00e8re de nombreux d\u00e9partements de recherche ainsi qu&rsquo;un service technique : Les membres int\u00e9gr\u00e9s \u00e0 ce projet sont : Responsable du projet Laurent Bary Ing\u00e9nieur de Recherche, CNRS 05.61.33.78.93 laurent.bary@laas.fr Fili\u00e8re composants de puissance\/commutation Karine Isoird Ma\u00eetre de Conf\u00e9rences, Universit\u00e9 de [&hellip;]<\/p>\n","protected":false},"author":61,"featured_media":0,"parent":0,"menu_order":0,"comment_status":"closed","ping_status":"closed","template":"","meta":{"footnotes":""},"class_list":["post-7","page","type-page","status-publish","hentry","post"],"_links":{"self":[{"href":"https:\/\/wp.laas.fr\/proof\/wp-json\/wp\/v2\/pages\/7","targetHints":{"allow":["GET"]}}],"collection":[{"href":"https:\/\/wp.laas.fr\/proof\/wp-json\/wp\/v2\/pages"}],"about":[{"href":"https:\/\/wp.laas.fr\/proof\/wp-json\/wp\/v2\/types\/page"}],"author":[{"embeddable":true,"href":"https:\/\/wp.laas.fr\/proof\/wp-json\/wp\/v2\/users\/61"}],"replies":[{"embeddable":true,"href":"https:\/\/wp.laas.fr\/proof\/wp-json\/wp\/v2\/comments?post=7"}],"version-history":[{"count":2,"href":"https:\/\/wp.laas.fr\/proof\/wp-json\/wp\/v2\/pages\/7\/revisions"}],"predecessor-version":[{"id":24,"href":"https:\/\/wp.laas.fr\/proof\/wp-json\/wp\/v2\/pages\/7\/revisions\/24"}],"wp:attachment":[{"href":"https:\/\/wp.laas.fr\/proof\/wp-json\/wp\/v2\/media?parent=7"}],"curies":[{"name":"wp","href":"https:\/\/api.w.org\/{rel}","templated":true}]}}