{"id":7,"date":"2025-03-04T13:44:55","date_gmt":"2025-03-04T12:44:55","guid":{"rendered":"https:\/\/wp.laas.fr\/ipatro\/termes-et-conditions\/"},"modified":"2025-10-20T13:26:31","modified_gmt":"2025-10-20T11:26:31","slug":"consortium","status":"publish","type":"page","link":"https:\/\/wp.laas.fr\/ipatro\/consortium\/","title":{"rendered":"Consortium"},"content":{"rendered":"\n<hr class=\"wp-block-separator has-alpha-channel-opacity\" \/>\n\n\n\n<h4 class=\"wp-block-heading\">Partenaires<\/h4>\n\n\n\n<figure class=\"wp-block-gallery has-nested-images columns-7 wp-block-gallery-1 is-layout-flex wp-block-gallery-is-layout-flex\">\n<figure class=\"wp-block-image size-full\"><img loading=\"lazy\" decoding=\"async\" width=\"1101\" height=\"339\" data-id=\"266\" src=\"https:\/\/wp.laas.fr\/ipatro\/wp-content\/uploads\/sites\/43\/2025\/04\/ANR-logo-2021-noir.png\" alt=\"\" class=\"wp-image-266\" srcset=\"https:\/\/wp.laas.fr\/ipatro\/wp-content\/uploads\/sites\/43\/2025\/04\/ANR-logo-2021-noir.png 1101w, https:\/\/wp.laas.fr\/ipatro\/wp-content\/uploads\/sites\/43\/2025\/04\/ANR-logo-2021-noir-300x92.png 300w, https:\/\/wp.laas.fr\/ipatro\/wp-content\/uploads\/sites\/43\/2025\/04\/ANR-logo-2021-noir-1024x315.png 1024w, https:\/\/wp.laas.fr\/ipatro\/wp-content\/uploads\/sites\/43\/2025\/04\/ANR-logo-2021-noir-768x236.png 768w\" sizes=\"auto, (max-width: 1101px) 100vw, 1101px\" \/><\/figure>\n\n\n\n<figure class=\"wp-block-image size-full\"><img loading=\"lazy\" decoding=\"async\" width=\"236\" height=\"172\" data-id=\"268\" src=\"https:\/\/wp.laas.fr\/ipatro\/wp-content\/uploads\/sites\/43\/2025\/04\/images.png\" alt=\"\" class=\"wp-image-268\" \/><\/figure>\n\n\n\n<figure class=\"wp-block-image size-full\"><img loading=\"lazy\" decoding=\"async\" width=\"1358\" height=\"709\" data-id=\"269\" src=\"https:\/\/wp.laas.fr\/ipatro\/wp-content\/uploads\/sites\/43\/2025\/04\/logo_clle.png\" alt=\"\" class=\"wp-image-269\" srcset=\"https:\/\/wp.laas.fr\/ipatro\/wp-content\/uploads\/sites\/43\/2025\/04\/logo_clle.png 1358w, https:\/\/wp.laas.fr\/ipatro\/wp-content\/uploads\/sites\/43\/2025\/04\/logo_clle-300x157.png 300w, https:\/\/wp.laas.fr\/ipatro\/wp-content\/uploads\/sites\/43\/2025\/04\/logo_clle-1024x535.png 1024w, https:\/\/wp.laas.fr\/ipatro\/wp-content\/uploads\/sites\/43\/2025\/04\/logo_clle-768x401.png 768w\" sizes=\"auto, (max-width: 1358px) 100vw, 1358px\" \/><\/figure>\n\n\n\n<figure class=\"wp-block-image size-full is-style-default\"><img loading=\"lazy\" decoding=\"async\" width=\"314\" height=\"161\" data-id=\"270\" src=\"https:\/\/wp.laas.fr\/ipatro\/wp-content\/uploads\/sites\/43\/2025\/04\/logo-laas-cnrs.png\" alt=\"\" class=\"wp-image-270\" srcset=\"https:\/\/wp.laas.fr\/ipatro\/wp-content\/uploads\/sites\/43\/2025\/04\/logo-laas-cnrs.png 314w, https:\/\/wp.laas.fr\/ipatro\/wp-content\/uploads\/sites\/43\/2025\/04\/logo-laas-cnrs-300x154.png 300w\" sizes=\"auto, (max-width: 314px) 100vw, 314px\" \/><\/figure>\n\n\n\n<figure class=\"wp-block-image size-medium is-style-default\"><img decoding=\"async\" data-id=\"267\" src=\"https:\/\/wp.laas.fr\/ipatro\/wp-content\/uploads\/sites\/43\/2025\/04\/CNRS-300x300.png\" alt=\"\" class=\"wp-image-267\" \/><\/figure>\n\n\n\n<figure class=\"wp-block-image size-full\"><img loading=\"lazy\" decoding=\"async\" width=\"512\" height=\"123\" data-id=\"271\" src=\"https:\/\/wp.laas.fr\/ipatro\/wp-content\/uploads\/sites\/43\/2025\/04\/Tlse2.png\" alt=\"\" class=\"wp-image-271\" srcset=\"https:\/\/wp.laas.fr\/ipatro\/wp-content\/uploads\/sites\/43\/2025\/04\/Tlse2.png 512w, https:\/\/wp.laas.fr\/ipatro\/wp-content\/uploads\/sites\/43\/2025\/04\/Tlse2-300x72.png 300w\" sizes=\"auto, (max-width: 512px) 100vw, 512px\" \/><\/figure>\n\n\n\n<figure class=\"wp-block-image size-full\"><img loading=\"lazy\" decoding=\"async\" width=\"600\" height=\"215\" data-id=\"272\" src=\"https:\/\/wp.laas.fr\/ipatro\/wp-content\/uploads\/sites\/43\/2025\/04\/U-Communaute-universites-etablissements-Toulouse_small_1.png\" alt=\"\" class=\"wp-image-272\" srcset=\"https:\/\/wp.laas.fr\/ipatro\/wp-content\/uploads\/sites\/43\/2025\/04\/U-Communaute-universites-etablissements-Toulouse_small_1.png 600w, https:\/\/wp.laas.fr\/ipatro\/wp-content\/uploads\/sites\/43\/2025\/04\/U-Communaute-universites-etablissements-Toulouse_small_1-300x108.png 300w\" sizes=\"auto, (max-width: 600px) 100vw, 600px\" \/><\/figure>\n\n\n\n<figure class=\"wp-block-image size-full\"><img loading=\"lazy\" decoding=\"async\" width=\"288\" height=\"90\" data-id=\"431\" src=\"https:\/\/wp.laas.fr\/ipatro\/wp-content\/uploads\/sites\/43\/2025\/06\/CHU.png\" alt=\"\" class=\"wp-image-431\" \/><\/figure>\n\n\n\n<figure class=\"wp-block-image size-full\"><img loading=\"lazy\" decoding=\"async\" width=\"300\" height=\"82\" data-id=\"432\" src=\"https:\/\/wp.laas.fr\/ipatro\/wp-content\/uploads\/sites\/43\/2025\/06\/HopeFor.png\" alt=\"\" class=\"wp-image-432\" \/><\/figure>\n<\/figure>\n\n\n\n<h4 class=\"wp-block-heading\">Membres du projet<\/h4>\n\n\n\n<div class=\"wp-block-columns is-layout-flex wp-container-core-columns-is-layout-9d6595d7 wp-block-columns-is-layout-flex\">\n<div class=\"wp-block-column is-layout-flow wp-block-column-is-layout-flow\" style=\"flex-basis:33.33%\"><div class=\"wp-block-image is-style-rounded\">\n<figure class=\"aligncenter size-full is-resized\"><img loading=\"lazy\" decoding=\"async\" width=\"2240\" height=\"2292\" src=\"https:\/\/wp.laas.fr\/ipatro\/wp-content\/uploads\/sites\/43\/2025\/10\/Photo_Margo-1.png\" alt=\"\" class=\"wp-image-501\" style=\"width:224px;height:auto\" srcset=\"https:\/\/wp.laas.fr\/ipatro\/wp-content\/uploads\/sites\/43\/2025\/10\/Photo_Margo-1.png 2240w, https:\/\/wp.laas.fr\/ipatro\/wp-content\/uploads\/sites\/43\/2025\/10\/Photo_Margo-1-293x300.png 293w, https:\/\/wp.laas.fr\/ipatro\/wp-content\/uploads\/sites\/43\/2025\/10\/Photo_Margo-1-1001x1024.png 1001w, https:\/\/wp.laas.fr\/ipatro\/wp-content\/uploads\/sites\/43\/2025\/10\/Photo_Margo-1-768x786.png 768w, https:\/\/wp.laas.fr\/ipatro\/wp-content\/uploads\/sites\/43\/2025\/10\/Photo_Margo-1-1501x1536.png 1501w, https:\/\/wp.laas.fr\/ipatro\/wp-content\/uploads\/sites\/43\/2025\/10\/Photo_Margo-1-2002x2048.png 2002w\" sizes=\"auto, (max-width: 2240px) 100vw, 2240px\" \/><\/figure>\n<\/div><\/div>\n\n\n\n<div class=\"wp-block-column is-layout-flow wp-block-column-is-layout-flow\" style=\"flex-basis:66.66%\">\n<p><strong>Margo Biret<\/strong>, doctorante <\/p>\n\n\n\n<p>ENAC-Lab, Toulouse &amp; LAAS-CNRS, Toulouse<\/p>\n\n\n\n<blockquote class=\"wp-block-quote is-layout-flow wp-block-quote-is-layout-flow\">\n<p>\u00ab\u00a0&#8230;\u00a0\u00bb<\/p>\n<\/blockquote>\n<\/div>\n<\/div>\n\n\n\n<div class=\"wp-block-columns is-layout-flex wp-container-core-columns-is-layout-9d6595d7 wp-block-columns-is-layout-flex\">\n<div class=\"wp-block-column is-layout-flow wp-block-column-is-layout-flow\" style=\"flex-basis:33.33%\"><div class=\"wp-block-image is-style-rounded\">\n<figure class=\"aligncenter size-full\"><img loading=\"lazy\" decoding=\"async\" width=\"200\" height=\"259\" src=\"https:\/\/wp.laas.fr\/ipatro\/wp-content\/uploads\/sites\/43\/2025\/04\/192276.jpg\" alt=\"\" class=\"wp-image-288\" \/><\/figure>\n<\/div><\/div>\n\n\n\n<div class=\"wp-block-column is-layout-flow wp-block-column-is-layout-flow\" style=\"flex-basis:66.66%\">\n<p><strong>Nolwenn Gauer<\/strong>, doctorante <a href=\"https:\/\/orcid.org\/0009-0003-7102-6988\">https:\/\/orcid.org\/0009-0003-7102-6988<\/a><\/p>\n\n\n\n<p>Laboratoire CLLE, Toulouse 2 Jean Jaur\u00e8s &amp; LAAS-CNRS, Toulouse<\/p>\n\n\n\n<blockquote class=\"wp-block-quote is-layout-flow wp-block-quote-is-layout-flow\">\n<p>Dot\u00e9e d&rsquo;une approche m\u00e9thodique, j&rsquo;allie rigueur scientifique et cr\u00e9ativit\u00e9 pour concevoir des exp\u00e9riences utilisateur optimis\u00e9es, engageantes et intuitives. Mon objectif est de comprendre profond\u00e9ment les utilisateurs afin de r\u00e9pondre \u00e0 leurs besoins sp\u00e9cifiques tout en respectant les contraintes et exigences du projet.<\/p>\n<\/blockquote>\n<\/div>\n<\/div>\n\n\n\n<div style=\"height:7px\" aria-hidden=\"true\" class=\"wp-block-spacer\"><\/div>\n\n\n\n<div class=\"wp-block-columns is-layout-flex wp-container-core-columns-is-layout-9d6595d7 wp-block-columns-is-layout-flex\">\n<div class=\"wp-block-column is-layout-flow wp-block-column-is-layout-flow\" style=\"flex-basis:33.33%\"><div class=\"wp-block-image is-style-rounded\">\n<figure class=\"aligncenter size-full\"><img loading=\"lazy\" decoding=\"async\" width=\"236\" height=\"236\" src=\"https:\/\/wp.laas.fr\/ipatro\/wp-content\/uploads\/sites\/43\/2025\/04\/5472d1b09d3d724228109d381d617326.jpg\" alt=\"\" class=\"wp-image-154\" srcset=\"https:\/\/wp.laas.fr\/ipatro\/wp-content\/uploads\/sites\/43\/2025\/04\/5472d1b09d3d724228109d381d617326.jpg 236w, https:\/\/wp.laas.fr\/ipatro\/wp-content\/uploads\/sites\/43\/2025\/04\/5472d1b09d3d724228109d381d617326-150x150.jpg 150w\" sizes=\"auto, (max-width: 236px) 100vw, 236px\" \/><\/figure>\n<\/div><\/div>\n\n\n\n<div class=\"wp-block-column is-layout-flow wp-block-column-is-layout-flow\" style=\"flex-basis:66.66%\">\n<p><strong>Adrien Vign\u00e9<\/strong>, doctorant <a href=\"https:\/\/orcid.org\/0009-0003-0958-2596\">https:\/\/orcid.org\/0009-0003-0958-2596<\/a><\/p>\n\n\n\n<p>LAAS-CNRS, Toulouse<\/p>\n\n\n\n<blockquote class=\"wp-block-quote is-layout-flow wp-block-quote-is-layout-flow\">\n<p>\u00ab\u00a0&#8230;\u00a0\u00bb<\/p>\n<\/blockquote>\n<\/div>\n<\/div>\n\n\n\n<div style=\"height:7px\" aria-hidden=\"true\" class=\"wp-block-spacer\"><\/div>\n\n\n\n<div class=\"wp-block-columns is-layout-flex wp-container-core-columns-is-layout-9d6595d7 wp-block-columns-is-layout-flex\">\n<div class=\"wp-block-column is-layout-flow wp-block-column-is-layout-flow\" style=\"flex-basis:33.33%\"><div class=\"wp-block-image is-style-rounded\">\n<figure class=\"aligncenter size-full is-resized\"><img loading=\"lazy\" decoding=\"async\" width=\"2560\" height=\"2498\" src=\"https:\/\/wp.laas.fr\/ipatro\/wp-content\/uploads\/sites\/43\/2025\/10\/Rectangle-18-2-scaled.png\" alt=\"\" class=\"wp-image-511\" style=\"width:226px;height:auto\" srcset=\"https:\/\/wp.laas.fr\/ipatro\/wp-content\/uploads\/sites\/43\/2025\/10\/Rectangle-18-2-scaled.png 2560w, https:\/\/wp.laas.fr\/ipatro\/wp-content\/uploads\/sites\/43\/2025\/10\/Rectangle-18-2-300x293.png 300w, https:\/\/wp.laas.fr\/ipatro\/wp-content\/uploads\/sites\/43\/2025\/10\/Rectangle-18-2-1024x999.png 1024w, https:\/\/wp.laas.fr\/ipatro\/wp-content\/uploads\/sites\/43\/2025\/10\/Rectangle-18-2-768x749.png 768w, https:\/\/wp.laas.fr\/ipatro\/wp-content\/uploads\/sites\/43\/2025\/10\/Rectangle-18-2-1536x1499.png 1536w, https:\/\/wp.laas.fr\/ipatro\/wp-content\/uploads\/sites\/43\/2025\/10\/Rectangle-18-2-2048x1999.png 2048w\" sizes=\"auto, (max-width: 2560px) 100vw, 2560px\" \/><\/figure>\n<\/div><\/div>\n\n\n\n<div class=\"wp-block-column is-layout-flow wp-block-column-is-layout-flow\" style=\"flex-basis:66.66%\">\n<p><strong>Oph\u00e9lie Carreras<\/strong>, enseignante-chercheuse <a href=\"https:\/\/orcid.org\/0009-0009-8007-5080\">https:\/\/orcid.org\/0009-0009-8007-5080<\/a><\/p>\n\n\n\n<p>Laboratoire CLLE, Toulouse 2 Jean Jaur\u00e8s<\/p>\n\n\n\n<blockquote class=\"wp-block-quote is-layout-flow wp-block-quote-is-layout-flow\">\n<p>J\u2019ai travaill\u00e9 plusieurs ann\u00e9es sur la question de la gestion du temps dans les environnements dynamiques : connaissances et repr\u00e9sentations temporelles, planification, anticipation, gestion des interruptions et r\u00e9alisation des intentions diff\u00e9r\u00e9es. Mes travaux se focalisent actuellement sur les processus cognitifs (attentionnels et mn\u00e9siques) mis en \u0153uvre dans les situations d\u2019apprentissage, et d\u2019interactions hommes-robots. Je m&rsquo;int\u00e9resse \u00e9galement \u00e0 la contribution des processus mn\u00e9siques dans l&rsquo;effet de v\u00e9rit\u00e9 et les croyances aux th\u00e9ories du complot.<\/p>\n<\/blockquote>\n<\/div>\n<\/div>\n\n\n\n<div style=\"height:7px\" aria-hidden=\"true\" class=\"wp-block-spacer\"><\/div>\n\n\n\n<div class=\"wp-block-columns is-layout-flex wp-container-core-columns-is-layout-9d6595d7 wp-block-columns-is-layout-flex\">\n<div class=\"wp-block-column is-layout-flow wp-block-column-is-layout-flow\" style=\"flex-basis:33.33%\"><div class=\"wp-block-image is-style-rounded\">\n<figure class=\"aligncenter size-full\"><img loading=\"lazy\" decoding=\"async\" width=\"240\" height=\"240\" src=\"https:\/\/wp.laas.fr\/ipatro\/wp-content\/uploads\/sites\/43\/2025\/05\/myself.width-800.jpg\" alt=\"\" class=\"wp-image-424\" srcset=\"https:\/\/wp.laas.fr\/ipatro\/wp-content\/uploads\/sites\/43\/2025\/05\/myself.width-800.jpg 240w, https:\/\/wp.laas.fr\/ipatro\/wp-content\/uploads\/sites\/43\/2025\/05\/myself.width-800-150x150.jpg 150w\" sizes=\"auto, (max-width: 240px) 100vw, 240px\" \/><\/figure>\n<\/div><\/div>\n\n\n\n<div class=\"wp-block-column is-layout-flow wp-block-column-is-layout-flow\" style=\"flex-basis:66.66%\">\n<p><strong>Aur\u00e9lie Clodic<\/strong>, ing\u00e9nieure de recherche <a href=\"https:\/\/orcid.org\/0009-0009-6484-8143\">https:\/\/orcid.org\/0009-0009-6484-8143<\/a><\/p>\n\n\n\n<p>LAAS-CNRS, Toulouse<\/p>\n\n\n\n<blockquote class=\"wp-block-quote is-layout-flow wp-block-quote-is-layout-flow\">\n<p>Mes recherches portent sur la supervision des t\u00e2ches collaboratives homme-robot, ainsi que sur la conception et la mise en \u0153uvre d\u2019architectures robotiques d\u00e9di\u00e9es \u00e0 l\u2019interaction homme-robot. Je m\u2019int\u00e9resse \u00e9galement aux apports de la philosophie et de la psychologie dans la compr\u00e9hension de l\u2019interaction en g\u00e9n\u00e9ral, et de ses composantes sociales en particulier.<\/p>\n<\/blockquote>\n<\/div>\n<\/div>\n\n\n\n<div style=\"height:7px\" aria-hidden=\"true\" class=\"wp-block-spacer\"><\/div>\n\n\n\n<div class=\"wp-block-columns is-layout-flex wp-container-core-columns-is-layout-9d6595d7 wp-block-columns-is-layout-flex\">\n<div class=\"wp-block-column is-layout-flow wp-block-column-is-layout-flow\" style=\"flex-basis:33.33%\"><div class=\"wp-block-image is-style-rounded\">\n<figure class=\"aligncenter size-full is-resized\"><img loading=\"lazy\" decoding=\"async\" width=\"2361\" height=\"2368\" src=\"https:\/\/wp.laas.fr\/ipatro\/wp-content\/uploads\/sites\/43\/2025\/06\/Anke-Brock-2-min-2.jpg\" alt=\"\" class=\"wp-image-452\" style=\"width:225px;height:auto\" srcset=\"https:\/\/wp.laas.fr\/ipatro\/wp-content\/uploads\/sites\/43\/2025\/06\/Anke-Brock-2-min-2.jpg 2361w, https:\/\/wp.laas.fr\/ipatro\/wp-content\/uploads\/sites\/43\/2025\/06\/Anke-Brock-2-min-2-300x300.jpg 300w, https:\/\/wp.laas.fr\/ipatro\/wp-content\/uploads\/sites\/43\/2025\/06\/Anke-Brock-2-min-2-1021x1024.jpg 1021w, https:\/\/wp.laas.fr\/ipatro\/wp-content\/uploads\/sites\/43\/2025\/06\/Anke-Brock-2-min-2-150x150.jpg 150w, https:\/\/wp.laas.fr\/ipatro\/wp-content\/uploads\/sites\/43\/2025\/06\/Anke-Brock-2-min-2-768x770.jpg 768w, https:\/\/wp.laas.fr\/ipatro\/wp-content\/uploads\/sites\/43\/2025\/06\/Anke-Brock-2-min-2-1531x1536.jpg 1531w, https:\/\/wp.laas.fr\/ipatro\/wp-content\/uploads\/sites\/43\/2025\/06\/Anke-Brock-2-min-2-2042x2048.jpg 2042w\" sizes=\"auto, (max-width: 2361px) 100vw, 2361px\" \/><\/figure>\n<\/div><\/div>\n\n\n\n<div class=\"wp-block-column is-layout-flow wp-block-column-is-layout-flow\" style=\"flex-basis:66.66%\">\n<p><strong>Anke Brock<\/strong>, enseignante-chercheuse <a href=\"https:\/\/orcid.org\/0000-0002-0017-396X\">https:\/\/orcid.org\/0000-0002-0017-396X<\/a><\/p>\n\n\n\n<p>ENAC, Toulouse<\/p>\n\n\n\n<blockquote class=\"wp-block-quote is-layout-flow wp-block-quote-is-layout-flow\">\n<p>Je suis passionn\u00e9e par l\u2019application de m\u00e9thodes de conception centr\u00e9e utilisateur et de principes de design inclusif \u00e0 un large \u00e9ventail d\u2019utilisateurs. Je con\u00e7ois, d\u00e9veloppe et \u00e9value des technologies destin\u00e9es \u00e0 des personnes pr\u00e9sentant divers types de d\u00e9ficiences, ainsi que des technologies pour des utilisateurs sans handicap, mais confront\u00e9s \u00e0 des limitations dans des situations sp\u00e9cifiques. Mon objectif est \u00e9galement d\u2019explorer comment ces technologies pourraient augmenter les capacit\u00e9s des utilisateurs ne pr\u00e9sentant ni d\u00e9ficiences personnelles ni limitations situationnelles.<\/p>\n<\/blockquote>\n<\/div>\n<\/div>\n\n\n\n<div style=\"height:7px\" aria-hidden=\"true\" class=\"wp-block-spacer\"><\/div>\n\n\n\n<div class=\"wp-block-columns is-layout-flex wp-container-core-columns-is-layout-9d6595d7 wp-block-columns-is-layout-flex\">\n<div class=\"wp-block-column is-layout-flow wp-block-column-is-layout-flow\" style=\"flex-basis:33.33%\"><div class=\"wp-block-image is-style-rounded\">\n<figure class=\"aligncenter size-full is-resized\"><img loading=\"lazy\" decoding=\"async\" width=\"200\" height=\"200\" src=\"https:\/\/wp.laas.fr\/ipatro\/wp-content\/uploads\/sites\/43\/2025\/06\/1746176046490.jpeg\" alt=\"\" class=\"wp-image-437\" style=\"width:237px;height:auto\" srcset=\"https:\/\/wp.laas.fr\/ipatro\/wp-content\/uploads\/sites\/43\/2025\/06\/1746176046490.jpeg 200w, https:\/\/wp.laas.fr\/ipatro\/wp-content\/uploads\/sites\/43\/2025\/06\/1746176046490-150x150.jpeg 150w\" sizes=\"auto, (max-width: 200px) 100vw, 200px\" \/><\/figure>\n<\/div><\/div>\n\n\n\n<div class=\"wp-block-column is-layout-flow wp-block-column-is-layout-flow\" style=\"flex-basis:66.66%\">\n<p><strong>Ismail Al Riyami<\/strong>, ing\u00e9nieur apprenti<\/p>\n\n\n\n<p>ENSEEIHT &amp; LAAS-CNRS, Toulouse<\/p>\n\n\n\n<blockquote class=\"wp-block-quote is-layout-flow wp-block-quote-is-layout-flow\">\n<p>Passionn\u00e9 par la robotique et le d\u00e9veloppement logiciel, je m&rsquo;int\u00e9resse particuli\u00e8rement \u00e0 la conception de syst\u00e8mes interactifs visant \u00e0 am\u00e9liorer la communication et collaboration entre humains et robots.<\/p>\n<\/blockquote>\n<\/div>\n<\/div>\n\n\n\n<div style=\"height:7px\" aria-hidden=\"true\" class=\"wp-block-spacer\"><\/div>\n\n\n\n<div class=\"wp-block-columns is-layout-flex wp-container-core-columns-is-layout-9d6595d7 wp-block-columns-is-layout-flex\">\n<div class=\"wp-block-column is-layout-flow wp-block-column-is-layout-flow\" style=\"flex-basis:33.33%\"><div class=\"wp-block-image is-style-rounded\">\n<figure class=\"aligncenter size-full is-resized\"><img loading=\"lazy\" decoding=\"async\" width=\"612\" height=\"674\" src=\"https:\/\/wp.laas.fr\/ipatro\/wp-content\/uploads\/sites\/43\/2025\/06\/kaminskiGwenael.jpg\" alt=\"\" class=\"wp-image-453\" style=\"width:221px;height:auto\" srcset=\"https:\/\/wp.laas.fr\/ipatro\/wp-content\/uploads\/sites\/43\/2025\/06\/kaminskiGwenael.jpg 612w, https:\/\/wp.laas.fr\/ipatro\/wp-content\/uploads\/sites\/43\/2025\/06\/kaminskiGwenael-272x300.jpg 272w\" sizes=\"auto, (max-width: 612px) 100vw, 612px\" \/><\/figure>\n<\/div><\/div>\n\n\n\n<div class=\"wp-block-column is-layout-flow wp-block-column-is-layout-flow\" style=\"flex-basis:66.66%\">\n<p><strong>Gwena\u00ebl Kaminski<\/strong>, enseignant-chercheur <a href=\"https:\/\/orcid.org\/0000-0001-5300-5655\">https:\/\/orcid.org\/0000-0001-5300-5655<\/a><\/p>\n\n\n\n<p>Laboratoire CLLE, Toulouse 2 Jean Jaur\u00e8s<\/p>\n\n\n\n<blockquote class=\"wp-block-quote is-layout-flow wp-block-quote-is-layout-flow\">\n<p>\u00ab\u00a0&#8230;\u00a0\u00bb<\/p>\n<\/blockquote>\n<\/div>\n<\/div>\n\n\n\n<div style=\"height:7px\" aria-hidden=\"true\" class=\"wp-block-spacer\"><\/div>\n\n\n\n<div class=\"wp-block-columns is-layout-flex wp-container-core-columns-is-layout-9d6595d7 wp-block-columns-is-layout-flex\">\n<div class=\"wp-block-column is-layout-flow wp-block-column-is-layout-flow\" style=\"flex-basis:33.33%\"><div class=\"wp-block-image is-style-rounded\">\n<figure class=\"aligncenter size-full\"><img loading=\"lazy\" decoding=\"async\" width=\"236\" height=\"236\" src=\"https:\/\/wp.laas.fr\/ipatro\/wp-content\/uploads\/sites\/43\/2025\/04\/5472d1b09d3d724228109d381d617326.jpg\" alt=\"\" class=\"wp-image-154\" srcset=\"https:\/\/wp.laas.fr\/ipatro\/wp-content\/uploads\/sites\/43\/2025\/04\/5472d1b09d3d724228109d381d617326.jpg 236w, https:\/\/wp.laas.fr\/ipatro\/wp-content\/uploads\/sites\/43\/2025\/04\/5472d1b09d3d724228109d381d617326-150x150.jpg 150w\" sizes=\"auto, (max-width: 236px) 100vw, 236px\" \/><\/figure>\n<\/div><\/div>\n\n\n\n<div class=\"wp-block-column is-layout-flow wp-block-column-is-layout-flow\" style=\"flex-basis:66.66%\">\n<p><strong>Matthieu Herrb<\/strong>, ing\u00e9nieur de recherche <a href=\"https:\/\/orcid.org\/0000-0003-3423-7295\">https:\/\/orcid.org\/0000-0003-3423-7295<\/a><\/p>\n\n\n\n<p>LAAS-CNRS, Toulouse<\/p>\n\n\n\n<blockquote class=\"wp-block-quote is-layout-flow wp-block-quote-is-layout-flow\">\n<p>\u00ab\u00a0&#8230;\u00a0\u00bb<\/p>\n<\/blockquote>\n<\/div>\n<\/div>\n\n\n\n<div style=\"height:7px\" aria-hidden=\"true\" class=\"wp-block-spacer\"><\/div>\n\n\n\n<div class=\"wp-block-columns is-layout-flex wp-container-core-columns-is-layout-9d6595d7 wp-block-columns-is-layout-flex\">\n<div class=\"wp-block-column is-layout-flow wp-block-column-is-layout-flow\" style=\"flex-basis:33.33%\"><div class=\"wp-block-image is-style-rounded\">\n<figure class=\"aligncenter size-full\"><img loading=\"lazy\" decoding=\"async\" width=\"236\" height=\"236\" src=\"https:\/\/wp.laas.fr\/ipatro\/wp-content\/uploads\/sites\/43\/2025\/04\/5472d1b09d3d724228109d381d617326.jpg\" alt=\"\" class=\"wp-image-154\" srcset=\"https:\/\/wp.laas.fr\/ipatro\/wp-content\/uploads\/sites\/43\/2025\/04\/5472d1b09d3d724228109d381d617326.jpg 236w, https:\/\/wp.laas.fr\/ipatro\/wp-content\/uploads\/sites\/43\/2025\/04\/5472d1b09d3d724228109d381d617326-150x150.jpg 150w\" sizes=\"auto, (max-width: 236px) 100vw, 236px\" \/><\/figure>\n<\/div><\/div>\n\n\n\n<div class=\"wp-block-column is-layout-flow wp-block-column-is-layout-flow\" style=\"flex-basis:66.66%\">\n<p><strong>Pierre-Vincent Paubel<\/strong>, ing\u00e9nieur de recherche <a href=\"https:\/\/orcid.org\/0000-0002-2376-4674\">https:\/\/orcid.org\/0000-0002-2376-4674<\/a><\/p>\n\n\n\n<p>Laboratoire CLLE, Toulouse 2 Jean Jaur\u00e8s<\/p>\n\n\n\n<blockquote class=\"wp-block-quote is-layout-flow wp-block-quote-is-layout-flow\">\n<p>\u00ab\u00a0&#8230;\u00a0\u00bb<\/p>\n<\/blockquote>\n<\/div>\n<\/div>\n\n\n\n<div style=\"height:7px\" aria-hidden=\"true\" class=\"wp-block-spacer\"><\/div>\n\n\n\n<div class=\"wp-block-columns is-layout-flex wp-container-core-columns-is-layout-9d6595d7 wp-block-columns-is-layout-flex\">\n<div class=\"wp-block-column is-layout-flow wp-block-column-is-layout-flow\" style=\"flex-basis:33.33%\"><div class=\"wp-block-image is-style-rounded\">\n<figure class=\"aligncenter size-full is-resized\"><img loading=\"lazy\" decoding=\"async\" width=\"699\" height=\"699\" src=\"https:\/\/wp.laas.fr\/ipatro\/wp-content\/uploads\/sites\/43\/2025\/10\/Izoulet_Photo-1.png\" alt=\"\" class=\"wp-image-512\" style=\"width:225px;height:auto\" srcset=\"https:\/\/wp.laas.fr\/ipatro\/wp-content\/uploads\/sites\/43\/2025\/10\/Izoulet_Photo-1.png 699w, https:\/\/wp.laas.fr\/ipatro\/wp-content\/uploads\/sites\/43\/2025\/10\/Izoulet_Photo-1-300x300.png 300w, https:\/\/wp.laas.fr\/ipatro\/wp-content\/uploads\/sites\/43\/2025\/10\/Izoulet_Photo-1-150x150.png 150w\" sizes=\"auto, (max-width: 699px) 100vw, 699px\" \/><\/figure>\n<\/div><\/div>\n\n\n\n<div class=\"wp-block-column is-layout-flow wp-block-column-is-layout-flow\" style=\"flex-basis:66.66%\">\n<p><strong>R\u00e9mi Izoulet<\/strong>, infirmier en pratiques avanc\u00e9es <\/p>\n\n\n\n<p>H\u00f4pital des enfants, Toulouse<\/p>\n\n\n\n<blockquote class=\"wp-block-quote is-layout-flow wp-block-quote-is-layout-flow\">\n<p>\u00ab\u00a0&#8230;\u00a0\u00bb<\/p>\n<\/blockquote>\n<\/div>\n<\/div>\n","protected":false},"excerpt":{"rendered":"<p>Partenaires Membres du projet Margo Biret, doctorante ENAC-Lab, Toulouse &amp; LAAS-CNRS, Toulouse \u00ab\u00a0&#8230;\u00a0\u00bb Nolwenn Gauer, doctorante https:\/\/orcid.org\/0009-0003-7102-6988 Laboratoire CLLE, Toulouse 2 Jean Jaur\u00e8s &amp; LAAS-CNRS, Toulouse Dot\u00e9e d&rsquo;une approche m\u00e9thodique, j&rsquo;allie rigueur scientifique et cr\u00e9ativit\u00e9 pour concevoir des exp\u00e9riences utilisateur optimis\u00e9es, engageantes et intuitives. Mon objectif est de comprendre profond\u00e9ment les utilisateurs afin de r\u00e9pondre [&hellip;]<\/p>\n","protected":false},"author":1,"featured_media":0,"parent":0,"menu_order":4,"comment_status":"closed","ping_status":"closed","template":"","meta":{"footnotes":""},"class_list":["post-7","page","type-page","status-publish","hentry","post"],"_links":{"self":[{"href":"https:\/\/wp.laas.fr\/ipatro\/wp-json\/wp\/v2\/pages\/7","targetHints":{"allow":["GET"]}}],"collection":[{"href":"https:\/\/wp.laas.fr\/ipatro\/wp-json\/wp\/v2\/pages"}],"about":[{"href":"https:\/\/wp.laas.fr\/ipatro\/wp-json\/wp\/v2\/types\/page"}],"author":[{"embeddable":true,"href":"https:\/\/wp.laas.fr\/ipatro\/wp-json\/wp\/v2\/users\/1"}],"replies":[{"embeddable":true,"href":"https:\/\/wp.laas.fr\/ipatro\/wp-json\/wp\/v2\/comments?post=7"}],"version-history":[{"count":62,"href":"https:\/\/wp.laas.fr\/ipatro\/wp-json\/wp\/v2\/pages\/7\/revisions"}],"predecessor-version":[{"id":519,"href":"https:\/\/wp.laas.fr\/ipatro\/wp-json\/wp\/v2\/pages\/7\/revisions\/519"}],"wp:attachment":[{"href":"https:\/\/wp.laas.fr\/ipatro\/wp-json\/wp\/v2\/media?parent=7"}],"curies":[{"name":"wp","href":"https:\/\/api.w.org\/{rel}","templated":true}]}}