{"id":522,"date":"2026-04-15T08:45:37","date_gmt":"2026-04-15T06:45:37","guid":{"rendered":"https:\/\/wp.laas.fr\/ipatro\/?page_id=522"},"modified":"2026-04-15T11:50:44","modified_gmt":"2026-04-15T09:50:44","slug":"workshops","status":"publish","type":"page","link":"https:\/\/wp.laas.fr\/ipatro\/workshops\/","title":{"rendered":"Workshops"},"content":{"rendered":"\n<p>We organize workshops regularly to discuss telepresence robotics challenges and share our project advancement.<\/p>\n\n\n\n<p><a href=\"https:\/\/wp.laas.fr\/ipatro\/workshops\/ihm-2025\/\" data-type=\"page\" data-id=\"464\">workshop at IHM&rsquo;25 <strong>Innovations et enjeux de la robotique de t\u00e9l\u00e9pr\u00e9sence francophone<\/strong>(in french)<\/a><\/p>\n\n\n\n<p><a href=\"https:\/\/wp.laas.fr\/ipatro\/workshops\/ro-man2026\/\" data-type=\"page\" data-id=\"525\">workshop at RO-MAN&rsquo;26 <strong>Telepresence Across Generations: Exploring Children\u2019s and Adults\u2019 Needs<\/strong><\/a><\/p>\n\n\n\n<p><\/p>\n","protected":false},"excerpt":{"rendered":"<p>We organize workshops regularly to discuss telepresence robotics challenges and share our project advancement. workshop at IHM&rsquo;25 Innovations et enjeux de la robotique de t\u00e9l\u00e9pr\u00e9sence francophone(in french) workshop at RO-MAN&rsquo;26 Telepresence Across Generations: Exploring Children\u2019s and Adults\u2019 Needs<\/p>\n","protected":false},"author":33,"featured_media":0,"parent":0,"menu_order":0,"comment_status":"closed","ping_status":"closed","template":"","meta":{"footnotes":""},"class_list":["post-522","page","type-page","status-publish","hentry","post"],"_links":{"self":[{"href":"https:\/\/wp.laas.fr\/ipatro\/wp-json\/wp\/v2\/pages\/522","targetHints":{"allow":["GET"]}}],"collection":[{"href":"https:\/\/wp.laas.fr\/ipatro\/wp-json\/wp\/v2\/pages"}],"about":[{"href":"https:\/\/wp.laas.fr\/ipatro\/wp-json\/wp\/v2\/types\/page"}],"author":[{"embeddable":true,"href":"https:\/\/wp.laas.fr\/ipatro\/wp-json\/wp\/v2\/users\/33"}],"replies":[{"embeddable":true,"href":"https:\/\/wp.laas.fr\/ipatro\/wp-json\/wp\/v2\/comments?post=522"}],"version-history":[{"count":3,"href":"https:\/\/wp.laas.fr\/ipatro\/wp-json\/wp\/v2\/pages\/522\/revisions"}],"predecessor-version":[{"id":537,"href":"https:\/\/wp.laas.fr\/ipatro\/wp-json\/wp\/v2\/pages\/522\/revisions\/537"}],"wp:attachment":[{"href":"https:\/\/wp.laas.fr\/ipatro\/wp-json\/wp\/v2\/media?parent=522"}],"curies":[{"name":"wp","href":"https:\/\/api.w.org\/{rel}","templated":true}]}}