{"id":36,"date":"2025-04-17T12:03:57","date_gmt":"2025-04-17T10:03:57","guid":{"rendered":"https:\/\/wp.laas.fr\/ipatro\/?page_id=36"},"modified":"2025-04-28T08:50:40","modified_gmt":"2025-04-28T06:50:40","slug":"home","status":"publish","type":"page","link":"https:\/\/wp.laas.fr\/ipatro\/","title":{"rendered":"Home"},"content":{"rendered":"\n<h2 class=\"wp-block-heading has-text-align-center\"><strong>Le projet IPaTRo, qu&rsquo;est-ce que c&rsquo;est ?<\/strong><\/h2>\n\n\n<div class=\"wp-block-image is-style-rounded\">\n<figure class=\"aligncenter size-large\"><img loading=\"lazy\" decoding=\"async\" width=\"1024\" height=\"207\" src=\"https:\/\/wp.laas.fr\/ipatro\/wp-content\/uploads\/sites\/43\/2025\/04\/Illu-IPATRO-1024x207.png\" alt=\"\" class=\"wp-image-332\" srcset=\"https:\/\/wp.laas.fr\/ipatro\/wp-content\/uploads\/sites\/43\/2025\/04\/Illu-IPATRO-1024x207.png 1024w, https:\/\/wp.laas.fr\/ipatro\/wp-content\/uploads\/sites\/43\/2025\/04\/Illu-IPATRO-300x61.png 300w, https:\/\/wp.laas.fr\/ipatro\/wp-content\/uploads\/sites\/43\/2025\/04\/Illu-IPATRO-768x155.png 768w, https:\/\/wp.laas.fr\/ipatro\/wp-content\/uploads\/sites\/43\/2025\/04\/Illu-IPATRO-1536x310.png 1536w, https:\/\/wp.laas.fr\/ipatro\/wp-content\/uploads\/sites\/43\/2025\/04\/Illu-IPATRO-2048x414.png 2048w\" sizes=\"auto, (max-width: 1024px) 100vw, 1024px\" \/><\/figure>\n<\/div>\n\n\n<p class=\"has-text-align-left\" style=\"font-size:15px\">Ce projet se situe dans le champ de la robotique sociale (Lambert et al. 2020, Sheridan, 2020). Les robots sociaux sont con\u00e7us sp\u00e9cifiquement pour des situations d\u2019interactions avec les humains. L\u2019apport crois\u00e9 de la robotique (et plus sp\u00e9cifiquement de l&rsquo;interaction humain-robot), de l\u2019informatique (et plus sp\u00e9cifiquement de l&rsquo;interaction humain-machine), de la psychologie et de l\u2019ergonomie cognitive (facteurs humains) permettra des avanc\u00e9es pour traiter les questions sp\u00e9cifiques de ce champ (acceptabilit\u00e9, interaction et communication).<\/p>\n\n\n\n<div class=\"wp-block-columns is-layout-flex wp-container-core-columns-is-layout-9d6595d7 wp-block-columns-is-layout-flex\">\n<div class=\"wp-block-column is-layout-flow wp-block-column-is-layout-flow\" style=\"flex-basis:50%\">\n<figure class=\"wp-block-image size-full is-style-default\"><img loading=\"lazy\" decoding=\"async\" width=\"1105\" height=\"396\" src=\"https:\/\/wp.laas.fr\/ipatro\/wp-content\/uploads\/sites\/43\/2025\/04\/Capture-decran-2025-04-23-121354.png\" alt=\"\" class=\"wp-image-130\" srcset=\"https:\/\/wp.laas.fr\/ipatro\/wp-content\/uploads\/sites\/43\/2025\/04\/Capture-decran-2025-04-23-121354.png 1105w, https:\/\/wp.laas.fr\/ipatro\/wp-content\/uploads\/sites\/43\/2025\/04\/Capture-decran-2025-04-23-121354-300x108.png 300w, https:\/\/wp.laas.fr\/ipatro\/wp-content\/uploads\/sites\/43\/2025\/04\/Capture-decran-2025-04-23-121354-1024x367.png 1024w, https:\/\/wp.laas.fr\/ipatro\/wp-content\/uploads\/sites\/43\/2025\/04\/Capture-decran-2025-04-23-121354-768x275.png 768w\" sizes=\"auto, (max-width: 1105px) 100vw, 1105px\" \/><\/figure>\n<\/div>\n\n\n\n<div class=\"wp-block-column is-layout-flow wp-block-column-is-layout-flow\" style=\"flex-basis:50%\">\n<p class=\"has-text-align-left\" style=\"font-size:15px\">Ce projet se focalise sur la situation d\u2019interaction via l\u2019utilisation d\u2019un robot de t\u00e9l\u00e9pr\u00e9sence dans un contexte d\u2019usage sp\u00e9cifique : celui des enfants hospitalis\u00e9s. L\u2019objectif est de construire un paradigme pour l\u2019interaction dans ces situations. Les robots de t\u00e9l\u00e9pr\u00e9sence sont utilis\u00e9s dans diff\u00e9rentes situations pour permettre \u00e0 des personnes isol\u00e9es, de fa\u00e7on ponctuelle ou permanente, de participer \u00e0 des interactions sociales (Zhang et Hansen, 2020). <\/p>\n<\/div>\n<\/div>\n\n\n\n<p class=\"has-text-align-left\" style=\"font-size:15px\">L\u2019objectif est donc d\u2019une part d\u2019analyser et mod\u00e9liser la situation d\u2019interaction en t\u00e9l\u00e9pr\u00e9sence dans le contexte de la sant\u00e9 (robot de t\u00e9l\u00e9pr\u00e9sence pour enfants hospitalis\u00e9s) pour en d\u00e9terminer les \u00e9l\u00e9ments les plus pertinents pour cr\u00e9er le sentiment de pr\u00e9sence et une interaction r\u00e9ussie se traduisant par une bonne acceptabilit\u00e9 et exp\u00e9rience utilisateur, et d\u2019autre part de cr\u00e9er un prototype de dispositif de m\u00e9diation de l\u2019interaction simple et adaptable et de le tester aupr\u00e8s des utilisateurs.<\/p>\n\n\n\n<div style=\"height:16px\" aria-hidden=\"true\" class=\"wp-block-spacer\"><\/div>\n\n\n\n<div class=\"wp-block-buttons is-content-justification-center is-layout-flex wp-container-core-buttons-is-layout-16018d1d wp-block-buttons-is-layout-flex\">\n<div class=\"wp-block-button is-style-fill\"><a class=\"wp-block-button__link wp-element-button\" href=\"https:\/\/anr.fr\/Projet-ANR-24-CE33-5498\" target=\"_blank\" rel=\"noreferrer noopener\">Projet ANR-24-CE33-5498<\/a><\/div>\n<\/div>\n\n\n\n<p><\/p>\n","protected":false},"excerpt":{"rendered":"<p>Le projet IPaTRo, qu&rsquo;est-ce que c&rsquo;est ? Ce projet se situe dans le champ de la robotique sociale (Lambert et al. 2020, Sheridan, 2020). Les robots sociaux sont con\u00e7us sp\u00e9cifiquement pour des situations d\u2019interactions avec les humains. L\u2019apport crois\u00e9 de la robotique (et plus sp\u00e9cifiquement de l&rsquo;interaction humain-robot), de l\u2019informatique (et plus sp\u00e9cifiquement de l&rsquo;interaction [&hellip;]<\/p>\n","protected":false},"author":77,"featured_media":0,"parent":0,"menu_order":0,"comment_status":"closed","ping_status":"closed","template":"home-panels.php","meta":{"footnotes":""},"class_list":["post-36","page","type-page","status-publish","hentry","post"],"_links":{"self":[{"href":"https:\/\/wp.laas.fr\/ipatro\/wp-json\/wp\/v2\/pages\/36","targetHints":{"allow":["GET"]}}],"collection":[{"href":"https:\/\/wp.laas.fr\/ipatro\/wp-json\/wp\/v2\/pages"}],"about":[{"href":"https:\/\/wp.laas.fr\/ipatro\/wp-json\/wp\/v2\/types\/page"}],"author":[{"embeddable":true,"href":"https:\/\/wp.laas.fr\/ipatro\/wp-json\/wp\/v2\/users\/77"}],"replies":[{"embeddable":true,"href":"https:\/\/wp.laas.fr\/ipatro\/wp-json\/wp\/v2\/comments?post=36"}],"version-history":[{"count":54,"href":"https:\/\/wp.laas.fr\/ipatro\/wp-json\/wp\/v2\/pages\/36\/revisions"}],"predecessor-version":[{"id":498,"href":"https:\/\/wp.laas.fr\/ipatro\/wp-json\/wp\/v2\/pages\/36\/revisions\/498"}],"wp:attachment":[{"href":"https:\/\/wp.laas.fr\/ipatro\/wp-json\/wp\/v2\/media?parent=36"}],"curies":[{"name":"wp","href":"https:\/\/api.w.org\/{rel}","templated":true}]}}