{"id":25,"date":"2025-04-16T10:41:22","date_gmt":"2025-04-16T08:41:22","guid":{"rendered":"https:\/\/wp.laas.fr\/ipatro\/?page_id=25"},"modified":"2025-05-06T10:51:20","modified_gmt":"2025-05-06T08:51:20","slug":"nous-contacter","status":"publish","type":"page","link":"https:\/\/wp.laas.fr\/ipatro\/nous-contacter\/","title":{"rendered":"Nous contacter"},"content":{"rendered":"\n<hr class=\"wp-block-separator has-alpha-channel-opacity\" \/>\n\n\n\n<div style=\"height:14px\" aria-hidden=\"true\" class=\"wp-block-spacer\"><\/div>\n\n\n\n<p class=\"has-text-align-center\">Pour toute demande relative au projet IPaTRo, vous pouvez nous \u00e9crire \u00e0 : <strong>ipatro.projet@laas.fr<\/strong><\/p>\n\n\n\n<div style=\"height:5px\" aria-hidden=\"true\" class=\"wp-block-spacer\"><\/div>\n\n\n\n<p class=\"has-text-align-center\"><em>Nous ne disposons pas de r\u00e9seaux sociaux officiels pour ce projet. Merci de privil\u00e9gier le contact par e-mail.<\/em><\/p>\n\n\n\n<div style=\"height:59px\" aria-hidden=\"true\" class=\"wp-block-spacer\"><\/div>\n\n\n\n<p><\/p>\n","protected":false},"excerpt":{"rendered":"<p>Pour toute demande relative au projet IPaTRo, vous pouvez nous \u00e9crire \u00e0 : ipatro.projet@laas.fr Nous ne disposons pas de r\u00e9seaux sociaux officiels pour ce projet. Merci de privil\u00e9gier le contact par e-mail.<\/p>\n","protected":false},"author":76,"featured_media":0,"parent":0,"menu_order":10,"comment_status":"open","ping_status":"closed","template":"","meta":{"footnotes":""},"class_list":["post-25","page","type-page","status-publish","hentry","post"],"_links":{"self":[{"href":"https:\/\/wp.laas.fr\/ipatro\/wp-json\/wp\/v2\/pages\/25","targetHints":{"allow":["GET"]}}],"collection":[{"href":"https:\/\/wp.laas.fr\/ipatro\/wp-json\/wp\/v2\/pages"}],"about":[{"href":"https:\/\/wp.laas.fr\/ipatro\/wp-json\/wp\/v2\/types\/page"}],"author":[{"embeddable":true,"href":"https:\/\/wp.laas.fr\/ipatro\/wp-json\/wp\/v2\/users\/76"}],"replies":[{"embeddable":true,"href":"https:\/\/wp.laas.fr\/ipatro\/wp-json\/wp\/v2\/comments?post=25"}],"version-history":[{"count":23,"href":"https:\/\/wp.laas.fr\/ipatro\/wp-json\/wp\/v2\/pages\/25\/revisions"}],"predecessor-version":[{"id":390,"href":"https:\/\/wp.laas.fr\/ipatro\/wp-json\/wp\/v2\/pages\/25\/revisions\/390"}],"wp:attachment":[{"href":"https:\/\/wp.laas.fr\/ipatro\/wp-json\/wp\/v2\/media?parent=25"}],"curies":[{"name":"wp","href":"https:\/\/api.w.org\/{rel}","templated":true}]}}