{"id":96,"date":"2024-12-05T12:39:07","date_gmt":"2024-12-05T12:39:07","guid":{"rendered":"https:\/\/wp.laas.fr\/ecolaas2\/?page_id=96"},"modified":"2025-01-08T10:13:15","modified_gmt":"2025-01-08T10:13:15","slug":"laasticot-le-potager-partage-ecoresponsable","status":"publish","type":"page","link":"https:\/\/wp.laas.fr\/ecolaas\/laasticot-le-potager-partage-ecoresponsable\/","title":{"rendered":"LAASticot \u2013 le potager partag\u00e9 \u00e9coresponsable"},"content":{"rendered":"\n<figure class=\"wp-block-table\"><table class=\"has-background has-fixed-layout\" style=\"background-color:#dfdfdf\"><tbody><tr><td>Un potager permet de manger des fruits et l\u00e9gumes en connaissant exactement leur provenance !<\/td><\/tr><\/tbody><\/table><\/figure>\n\n\n<div class=\"wp-block-image\">\n<figure class=\"aligncenter size-large is-resized\"><img loading=\"lazy\" decoding=\"async\" width=\"1024\" height=\"932\" src=\"https:\/\/wp.laas.fr\/ecolaas2\/wp-content\/uploads\/sites\/40\/2024\/12\/laasticot-1-1024x932.png\" alt=\"\" class=\"wp-image-73\" style=\"width:219px;height:auto\" srcset=\"https:\/\/wp.laas.fr\/ecolaas\/wp-content\/uploads\/sites\/40\/2024\/12\/laasticot-1-1024x932.png 1024w, https:\/\/wp.laas.fr\/ecolaas\/wp-content\/uploads\/sites\/40\/2024\/12\/laasticot-1-300x273.png 300w, https:\/\/wp.laas.fr\/ecolaas\/wp-content\/uploads\/sites\/40\/2024\/12\/laasticot-1-768x699.png 768w, https:\/\/wp.laas.fr\/ecolaas\/wp-content\/uploads\/sites\/40\/2024\/12\/laasticot-1.png 1236w\" sizes=\"auto, (max-width: 1024px) 100vw, 1024px\" \/><\/figure>\n<\/div>\n\n\n<figure class=\"wp-block-table is-style-stripes\"><table><thead><tr><th><\/th><\/tr><\/thead><tbody><tr><td><strong>Contexte<\/strong><\/td><\/tr><tr><td>Il y a des espaces verts aux alentours des b\u00e2timents et des parkings du LAAS qui ne sont utilis\u00e9s par personne alors que cela pourrait devenir de la surface cultivable qui ram\u00e8nerait des insectes et nourrirait quelques personnes au moins au sein du laboratoire.<\/td><\/tr><tr><td><strong>Objectifs<\/strong><\/td><\/tr><tr><td>Cr\u00e9er un jardin potager partag\u00e9 \u00e9cologique qui essaye d&rsquo;aller jusqu&rsquo;\u00e0 la permaculture (sous forme d&rsquo;exp\u00e9rimentations d&rsquo;ann\u00e9e en ann\u00e9e).<br>En particulier, les r\u00e8gles qui ont \u00e9t\u00e9 choisies :<br><strong><sup><sub>\u25ba<\/sub><\/sup><\/strong> Pas d&rsquo;engrais<br><strong><sup><sub>\u25ba<\/sub><\/sup><\/strong> Pas de pesticides, ni d&rsquo;insecticides<br><strong><sup><sub>\u25ba<\/sub><\/sup><\/strong> Apport minimal de terreau ext\u00e9rieur, privil\u00e9gier le compost local et la rotation des cultures<br><strong><sup><sub>\u25ba<\/sub><\/sup><\/strong> Utilisation d&rsquo;un maximum de graines non hybrides, \u00e0 terme r\u00e9cup\u00e9ration des graines d&rsquo;une ann\u00e9e sur l&rsquo;autre.<\/td><\/tr><tr><td><strong>Indicateur<\/strong><\/td><\/tr><tr><td><\/td><\/tr><tr><td><strong>Personnes r\u00e9f\u00e9rentes<\/strong><\/td><\/tr><tr><td>Olivia Peytral-Rieu<br>Rejoignez-nous sur la liste <a href=\"mailto:potager@laas.fr\">potager@laas.fr<\/a> !<\/td><\/tr><tr><td><strong>Mise en \u0153uvre<\/strong><\/td><\/tr><tr><td><strong><sup><sub>\u25ba<\/sub><\/sup> Hiver 2021 :<\/strong><br>Pr\u00e9paration du terrain sur 2 parcelles de 1m50 par 1m avec b\u00e9chage sur quelques centim\u00e8tres avant d&rsquo;aller chercher du compost dans la soci\u00e9t\u00e9 en collaboration avec le CNRS (qui permet d&rsquo;avoir 200kg de compost par membre du CNRS par an &#8211;&gt; information \u00e0 aller chercher aupr\u00e8s de Melina ROLS de la DR14).<br>Une fois que le compost a \u00e9t\u00e9 ajout\u00e9, quelques semaines sont pass\u00e9s avant que l&rsquo;on commence \u00e0 cultiver \u00e0 proprement parler.<br><strong><sup><sub>\u25ba<\/sub><\/sup><\/strong> <strong>Printemps 2022 :<\/strong><br>Pr\u00e9paration de plants de tomate, poivrons et courgette sous abris dans les bureaux du LAAS. Quand les derni\u00e8res gel\u00e9es ont \u00e9t\u00e9 pass\u00e9es et les plants pr\u00eat (c&rsquo;est \u00e0 dire vers mai) \u00e9v\u00e8nement pour planter les plants en pleine terre et pailler les plants.<br>Ainsi que r\u00e9cup\u00e9ration de framboisiers plant\u00e9 aux abords du terrain du potager.<br><strong><sup><sub>\u25ba<\/sub><\/sup><\/strong> <strong>\u00c9t\u00e9 2022 :<\/strong><br>Mise en place d&rsquo;un roulement pour aller arroser les plants 5j\/7 (du lundi au vendredi) gr\u00e2ce \u00e0 un \u00e9vento o\u00f9 les personnes pr\u00e9sentes s&rsquo;inscrivaient pour le faire &#8211;&gt; a \u00e9t\u00e9 repris chaque ann\u00e9e, bonne fa\u00e7on de s&rsquo;auto-organiser sur l&rsquo;arrosage.<br>Au cours de l&rsquo;\u00e9t\u00e9 la mise en place d&rsquo;un robinet d&rsquo;eau de r\u00e9cup (puis quand le r\u00e9servoir est vide, d&rsquo;eau de ville) \u00e0 c\u00f4t\u00e9 du potager pour simplifier les trajets d&rsquo;arrosage.<br>Tr\u00e8s bonne r\u00e9colte de tomates !<br><strong><sup><sub>\u25ba<\/sub><\/sup><\/strong> <strong>Hiver 2022 :<\/strong><br>Semis et r\u00e9colte de s\u00e8ve<br>Pr\u00e9paration de 3 autres parcelles pour augmenter les possibilit\u00e9s du potager : 2 autres parcelles d&rsquo;1m50 1m + une longue parcelle au milieu qui permet de mettre des herbes aromatiques.<br>Les framboisiers ont \u00e9t\u00e9 ras\u00e9 pendant la tonte des espaces verts, il est donc d\u00e9cid\u00e9 de faire appel \u00e0 la g\u00e9n\u00e9rosit\u00e9 des personnes du LAAS pour nous donner des tuiles qui nous ont permit de d\u00e9limiter les ext\u00e9rieurs du jardin de fa\u00e7on \u00e0 ce que les framboisiers ne se fassent plus tondre !<br><strong><sup><sub>\u25ba<\/sub><\/sup> Ann\u00e9e 2023 :<\/strong><br>M\u00eame chose que ann\u00e9e 2022 avec d\u00e9placement des tomates et courgettes sur les nouvelles parcelles form\u00e9es, tr\u00e8s bonne r\u00e9coltes de tomates, quelques courgettes et des tout petits poivrons.<br><strong><sup><sub>\u25ba<\/sub><\/sup><\/strong> <strong>Printemps 2024 :<\/strong><br>Pr\u00e9paration rapide du terrain uniquement par d\u00e9sherbage rapide, semis de haricots et f\u00e8ves l\u00e0 o\u00f9 les tomates ont \u00e9t\u00e9 plant\u00e9s l&rsquo;ann\u00e9e d&rsquo;avant, semis de salade, carotte et radis l\u00e0 o\u00f9 \u00e9tait les courgettes.<br>Pr\u00e9paration des plants sous abris de tomates, poivrons et aubergines.<\/td><\/tr><tr><td><strong>R\u00e9sultats quantitatifs<\/strong><\/td><\/tr><tr><td>R\u00e9coltes de l\u00e9gumes et de fruits (framboises notamment) chaque ann\u00e9e<\/td><\/tr><tr><td><strong>R\u00e9sultats qualitatifs<\/strong><\/td><\/tr><tr><td>Suivi de l&rsquo;avanc\u00e9e du potager par les actualit\u00e9s d&rsquo;ecoLAAS !<\/td><\/tr><tr><td><strong>Valorisation de cette exp\u00e9rience<\/strong><\/td><\/tr><tr><td>Cr\u00e9ation, maintien d&rsquo;une communaut\u00e9 autour de la cr\u00e9ation de cultures comestibles. Apprentissage de nouvelles techniques de culture.<\/td><\/tr><\/tbody><tfoot><tr><td><\/td><\/tr><\/tfoot><\/table><\/figure>\n","protected":false},"excerpt":{"rendered":"<p>Un potager permet de manger des fruits et l\u00e9gumes en connaissant exactement leur provenance ! Contexte Il y a des espaces verts aux alentours des b\u00e2timents et des parkings du LAAS qui ne sont utilis\u00e9s par personne alors que cela pourrait devenir de la surface cultivable qui ram\u00e8nerait des insectes et nourrirait quelques personnes au [&hellip;]<\/p>\n","protected":false},"author":62,"featured_media":0,"parent":0,"menu_order":0,"comment_status":"closed","ping_status":"closed","template":"","meta":{"footnotes":""},"class_list":["post-96","page","type-page","status-publish","hentry","post"],"_links":{"self":[{"href":"https:\/\/wp.laas.fr\/ecolaas\/wp-json\/wp\/v2\/pages\/96","targetHints":{"allow":["GET"]}}],"collection":[{"href":"https:\/\/wp.laas.fr\/ecolaas\/wp-json\/wp\/v2\/pages"}],"about":[{"href":"https:\/\/wp.laas.fr\/ecolaas\/wp-json\/wp\/v2\/types\/page"}],"author":[{"embeddable":true,"href":"https:\/\/wp.laas.fr\/ecolaas\/wp-json\/wp\/v2\/users\/62"}],"replies":[{"embeddable":true,"href":"https:\/\/wp.laas.fr\/ecolaas\/wp-json\/wp\/v2\/comments?post=96"}],"version-history":[{"count":11,"href":"https:\/\/wp.laas.fr\/ecolaas\/wp-json\/wp\/v2\/pages\/96\/revisions"}],"predecessor-version":[{"id":871,"href":"https:\/\/wp.laas.fr\/ecolaas\/wp-json\/wp\/v2\/pages\/96\/revisions\/871"}],"wp:attachment":[{"href":"https:\/\/wp.laas.fr\/ecolaas\/wp-json\/wp\/v2\/media?parent=96"}],"curies":[{"name":"wp","href":"https:\/\/api.w.org\/{rel}","templated":true}]}}