{"id":881,"date":"2025-01-08T12:49:32","date_gmt":"2025-01-08T12:49:32","guid":{"rendered":"https:\/\/wp.laas.fr\/ecolaas\/?page_id=881"},"modified":"2025-01-09T13:43:15","modified_gmt":"2025-01-09T13:43:15","slug":"reduire-nos-impressions-papier","status":"publish","type":"page","link":"https:\/\/wp.laas.fr\/ecolaas\/reduire-nos-impressions-papier\/","title":{"rendered":"R\u00e9duire nos impressions papier"},"content":{"rendered":"\n<figure class=\"wp-block-table\"><table class=\"has-background has-fixed-layout\" style=\"background-color:#dfdfdf\"><tbody><tr><td><em>500 feuilles imprim\u00e9es = 7,25 kg CO2 ( consommation d\u2019un ordinateur pendant 27 jours en veille = 42 km en voiture) &nbsp;(cf &nbsp;<a href=\"https:\/\/document.environnement.brussels\/opac_css\/elecfile\/IF%20PapierBureau%20PROF%20FR\">POURQUOI ET COMMENT CONSOMMER MOINS DE PAPIER AU BUREAU<\/a>)<\/em><\/td><\/tr><\/tbody><\/table><\/figure>\n\n\n\n<figure class=\"wp-block-table is-style-stripes\"><table class=\"has-fixed-layout\"><thead><tr><th><\/th><\/tr><\/thead><tbody><tr><td><strong>Contexte<\/strong><\/td><\/tr><tr><td><strong><sup><sub>\u25ba<\/sub><\/sup><\/strong> <strong>Consommation papier :<\/strong>  <br>\u2794 8T de papier achet\u00e9 par an au LAAS (stable)<br>       <strong>\u00b7<\/strong> 1,5T pour l&rsquo;imprimerie (th\u00e8ses, brochures, etc)<br>       <strong>\u00b7<\/strong> 6,5T pour alimenter essentiellement les imprimantes (on ne compte pas les feuilles neuves utilis\u00e9es comme brouillon !)<br>                   <strong>\u00b7<\/strong> 700 personnes au LAAS \u2794 9,3 kg par personne et par an<br>                   <strong>\u00b7<\/strong> soit&nbsp;<strong>3,7 ramettes par personne et par an<\/strong>&nbsp;(1 ramette p\u00e8se 2,5kg)<br>                   <strong>\u00b7<\/strong> soit 1857 feuilles par personne et par an (1 ramette contient 500 feuilles)<br><br><strong><sup><sub>\u25ba<\/sub><\/sup><\/strong> <strong>Fonctionnement des imprimantes :<\/strong> <br>      <strong>\u00b7<\/strong> Il tra\u00eene toujours des jobs d&rsquo;impression dans les imprimantes que personne ne vient chercher<br>      <strong>\u00b7<\/strong> Pas de trace de qui a lanc\u00e9 l&rsquo;impression, donc pas trop de responsabilisation<br>      <strong>\u00b7<\/strong> Les \u00e9quipes ach\u00e8tent le mat\u00e9riel mais ensuite l&rsquo;int\u00e9r\u00eat g\u00e9n\u00e9ral paye le papier, les toners, la maintenance<\/td><\/tr><tr><td><strong>Objectifs<\/strong><\/td><\/tr><tr><td>C\u00f4t\u00e9 imprimerie, difficile de d\u00e9gager des pistes pour r\u00e9duire la consommation de papier (par exemple, les th\u00e8ses sont tir\u00e9es \u00e0 15 exemplaires + 2 pour le LAAS).<br>L&rsquo;objectif est donc de r\u00e9duire les impressions personnelles.<\/td><\/tr><tr><td><strong>Indicateur<\/strong><\/td><\/tr><tr><td>La quantit\u00e9 de papier achet\u00e9e par an.<\/td><\/tr><tr><td><strong>Personnes r\u00e9f\u00e9rentes<\/strong><\/td><\/tr><tr><td>Eric Le Denmat, Dominique Daurat, Pierre Fauret<\/td><\/tr><tr><td><strong>Mise en \u0153uvre<\/strong><\/td><\/tr><tr><td><em><sup><sub>\u25ba<\/sub><\/sup> <strong>Exploration des diff\u00e9rents logiciels de gestion des impressions<\/strong><\/em><br> <sup><sub><strong> \u00b7 <\/strong><\/sub><\/sup> 17\/12\/2020 : rencontre avec LMS et ITS pour une pr\u00e9sentation de l&rsquo;outil Papercut<br> <sup><sub> <strong>\u00b7<\/strong> <\/sub><\/sup> f\u00e9vrier 2022 : rencontre avec J\u00e9r\u00f4me Colombet (LCC) pour leur retour sur Gespage4 <br> <sup><sub> <strong>\u00b7<\/strong> <\/sub><\/sup> mars 2022 : sondage express aupr\u00e8s du r\u00e9seau Capitoul pour d&rsquo;\u00e9ventuelles solutions autres que Papercut et Gespage. <br><br><em><sup><sub>\u25ba<\/sub><\/sup> <\/em><strong><em>Le choix se porte sur Gespage avec location de copieurs Toshiba aupr\u00e8s de l&rsquo;UGAP<\/em><\/strong><br> <sup><sub> <strong>\u00b7<\/strong> <\/sub><\/sup> Gros travail d&rsquo;inventaire des imprimantes existantes\u00a0<br> <sup><sub> <strong>\u00b7<\/strong> <\/sub><\/sup> Identification des besoins sp\u00e9ciaux des services administratifs<br> <sup><sub> <strong>\u00b7<\/strong> <\/sub><\/sup> 14 avril 2022 : proposition de localisation des nouveaux copieurs \u00e0 l&rsquo;ensemble du LAAS pour validation<br> <sup><sub> <strong>\u00b7<\/strong> <\/sub><\/sup> avril 2022 : pr\u00e9sentation en conseil de labo du futur syst\u00e8me d&rsquo;impression : <a href=\"https:\/\/sites.laas.fr\/projects\/ecolaas\/sites\/sites.laas.fr.projects.ecolaas\/files\/pdf\/Impression_Conseil-labo_Avril_2022.pdf\">L\u2019impression au LAAS<\/a>. <br> <sup><sub> <strong>\u00b7<\/strong> <\/sub><\/sup> \u00c9changes avec Cartadis( Gespage) Toshiba et l&rsquo;UGAP pour \u00e9tablir un devis<br> <sup><sub> <strong>\u00b7<\/strong> <\/sub><\/sup> juin 2022 : renouvellement du march\u00e9 des imprimantes (copieurs Toshiba + logiciel Gespage). <br><br><strong><em><sup><sub>\u25ba<\/sub><\/sup> Installation du nouveau syst\u00e8me<\/em><\/strong><br> <sup><sub> <strong>\u00b7<\/strong> <\/sub><\/sup> 30 septembre 2022 : installation des nouveaux copieurs<br> <sup><sub> <strong>\u00b7<\/strong> <\/sub><\/sup> octobre 2022 : formation des utilisateurs, r\u00e9glages des petits soucis r\u00e9siduels<br> <sup><sub> <strong>\u00b7<\/strong> <\/sub><\/sup> d\u00e9cembre 2022 : int\u00e9gration dans le syst\u00e8me g\u00e9n\u00e9ral d&rsquo;un gros copieur ind\u00e9pendant \u00e0 des fins d&rsquo;homog\u00e9n\u00e9isation <br><br><strong><em><sup><sub>\u25ba<\/sub><\/sup> Recyclage des anciennes imprimantes<\/em><\/strong><br> <sup><sub> <strong>\u00b7<\/strong> <\/sub><\/sup> octobre &#8211; d\u00e9cembre 2022 : r\u00e9cup\u00e9ration par des membres du personnel ou par des associations des vieilles imprimantes;\u00a0cette r\u00e9cup\u00e9ration est organis\u00e9e selon ce document\u00a0: <a href=\"https:\/\/sites.laas.fr\/projects\/ecolaas\/sites\/sites.laas.fr.projects.ecolaas\/files\/pdf\/Que_deviennent_les%20anciennes_imprimantes.pdf\">Que deviennent les anciennes imprimantes ?<\/a><br><br><em><strong><sup><sub>\u25ba<\/sub><\/sup><\/strong> <strong>Bilan<\/strong><\/em><strong> <\/strong><br> <em><sup><sub> <strong>\u00b7<\/strong> <\/sub><\/sup> <\/em>octobre 2023 : sondage aupr\u00e8s du personnel LAAS \u00ab\u00a0Bilan du syst\u00e8me d&rsquo;impression \/ Printing system review\u00a0\u00bb =&gt; <a href=\"https:\/\/sites.laas.fr\/projects\/ecolaas\/sites\/sites.laas.fr.projects.ecolaas\/files\/pdf\/bilan_du_systeme_dimpression.xlsx\">R\u00e9sultats<\/a><br> <sup><sub> <strong>\u00b7<\/strong> <\/sub><\/sup> d\u00e9cembre 2023 : pr\u00e9sentation du bilan du syst\u00e8me d&rsquo;impression en Conseil de labo : <a href=\"https:\/\/sites.laas.fr\/projects\/ecolaas\/sites\/sites.laas.fr.projects.ecolaas\/files\/pdf\/Impression_Conseil-labo_Novembre_2023.pdf\">Bilan Impression 2023<\/a><\/td><\/tr><tr><td><strong>R\u00e9sultats quantitatifs<\/strong><\/td><\/tr><tr><td><strong><sup><sub>\u25ba<\/sub><\/sup><\/strong> 1000000 pages imprim\u00e9es en 2021 \/&nbsp;368110 pages imprim\u00e9es (sept. 2022 \u2013 sept. 2023) = en baisse de 63%<br><strong><sup><sub>\u25ba<\/sub><\/sup><\/strong> 76 imprimantes en 2021 \/ 32 copieurs en 2023 (encore trop !) =&gt; moins de consommation d&rsquo;\u00e9lectricit\u00e9<\/td><\/tr><tr><td><strong>R\u00e9sultats qualitatifs<\/strong><\/td><\/tr><tr><td><\/td><\/tr><tr><td><strong>Valorisation de cette exp\u00e9rience<\/strong><\/td><\/tr><tr><td><\/td><\/tr><\/tbody><tfoot><tr><td><\/td><\/tr><\/tfoot><\/table><\/figure>\n","protected":false},"excerpt":{"rendered":"<p>500 feuilles imprim\u00e9es = 7,25 kg CO2 ( consommation d\u2019un ordinateur pendant 27 jours en veille = 42 km en voiture) &nbsp;(cf &nbsp;POURQUOI ET COMMENT CONSOMMER MOINS DE PAPIER AU BUREAU) Contexte \u25ba Consommation papier : \u2794 8T de papier achet\u00e9 par an au LAAS (stable) \u00b7 1,5T pour l&rsquo;imprimerie (th\u00e8ses, brochures, etc) \u00b7 6,5T [&hellip;]<\/p>\n","protected":false},"author":62,"featured_media":0,"parent":0,"menu_order":0,"comment_status":"closed","ping_status":"closed","template":"","meta":{"footnotes":""},"class_list":["post-881","page","type-page","status-publish","hentry","post"],"_links":{"self":[{"href":"https:\/\/wp.laas.fr\/ecolaas\/wp-json\/wp\/v2\/pages\/881","targetHints":{"allow":["GET"]}}],"collection":[{"href":"https:\/\/wp.laas.fr\/ecolaas\/wp-json\/wp\/v2\/pages"}],"about":[{"href":"https:\/\/wp.laas.fr\/ecolaas\/wp-json\/wp\/v2\/types\/page"}],"author":[{"embeddable":true,"href":"https:\/\/wp.laas.fr\/ecolaas\/wp-json\/wp\/v2\/users\/62"}],"replies":[{"embeddable":true,"href":"https:\/\/wp.laas.fr\/ecolaas\/wp-json\/wp\/v2\/comments?post=881"}],"version-history":[{"count":6,"href":"https:\/\/wp.laas.fr\/ecolaas\/wp-json\/wp\/v2\/pages\/881\/revisions"}],"predecessor-version":[{"id":890,"href":"https:\/\/wp.laas.fr\/ecolaas\/wp-json\/wp\/v2\/pages\/881\/revisions\/890"}],"wp:attachment":[{"href":"https:\/\/wp.laas.fr\/ecolaas\/wp-json\/wp\/v2\/media?parent=881"}],"curies":[{"name":"wp","href":"https:\/\/api.w.org\/{rel}","templated":true}]}}