{"id":867,"date":"2025-01-08T10:20:55","date_gmt":"2025-01-08T10:20:55","guid":{"rendered":"https:\/\/wp.laas.fr\/ecolaas\/?page_id=867"},"modified":"2025-01-08T10:25:17","modified_gmt":"2025-01-08T10:25:17","slug":"newsletter","status":"publish","type":"page","link":"https:\/\/wp.laas.fr\/ecolaas\/newsletter\/","title":{"rendered":"Newsletter"},"content":{"rendered":"\n<figure class=\"wp-block-table is-style-regular\"><table class=\"has-background has-fixed-layout\" style=\"background-color:#dfdfdf\"><tbody><tr><td><em>Les personnes les plus susceptibles d\u2019agir pour pr\u00e9server la plan\u00e8te sont celles qui pensent \u00eatre suffisamment inform\u00e9es, qui savent comment agir et qui croient en l\u2019effet de leurs actions.<\/em><\/td><\/tr><\/tbody><\/table><\/figure>\n\n\n<div class=\"wp-block-image\">\n<figure class=\"aligncenter size-full is-resized\"><img loading=\"lazy\" decoding=\"async\" width=\"150\" height=\"150\" src=\"https:\/\/wp.laas.fr\/ecolaas\/wp-content\/uploads\/sites\/40\/2024\/12\/newsletterEcoLAAS-150x150-1.png\" alt=\"\" class=\"wp-image-547\" style=\"width:108px;height:auto\" \/><\/figure>\n<\/div>\n\n\n<figure class=\"wp-block-table is-style-stripes\"><table><thead><tr><th><\/th><\/tr><\/thead><tbody><tr><td><strong>Contexte<\/strong><\/td><\/tr><tr><td><\/td><\/tr><tr><td><strong>Objectifs<\/strong><\/td><\/tr><tr><td>Informer et \u00e9veiller les consciences<\/td><\/tr><tr><td><strong>Indicateur<\/strong><\/td><\/tr><tr><td>Nombre de membres du collectif ? Bilan carbone du LAAS ?<\/td><\/tr><tr><td><strong>Personnes r\u00e9f\u00e9rentes<\/strong><\/td><\/tr><tr><td>\u00c9milie Marchand, Isabelle Silvain, Karine Isoird<\/td><\/tr><tr><td><strong>Mise en \u0153uvre<\/strong><\/td><\/tr><tr><td><strong><sup><sub>\u25ba<\/sub><\/sup><\/strong> 11 d\u00e9cembre 2020 : premi\u00e8re r\u00e9union pour d\u00e9finir une pr\u00e9-liste de news et un mode de fonctionnement<br><strong><sup><sub>\u25ba<\/sub><\/sup><\/strong> juin 2021 : r\u00e9activation de l&rsquo;action &#8211; choix d&rsquo;un rythme trimestriel<br><strong><sup><sub>\u25ba<\/sub><\/sup><\/strong> juillet 2021 : premi\u00e8re newsletter officielle&nbsp;<\/td><\/tr><tr><td><strong>R\u00e9sultats quantitatifs<\/strong><\/td><\/tr><tr><td><\/td><\/tr><tr><td><strong>R\u00e9sultats qualitatifs<\/strong><\/td><\/tr><tr><td><\/td><\/tr><tr><td><strong>Valorisation de cette exp\u00e9rience<\/strong><\/td><\/tr><tr><td><\/td><\/tr><\/tbody><tfoot><tr><td><\/td><\/tr><\/tfoot><\/table><\/figure>\n","protected":false},"excerpt":{"rendered":"<p>Les personnes les plus susceptibles d\u2019agir pour pr\u00e9server la plan\u00e8te sont celles qui pensent \u00eatre suffisamment inform\u00e9es, qui savent comment agir et qui croient en l\u2019effet de leurs actions. Contexte Objectifs Informer et \u00e9veiller les consciences Indicateur Nombre de membres du collectif ? Bilan carbone du LAAS ? Personnes r\u00e9f\u00e9rentes \u00c9milie Marchand, Isabelle Silvain, Karine [&hellip;]<\/p>\n","protected":false},"author":62,"featured_media":0,"parent":0,"menu_order":0,"comment_status":"closed","ping_status":"closed","template":"","meta":{"footnotes":""},"class_list":["post-867","page","type-page","status-publish","hentry","post"],"_links":{"self":[{"href":"https:\/\/wp.laas.fr\/ecolaas\/wp-json\/wp\/v2\/pages\/867","targetHints":{"allow":["GET"]}}],"collection":[{"href":"https:\/\/wp.laas.fr\/ecolaas\/wp-json\/wp\/v2\/pages"}],"about":[{"href":"https:\/\/wp.laas.fr\/ecolaas\/wp-json\/wp\/v2\/types\/page"}],"author":[{"embeddable":true,"href":"https:\/\/wp.laas.fr\/ecolaas\/wp-json\/wp\/v2\/users\/62"}],"replies":[{"embeddable":true,"href":"https:\/\/wp.laas.fr\/ecolaas\/wp-json\/wp\/v2\/comments?post=867"}],"version-history":[{"count":4,"href":"https:\/\/wp.laas.fr\/ecolaas\/wp-json\/wp\/v2\/pages\/867\/revisions"}],"predecessor-version":[{"id":875,"href":"https:\/\/wp.laas.fr\/ecolaas\/wp-json\/wp\/v2\/pages\/867\/revisions\/875"}],"wp:attachment":[{"href":"https:\/\/wp.laas.fr\/ecolaas\/wp-json\/wp\/v2\/media?parent=867"}],"curies":[{"name":"wp","href":"https:\/\/api.w.org\/{rel}","templated":true}]}}