{"id":855,"date":"2025-01-07T16:25:06","date_gmt":"2025-01-07T16:25:06","guid":{"rendered":"https:\/\/wp.laas.fr\/ecolaas\/?page_id=855"},"modified":"2025-03-25T14:08:49","modified_gmt":"2025-03-25T14:08:49","slug":"liens-utiles","status":"publish","type":"page","link":"https:\/\/wp.laas.fr\/ecolaas\/liens-utiles\/","title":{"rendered":"Liens utiles"},"content":{"rendered":"\n<p>Retrouvez des documents et vid\u00e9os pour appr\u00e9hender et comprendre la transition \u00e9cologique&#8230;<\/p>\n\n\n\n<h2 class=\"wp-block-heading\">Responsabilisation<\/h2>\n\n\n\n<div class=\"wp-block-media-text is-stacked-on-mobile\" style=\"grid-template-columns:15% auto\"><figure class=\"wp-block-media-text__media\"><img loading=\"lazy\" decoding=\"async\" width=\"256\" height=\"272\" src=\"https:\/\/wp.laas.fr\/ecolaas\/wp-content\/uploads\/sites\/40\/2024\/12\/256px-Pierre_Rabhi_2009_cropped-256x272-1.jpg\" alt=\"\" class=\"wp-image-788 size-full\" \/><\/figure><div class=\"wp-block-media-text__content\">\n<ul class=\"wp-block-list\">\n<li>&nbsp;<a href=\"https:\/\/vimeo.com\/32564879\">La l\u00e9gende du colibri<\/a><\/li>\n\n\n\n<li><img decoding=\"async\" src=\"\/projects\/ecolaas\/sites\/www.laas.fr.projects.ecolaas\/files\/icone-video.jpg\" alt=\"\"> <a href=\"https:\/\/www.youtube.com\/watch?v=h8eIttbSUC4\">Pierre Rabhi : la sobri\u00e9t\u00e9 qui rend heureux<\/a><\/li>\n<\/ul>\n<\/div><\/div>\n\n\n\n<h2 class=\"wp-block-heading\">Transition \u00e9cologique<\/h2>\n\n\n\n<ul class=\"wp-block-list\">\n<li><img decoding=\"async\" src=\"\/projects\/ecolaas\/sites\/www.laas.fr.projects.ecolaas\/files\/icone-video.jpg\" alt=\"\"><strong>Plateforme vid\u00e9o gratuite nomm\u00e9e IMAGO :<\/strong>&nbsp;<a href=\"https:\/\/www.imagotv.fr\/\">https:\/\/www.imagotv.fr\/<\/a><\/li>\n<\/ul>\n\n\n\n<p>Sur ce site, il y a des documentaires, web s\u00e9ries, \u00e9missions, podcasts, et courts-m\u00e9trages traitant de la transition \u00e9cologique en acc\u00e8s libre.<\/p>\n\n\n\n<ul class=\"wp-block-list\">\n<li><img decoding=\"async\" src=\"\/projects\/ecolaas\/sites\/www.laas.fr.projects.ecolaas\/files\/icone-video.jpg\" alt=\"\"><strong>Arte TV : <\/strong>D\u00e9sob\u00e9issant.e.s ! :&nbsp;<a href=\"https:\/\/www.arte.tv\/fr\/videos\/093803-001-F\/desobeissant-e-s\/\">https:\/\/www.arte.tv\/fr\/videos\/093803-001-F\/desobeissant-e-s\/<\/a><\/li>\n<\/ul>\n\n\n\n<p>Face \u00e0 l&rsquo;urgence climatique, une frange importante de la jeunesse a fait le choix de la d\u00e9sob\u00e9issance civile et de l&rsquo;action. Le passionnant r\u00e9cit, en immersion, d&rsquo;une mobilisation sans pr\u00e9c\u00e9dent.<\/p>\n\n\n\n<h2 class=\"wp-block-heading\">Num\u00e9rique<\/h2>\n\n\n\n<ul class=\"wp-block-list\">\n<li><a href=\"https:\/\/www.april.org\/sobriete-numerique-pour-eviter-la-gueule-de-bois-la-voix-est-libre\">Sobri\u00e9t\u00e9 num\u00e9rique pour \u00e9viter la gueule de bois&nbsp;?<\/a><\/li>\n\n\n\n<li><img decoding=\"async\" src=\"\/projects\/ecolaas\/sites\/www.laas.fr.projects.ecolaas\/files\/icone-video.jpg\" alt=\"\"><a href=\"https:\/\/www.youtube.com\/watch?v=TFP3QqUapQo\">Internet et le climat : \u00e7a tourne mal ?&nbsp;<\/a><\/li>\n\n\n\n<li><a href=\"https:\/\/www.renater.fr\/wp-content\/uploads\/2022\/01\/empreinte_carbone_transport_donnees_renater_compresse.pdf\">Rapport : \u00e9valuation de l\u2019empreinte carbone de la transmission d\u2019un Gigaoctet de donn\u00e9es sur le r\u00e9seau RENATER<\/a><\/li>\n<\/ul>\n\n\n\n<p><\/p>\n","protected":false},"excerpt":{"rendered":"<p>Retrouvez des documents et vid\u00e9os pour appr\u00e9hender et comprendre la transition \u00e9cologique&#8230; Responsabilisation Transition \u00e9cologique Sur ce site, il y a des documentaires, web s\u00e9ries, \u00e9missions, podcasts, et courts-m\u00e9trages traitant de la transition \u00e9cologique en acc\u00e8s libre. Face \u00e0 l&rsquo;urgence climatique, une frange importante de la jeunesse a fait le choix de la d\u00e9sob\u00e9issance civile [&hellip;]<\/p>\n","protected":false},"author":62,"featured_media":0,"parent":0,"menu_order":0,"comment_status":"closed","ping_status":"closed","template":"","meta":{"footnotes":""},"class_list":["post-855","page","type-page","status-publish","hentry","post"],"_links":{"self":[{"href":"https:\/\/wp.laas.fr\/ecolaas\/wp-json\/wp\/v2\/pages\/855","targetHints":{"allow":["GET"]}}],"collection":[{"href":"https:\/\/wp.laas.fr\/ecolaas\/wp-json\/wp\/v2\/pages"}],"about":[{"href":"https:\/\/wp.laas.fr\/ecolaas\/wp-json\/wp\/v2\/types\/page"}],"author":[{"embeddable":true,"href":"https:\/\/wp.laas.fr\/ecolaas\/wp-json\/wp\/v2\/users\/62"}],"replies":[{"embeddable":true,"href":"https:\/\/wp.laas.fr\/ecolaas\/wp-json\/wp\/v2\/comments?post=855"}],"version-history":[{"count":7,"href":"https:\/\/wp.laas.fr\/ecolaas\/wp-json\/wp\/v2\/pages\/855\/revisions"}],"predecessor-version":[{"id":1940,"href":"https:\/\/wp.laas.fr\/ecolaas\/wp-json\/wp\/v2\/pages\/855\/revisions\/1940"}],"wp:attachment":[{"href":"https:\/\/wp.laas.fr\/ecolaas\/wp-json\/wp\/v2\/media?parent=855"}],"curies":[{"name":"wp","href":"https:\/\/api.w.org\/{rel}","templated":true}]}}