{"id":85,"date":"2024-12-05T12:26:17","date_gmt":"2024-12-05T12:26:17","guid":{"rendered":"https:\/\/wp.laas.fr\/ecolaas2\/?page_id=85"},"modified":"2024-12-07T18:23:46","modified_gmt":"2024-12-07T18:23:46","slug":"actions-defficacite-energetique-sur-le-batiment-f-g","status":"publish","type":"page","link":"https:\/\/wp.laas.fr\/ecolaas\/actions-defficacite-energetique-sur-le-batiment-f-g\/","title":{"rendered":"Actions d\u2019efficacit\u00e9 \u00e9nerg\u00e9tique sur le b\u00e2timent F\/G"},"content":{"rendered":"\n<figure class=\"wp-block-table\"><table class=\"has-background has-fixed-layout\" style=\"background-color:#dfdfdf\"><tbody><tr><td><em>Le&nbsp;contr\u00f4le&nbsp;de l\u2019efficacit\u00e9 \u00e9nerg\u00e9tique&nbsp;est \u00e0 la base d\u2019un bon syst\u00e8me de&nbsp;gestion de l\u2019\u00e9nergie. Parmi toutes les \u00e9nergies alternatives, l\u2019efficacit\u00e9 \u00e9nerg\u00e9tique&nbsp;est le premier pas pour obtenir des&nbsp;\u00e9conomies d\u2019\u00e9nergie.<\/em><\/td><\/tr><\/tbody><\/table><\/figure>\n\n\n<div class=\"wp-block-image\">\n<figure class=\"aligncenter size-large is-resized\"><img loading=\"lazy\" decoding=\"async\" width=\"1024\" height=\"560\" src=\"https:\/\/wp.laas.fr\/ecolaas2\/wp-content\/uploads\/sites\/40\/2024\/12\/actions_energie_batimentFG-1024x560.png\" alt=\"\" class=\"wp-image-74\" style=\"width:311px;height:auto\" srcset=\"https:\/\/wp.laas.fr\/ecolaas\/wp-content\/uploads\/sites\/40\/2024\/12\/actions_energie_batimentFG-1024x560.png 1024w, https:\/\/wp.laas.fr\/ecolaas\/wp-content\/uploads\/sites\/40\/2024\/12\/actions_energie_batimentFG-300x164.png 300w, https:\/\/wp.laas.fr\/ecolaas\/wp-content\/uploads\/sites\/40\/2024\/12\/actions_energie_batimentFG-768x420.png 768w, https:\/\/wp.laas.fr\/ecolaas\/wp-content\/uploads\/sites\/40\/2024\/12\/actions_energie_batimentFG.png 1064w\" sizes=\"auto, (max-width: 1024px) 100vw, 1024px\" \/><\/figure>\n<\/div>\n\n\n<figure class=\"wp-block-table is-style-stripes\"><table class=\"has-fixed-layout\"><thead><tr><th><\/th><\/tr><\/thead><tbody><tr><td><strong>Contexte<\/strong><\/td><\/tr><tr><td>La salle blanche du LAAS est un ensemble de pi\u00e8ces o\u00f9 la concentration en particules dans l&rsquo;air est ma\u00eetris\u00e9e. C&rsquo;est une condition indispensable \u00e0 la fabrication de dispositifs \u00e0 semi-conducteurs.<br>Pour cela, plusieurs syst\u00e8mes d&rsquo;extraction d&rsquo;air et de filtrage sont install\u00e9s (14 zones, 4 extracteurs, 130 points d&rsquo;extractions). De plus l\u2019air est continuellement filtr\u00e9 et r\u00e9gul\u00e9 dans des conditions de temp\u00e9rature et d\u2019humidit\u00e9 extr\u00eamement pr\u00e9cises. Tous ces syst\u00e8mes sont tr\u00e8s gourmands en \u00e9nergie. Ils ont fait l&rsquo;objet de plusieurs \u00e9tudes et de modifications pour am\u00e9liorer leur&nbsp;efficacit\u00e9 \u00e9nerg\u00e9tique gr\u00e2ce \u00e0 un&nbsp;cofinancement de l\u2019\u00c9tat (65%), du CNRS (30%) et du LAAS (5%).<\/td><\/tr><tr><td><strong>Objectifs<\/strong><\/td><\/tr><tr><td>Diminuer les consommations gaz et \u00e9lectricit\u00e9 li\u00e9es \u00e0 l&rsquo;extraction d&rsquo;air en salle blanche.<\/td><\/tr><tr><td><strong>Indicateur<\/strong><\/td><\/tr><tr><td>La consommation gaz et \u00e9lectricit\u00e9 globale du laboratoire.<\/td><\/tr><tr><td><strong>Personnes r\u00e9f\u00e9rentes<\/strong><\/td><\/tr><tr><td>Service Logistique :&nbsp;Eric Tasselli, Guillaume Tanneau<br>Service des Affaires Immobili\u00e8res &amp; Logistique de la DR14 : Emmanuel Vialan<br>Service TEAM :&nbsp;Hugues Granier<br>Direction<\/td><\/tr><tr><td><strong>Mise en \u0153uvre<\/strong><\/td><\/tr><tr><td><strong><sup><sub>\u25ba<\/sub><\/sup><\/strong> <strong>Action 1 :\u00a0R\u00e9gulation des d\u00e9bits d\u2019air par point d\u2019extraction au plus pr\u00e8s des \u00e9quipements (hottes) en fonction de l\u2019utilisation (2018-2019)<\/strong><br>Permet une r\u00e9duction des d\u00e9bits d\u2019extraction en se calant au plus pr\u00e8s des besoins des utilisateurs.<br>D\u00e9bit de base \u00ab\u00a0\u00e0 la demande\u00a0\u00bb de 8h \u00e0 20H, du Lundi au Vendredi.\u00a0<br>R\u00e9duction de 70% en inoccupation du d\u00e9bit des points d\u2019extraction modulants.<br>D\u00e9bit total (fixe + modulant) en occupation de 59 000m3\/h et d\u00e9bit en inoccupation de 27 850 m3\/h.<br><strong><sup><sub>\u25ba<\/sub><\/sup><\/strong> <strong>Action 2 : R\u00e9vision du syst\u00e8me de r\u00e9gulation existant et mise en place d\u2019une supervision<\/strong> (2018-2019)<br>Permet la gestion de l\u2019ensemble des installations, la ma\u00eetrise pr\u00e9cise des temp\u00e9ratures, hygrom\u00e9tries et pressions entre les diff\u00e9rentes zones.\u00a0<br>Refonte de l\u2019analyse fonctionnelle et des programmes des diff\u00e9rents automates, dans le sens de l\u2019\u00e9conomie d\u2019\u00e9nergie.<br><strong><sup><sub>\u25ba<\/sub><\/sup><\/strong> <strong>Action 3 : Mise en place d\u2019un syst\u00e8me de r\u00e9cup\u00e9ration d\u2019\u00e9nergie sur les appareils d\u2019extraction sans alt\u00e9rer le fonctionnement du laboratoire (2018-2019)<\/strong><br>Permet la r\u00e9cup\u00e9ration de calories Hiver comme Et\u00e9.<br>55% de rendement.<br><strong><sup><sub>\u25ba<\/sub><\/sup><\/strong> <strong>Action 4 : R\u00e9novation de la production d\u2019eau chaude et d\u2019eau glac\u00e9e de la salle blanche et r\u00e9cup\u00e9ration de chaleur fatale (2021-2022)<\/strong><br>Permet de r\u00e9duire les consommations \u00e9nerg\u00e9tiques par :<br>le remplacement des \u00e9quipements de production d\u2019eau glac\u00e9e et d\u2019eau chaude v\u00e9tustes par des \u00e9quipements de nouvelle g\u00e9n\u00e9ration,<br>la r\u00e9novation des r\u00e9seaux pour une meilleure r\u00e9gulation des deux r\u00e9seaux tertiaire et salle blanche.<br><strong><sup><sub>\u25ba<\/sub><\/sup><\/strong> <strong>Action 5 : Extension de la supervision des syst\u00e8mes annexes (2021-2022)<\/strong><br>Permet le suivi des installation annexes n\u00e9cessaires au fonctionnement de la salle blanche<br>(production d\u2019eau d\u00e9ionis\u00e9e, boucles de refroidissement des machines, production d\u2019air sec,<br>compresseurs, &#8230;) ; afin d\u2019en assurer un fonctionnement optimal en fonction des besoins.<br><strong><sup><sub>\u25ba<\/sub><\/sup><\/strong> <strong>Action 6 : Remplacement des luminaires salle blanche par luminaires \u00e0 LED (2021-2022)<\/strong><br>Permet de r\u00e9duire la consommation \u00e9lectrique li\u00e9e \u00e0 l\u2019\u00e9clairage.<br><strong><sup><sub>\u25ba<\/sub><\/sup><\/strong> <strong>Action 7 : Installation de production photovolta\u00efque en toiture de la salle blanche (2021-2022)<\/strong><br>Permet une production \u00e9lectrique photovolta\u00efque qui auto alimentera la partie tertiaire ou sera restitu\u00e9e au r\u00e9seau lors d\u2019\u00e9ventuelle surproduction.<br><img decoding=\"async\" src=\"https:\/\/sites.laas.fr\/projects\/ecolaas\/sites\/www.laas.fr.projects.ecolaas\/files\/pictures\/photovoltaique-salle-blanche.png\" alt=\"\"><br><strong><sup><sub>\u25ba<\/sub><\/sup><\/strong> <strong>Action 8 : Installation de brises soleil photovolta\u00efques sur ouvrants de la fa\u00e7ade de la salle blanche (2021-2022)<\/strong><br>Permet \u00e0 la fois de r\u00e9duire l\u2019\u00e9chauffement de la salle blanche \u00e0 travers ses ouvrants et une production \u00e9lectrique photovolta\u00efque qui auto alimentera la partie tertiaire ou sera restitu\u00e9e au r\u00e9seau lors d\u2019\u00e9ventuelle surproduction..<\/td><\/tr><tr><td><strong>R\u00e9sultats quantitatifs<\/strong><\/td><\/tr><tr><td>Pour les travaux men\u00e9s en 2018-2019 : comparaison 2020 par rapport \u00e0 2016 sur chiffres globaux du labo :<br>-64,4% pour la consommation gaz<br>-33% pour la consommation \u00e9lectricit\u00e9<br><br>Les travaux men\u00e9s en 2021-2022 seront \u00e9valu\u00e9s dans les ann\u00e9es \u00e0 venir.<\/td><\/tr><tr><td><strong>R\u00e9sultats qualitatifs<\/strong><\/td><\/tr><tr><td>Aucune perte d&rsquo;efficacit\u00e9 du syst\u00e8me de traitement d&rsquo;air et fonctionnement des activit\u00e9s de recherche nominal en salle blanche.<\/td><\/tr><tr><td><strong>Valorisation de cette exp\u00e9rience<\/strong><\/td><\/tr><tr><td>Partage d&rsquo;exp\u00e9rience avec d&rsquo;autres salles blanches dont celle de l&rsquo;AIME (INSA de Toulouse).<\/td><\/tr><\/tbody><tfoot><tr><td><\/td><\/tr><\/tfoot><\/table><\/figure>\n\n\n\n<p><\/p>\n","protected":false},"excerpt":{"rendered":"<p>Le&nbsp;contr\u00f4le&nbsp;de l\u2019efficacit\u00e9 \u00e9nerg\u00e9tique&nbsp;est \u00e0 la base d\u2019un bon syst\u00e8me de&nbsp;gestion de l\u2019\u00e9nergie. Parmi toutes les \u00e9nergies alternatives, l\u2019efficacit\u00e9 \u00e9nerg\u00e9tique&nbsp;est le premier pas pour obtenir des&nbsp;\u00e9conomies d\u2019\u00e9nergie. Contexte La salle blanche du LAAS est un ensemble de pi\u00e8ces o\u00f9 la concentration en particules dans l&rsquo;air est ma\u00eetris\u00e9e. C&rsquo;est une condition indispensable \u00e0 la fabrication de dispositifs [&hellip;]<\/p>\n","protected":false},"author":62,"featured_media":0,"parent":0,"menu_order":0,"comment_status":"closed","ping_status":"closed","template":"","meta":{"footnotes":""},"class_list":["post-85","page","type-page","status-publish","hentry","post"],"_links":{"self":[{"href":"https:\/\/wp.laas.fr\/ecolaas\/wp-json\/wp\/v2\/pages\/85","targetHints":{"allow":["GET"]}}],"collection":[{"href":"https:\/\/wp.laas.fr\/ecolaas\/wp-json\/wp\/v2\/pages"}],"about":[{"href":"https:\/\/wp.laas.fr\/ecolaas\/wp-json\/wp\/v2\/types\/page"}],"author":[{"embeddable":true,"href":"https:\/\/wp.laas.fr\/ecolaas\/wp-json\/wp\/v2\/users\/62"}],"replies":[{"embeddable":true,"href":"https:\/\/wp.laas.fr\/ecolaas\/wp-json\/wp\/v2\/comments?post=85"}],"version-history":[{"count":11,"href":"https:\/\/wp.laas.fr\/ecolaas\/wp-json\/wp\/v2\/pages\/85\/revisions"}],"predecessor-version":[{"id":199,"href":"https:\/\/wp.laas.fr\/ecolaas\/wp-json\/wp\/v2\/pages\/85\/revisions\/199"}],"wp:attachment":[{"href":"https:\/\/wp.laas.fr\/ecolaas\/wp-json\/wp\/v2\/media?parent=85"}],"curies":[{"name":"wp","href":"https:\/\/api.w.org\/{rel}","templated":true}]}}