{"id":27,"date":"2024-12-03T15:09:01","date_gmt":"2024-12-03T15:09:01","guid":{"rendered":"https:\/\/wp.laas.fr\/ecolaas2\/?page_id=27"},"modified":"2025-03-26T12:28:52","modified_gmt":"2025-03-26T12:28:52","slug":"le-collectif","status":"publish","type":"page","link":"https:\/\/wp.laas.fr\/ecolaas\/le-collectif\/","title":{"rendered":"Le collectif"},"content":{"rendered":"\n<figure class=\"wp-block-table is-style-stripes\"><table class=\"has-background has-fixed-layout\" style=\"background-color:#fae8e8\"><tbody><tr><td>\u25ba <strong><a href=\"mailto:ecolaas@laas.fr?subject=Je%20souhaite%20rejoindre%20le%20collectif%20Ecolaas\">Vous \u00eates du LAAS : rejoignez le collectif<\/a>&nbsp;!<\/strong><\/td><\/tr><\/tbody><\/table><\/figure>\n\n\n\n<h4 class=\"wp-block-heading\">Objectifs<\/h4>\n\n\n\n<p>Le but du collectif Ecolaas est de <strong>soutenir toute d\u00e9marche de d\u00e9veloppement durable et de pr\u00e9servation de l&rsquo;environnement dans le cadre du LAAS<\/strong>.<br>Le collectif se veut \u00eatre force de propositions concr\u00e8tes, de&nbsp;l\u2019action de la plus modeste \u00e0 la plus ambitieuse.<br>Il peut s&rsquo;agir de nouvelles actions ou d&rsquo;un soutien \u00e0 des actions d\u00e9j\u00e0 en cours, d&rsquo;actions locales au niveau du LAAS ou en concertation avec d&rsquo;autres labos.<br>Les r\u00e9flexions sur les sujets de recherche ne sont pas absentes de nos pr\u00e9occupations en relation avec le groupe \u00c9thique, l&rsquo;axe \u00c9nergie&nbsp;et l&rsquo;axe Sant\u00e9-Environnement.<br>Ce collectif est n\u00e9 d&rsquo;une initiative impuls\u00e9e par Liviu Nicu lors du conseil de laboratoire du 5 mars 2020.&nbsp;<\/p>\n\n\n\n<h4 class=\"wp-block-heading\">Fonctionnement<\/h4>\n\n\n\n<p>Ce collectif est ouvert \u00e0 tous (il suffit d&rsquo;envoyer un mail \u00e0 la liste <a href=\"mailto:ecolaas@laas.fr\">ecolaas@laas.fr<\/a>).<br>Nous fonctionnons&nbsp;par petits groupes de travail&nbsp;centr\u00e9s sur une action.<br>Tous les mois, nous nous r\u00e9unissons pour faire le point sur les actions en cours et les nouvelles actions \u00e9mergentes.<\/p>\n\n\n\n<h4 class=\"wp-block-heading\">Les membres du collectif<\/h4>\n\n\n\n<p>\u25ba&nbsp;<a href=\"https:\/\/sympa.laas.fr\/sympa\/review\/ecolaas\">La liste des membres de Ecolaas<\/a><\/p>\n\n\n\n<h4 class=\"wp-block-heading\">Les outils internes Ecolaas<\/h4>\n\n\n\n<p>Pour sa communication, le collectif Ecolaas utilise des outils internes : <\/p>\n\n\n\n<ul class=\"wp-block-list\">\n<li>Partage de documents (comptes-rendus de r\u00e9union, pr\u00e9sentation du collectif, bilan GES, etc.)<\/li>\n\n\n\n<li>Listes de messagerie<\/li>\n\n\n\n<li>Visioconf<\/li>\n\n\n\n<li>Tchat<\/li>\n\n\n\n<li>Web<\/li>\n<\/ul>\n\n\n\n<p><\/p>\n\n\n\n<p><\/p>\n","protected":false},"excerpt":{"rendered":"<p>\u25ba Vous \u00eates du LAAS : rejoignez le collectif&nbsp;! Objectifs Le but du collectif Ecolaas est de soutenir toute d\u00e9marche de d\u00e9veloppement durable et de pr\u00e9servation de l&rsquo;environnement dans le cadre du LAAS.Le collectif se veut \u00eatre force de propositions concr\u00e8tes, de&nbsp;l\u2019action de la plus modeste \u00e0 la plus ambitieuse.Il peut s&rsquo;agir de nouvelles actions [&hellip;]<\/p>\n","protected":false},"author":62,"featured_media":0,"parent":0,"menu_order":0,"comment_status":"closed","ping_status":"closed","template":"","meta":{"footnotes":""},"class_list":["post-27","page","type-page","status-publish","hentry","post"],"_links":{"self":[{"href":"https:\/\/wp.laas.fr\/ecolaas\/wp-json\/wp\/v2\/pages\/27","targetHints":{"allow":["GET"]}}],"collection":[{"href":"https:\/\/wp.laas.fr\/ecolaas\/wp-json\/wp\/v2\/pages"}],"about":[{"href":"https:\/\/wp.laas.fr\/ecolaas\/wp-json\/wp\/v2\/types\/page"}],"author":[{"embeddable":true,"href":"https:\/\/wp.laas.fr\/ecolaas\/wp-json\/wp\/v2\/users\/62"}],"replies":[{"embeddable":true,"href":"https:\/\/wp.laas.fr\/ecolaas\/wp-json\/wp\/v2\/comments?post=27"}],"version-history":[{"count":12,"href":"https:\/\/wp.laas.fr\/ecolaas\/wp-json\/wp\/v2\/pages\/27\/revisions"}],"predecessor-version":[{"id":1983,"href":"https:\/\/wp.laas.fr\/ecolaas\/wp-json\/wp\/v2\/pages\/27\/revisions\/1983"}],"wp:attachment":[{"href":"https:\/\/wp.laas.fr\/ecolaas\/wp-json\/wp\/v2\/media?parent=27"}],"curies":[{"name":"wp","href":"https:\/\/api.w.org\/{rel}","templated":true}]}}