{"id":2,"date":"2024-09-16T07:43:19","date_gmt":"2024-09-16T07:43:19","guid":{"rendered":"https:\/\/wp.laas.fr\/ecolaas2\/?page_id=2"},"modified":"2025-03-13T12:03:27","modified_gmt":"2025-03-13T12:03:27","slug":"sample-page","status":"publish","type":"page","link":"https:\/\/wp.laas.fr\/ecolaas\/sample-page\/","title":{"rendered":"Gestes \u00e9colos"},"content":{"rendered":"\n<figure class=\"wp-block-table is-style-regular\"><table class=\"has-background\" style=\"background-color:#7bdbb59e\"><tbody><tr><td>Quelques bonnes habitudes que vous recommande Ecolaas<\/td><\/tr><\/tbody><\/table><\/figure>\n\n\n<ul class=\"wp-block-latest-posts__list wp-block-latest-posts\"><li><div class=\"wp-block-latest-posts__featured-image alignleft\"><img loading=\"lazy\" decoding=\"async\" width=\"300\" height=\"169\" src=\"https:\/\/wp.laas.fr\/ecolaas\/wp-content\/uploads\/sites\/40\/2025\/10\/banniere-jnr-home-1024x576-1-300x169.avif\" class=\"attachment-medium size-medium wp-post-image\" alt=\"\" style=\"max-width:75px;max-height:75px;\" srcset=\"https:\/\/wp.laas.fr\/ecolaas\/wp-content\/uploads\/sites\/40\/2025\/10\/banniere-jnr-home-1024x576-1-300x169.avif 300w, https:\/\/wp.laas.fr\/ecolaas\/wp-content\/uploads\/sites\/40\/2025\/10\/banniere-jnr-home-1024x576-1-768x432.avif 768w, https:\/\/wp.laas.fr\/ecolaas\/wp-content\/uploads\/sites\/40\/2025\/10\/banniere-jnr-home-1024x576-1.avif 1024w\" sizes=\"auto, (max-width: 300px) 100vw, 300px\" \/><\/div><a class=\"wp-block-latest-posts__post-title\" href=\"https:\/\/wp.laas.fr\/ecolaas\/2025\/10\/02\/journees-nationales-de-la-reparation\/\">Journ\u00e9es nationales de la r\u00e9paration<\/a><\/li>\n<li><div class=\"wp-block-latest-posts__featured-image alignleft\"><img loading=\"lazy\" decoding=\"async\" width=\"225\" height=\"300\" src=\"https:\/\/wp.laas.fr\/ecolaas\/wp-content\/uploads\/sites\/40\/2025\/03\/bloc-note-225x300.jpg\" class=\"attachment-medium size-medium wp-post-image\" alt=\"\" style=\"max-width:75px;max-height:75px;\" srcset=\"https:\/\/wp.laas.fr\/ecolaas\/wp-content\/uploads\/sites\/40\/2025\/03\/bloc-note-225x300.jpg 225w, https:\/\/wp.laas.fr\/ecolaas\/wp-content\/uploads\/sites\/40\/2025\/03\/bloc-note-768x1024.jpg 768w, https:\/\/wp.laas.fr\/ecolaas\/wp-content\/uploads\/sites\/40\/2025\/03\/bloc-note-1152x1536.jpg 1152w, https:\/\/wp.laas.fr\/ecolaas\/wp-content\/uploads\/sites\/40\/2025\/03\/bloc-note-rotated.jpg 1512w\" sizes=\"auto, (max-width: 225px) 100vw, 225px\" \/><\/div><a class=\"wp-block-latest-posts__post-title\" href=\"https:\/\/wp.laas.fr\/ecolaas\/2022\/04\/01\/reutiliser-ses-feuilles-de-brouillon-de-maniere-organisee-cest-possible\/\">R\u00e9utiliser ses feuilles de brouillon de mani\u00e8re organis\u00e9e, c\u2019est possible !<\/a><\/li>\n<li><div class=\"wp-block-latest-posts__featured-image alignleft\"><img loading=\"lazy\" decoding=\"async\" width=\"225\" height=\"225\" src=\"https:\/\/wp.laas.fr\/ecolaas\/wp-content\/uploads\/sites\/40\/2022\/03\/arret_ordinateur.jpeg\" class=\"attachment-medium size-medium wp-post-image\" alt=\"\" style=\"max-width:75px;max-height:75px;\" srcset=\"https:\/\/wp.laas.fr\/ecolaas\/wp-content\/uploads\/sites\/40\/2022\/03\/arret_ordinateur.jpeg 225w, https:\/\/wp.laas.fr\/ecolaas\/wp-content\/uploads\/sites\/40\/2022\/03\/arret_ordinateur-150x150.jpeg 150w\" sizes=\"auto, (max-width: 225px) 100vw, 225px\" \/><\/div><a class=\"wp-block-latest-posts__post-title\" href=\"https:\/\/wp.laas.fr\/ecolaas\/2022\/03\/01\/check-list-pour-economiser-lenergie\/\">Check list pour \u00e9conomiser l&rsquo;\u00e9nergie<\/a><\/li>\n<li><div class=\"wp-block-latest-posts__featured-image alignleft\"><img loading=\"lazy\" decoding=\"async\" width=\"225\" height=\"300\" src=\"https:\/\/wp.laas.fr\/ecolaas\/wp-content\/uploads\/sites\/40\/2021\/11\/Image_Noel-e1741858001518-225x300.png\" class=\"attachment-medium size-medium wp-post-image\" alt=\"\" style=\"max-width:75px;max-height:75px;\" srcset=\"https:\/\/wp.laas.fr\/ecolaas\/wp-content\/uploads\/sites\/40\/2021\/11\/Image_Noel-e1741858001518-225x300.png 225w, https:\/\/wp.laas.fr\/ecolaas\/wp-content\/uploads\/sites\/40\/2021\/11\/Image_Noel-e1741858001518.png 415w\" sizes=\"auto, (max-width: 225px) 100vw, 225px\" \/><\/div><a class=\"wp-block-latest-posts__post-title\" href=\"https:\/\/wp.laas.fr\/ecolaas\/2021\/11\/02\/idees-de-cadeaux-ecologiques\/\">Id\u00e9es de cadeaux \u00e9cologiques<\/a><\/li>\n<li><div class=\"wp-block-latest-posts__featured-image alignleft\"><img loading=\"lazy\" decoding=\"async\" width=\"300\" height=\"213\" src=\"https:\/\/wp.laas.fr\/ecolaas\/wp-content\/uploads\/sites\/40\/2025\/03\/summer-1403071_1280-300x213.jpg\" class=\"attachment-medium size-medium wp-post-image\" alt=\"\" style=\"max-width:75px;max-height:75px;\" srcset=\"https:\/\/wp.laas.fr\/ecolaas\/wp-content\/uploads\/sites\/40\/2025\/03\/summer-1403071_1280-300x213.jpg 300w, https:\/\/wp.laas.fr\/ecolaas\/wp-content\/uploads\/sites\/40\/2025\/03\/summer-1403071_1280-1024x725.jpg 1024w, https:\/\/wp.laas.fr\/ecolaas\/wp-content\/uploads\/sites\/40\/2025\/03\/summer-1403071_1280-768x544.jpg 768w, https:\/\/wp.laas.fr\/ecolaas\/wp-content\/uploads\/sites\/40\/2025\/03\/summer-1403071_1280.jpg 1200w\" sizes=\"auto, (max-width: 300px) 100vw, 300px\" \/><\/div><a class=\"wp-block-latest-posts__post-title\" href=\"https:\/\/wp.laas.fr\/ecolaas\/2021\/06\/28\/la-check-list-des-vacances\/\">La check list des vacances<\/a><\/li>\n<li><div class=\"wp-block-latest-posts__featured-image alignleft\"><img loading=\"lazy\" decoding=\"async\" width=\"227\" height=\"300\" src=\"https:\/\/wp.laas.fr\/ecolaas\/wp-content\/uploads\/sites\/40\/2025\/03\/IFeelGourde-227x300.png\" class=\"attachment-medium size-medium wp-post-image\" alt=\"\" style=\"max-width:75px;max-height:75px;\" srcset=\"https:\/\/wp.laas.fr\/ecolaas\/wp-content\/uploads\/sites\/40\/2025\/03\/IFeelGourde-227x300.png 227w, https:\/\/wp.laas.fr\/ecolaas\/wp-content\/uploads\/sites\/40\/2025\/03\/IFeelGourde.png 377w\" sizes=\"auto, (max-width: 227px) 100vw, 227px\" \/><\/div><a class=\"wp-block-latest-posts__post-title\" href=\"https:\/\/wp.laas.fr\/ecolaas\/2021\/06\/18\/i-feel-gourde\/\">I feel gourde<\/a><\/li>\n<li><div class=\"wp-block-latest-posts__featured-image alignleft\"><img loading=\"lazy\" decoding=\"async\" width=\"300\" height=\"169\" src=\"https:\/\/wp.laas.fr\/ecolaas\/wp-content\/uploads\/sites\/40\/2025\/03\/DessinAdeme-300x169.jpg\" class=\"attachment-medium size-medium wp-post-image\" alt=\"\" style=\"max-width:75px;max-height:75px;\" srcset=\"https:\/\/wp.laas.fr\/ecolaas\/wp-content\/uploads\/sites\/40\/2025\/03\/DessinAdeme-300x169.jpg 300w, https:\/\/wp.laas.fr\/ecolaas\/wp-content\/uploads\/sites\/40\/2025\/03\/DessinAdeme.jpg 624w\" sizes=\"auto, (max-width: 300px) 100vw, 300px\" \/><\/div><a class=\"wp-block-latest-posts__post-title\" href=\"https:\/\/wp.laas.fr\/ecolaas\/2021\/04\/14\/les-gestes-ecolo-au-bureau-aussi\/\">Les gestes \u00e9colo, au bureau aussi !<\/a><\/li>\n<li><div class=\"wp-block-latest-posts__featured-image alignleft\"><img loading=\"lazy\" decoding=\"async\" width=\"300\" height=\"185\" src=\"https:\/\/wp.laas.fr\/ecolaas\/wp-content\/uploads\/sites\/40\/2025\/03\/rep-300x185.png\" class=\"attachment-medium size-medium wp-post-image\" alt=\"\" style=\"max-width:75px;max-height:75px;\" srcset=\"https:\/\/wp.laas.fr\/ecolaas\/wp-content\/uploads\/sites\/40\/2025\/03\/rep-300x185.png 300w, https:\/\/wp.laas.fr\/ecolaas\/wp-content\/uploads\/sites\/40\/2025\/03\/rep.png 440w\" sizes=\"auto, (max-width: 300px) 100vw, 300px\" \/><\/div><a class=\"wp-block-latest-posts__post-title\" href=\"https:\/\/wp.laas.fr\/ecolaas\/2021\/03\/31\/bilan-carbone-personnel-11t-co2e-en-moyenne-et-vous\/\">Bilan carbone personnel : 11t CO2e en moyenne, et vous ?<\/a><\/li>\n<li><div class=\"wp-block-latest-posts__featured-image alignleft\"><img loading=\"lazy\" decoding=\"async\" width=\"300\" height=\"264\" src=\"https:\/\/wp.laas.fr\/ecolaas\/wp-content\/uploads\/sites\/40\/2021\/03\/bteille-2-300x264.jpg\" class=\"attachment-medium size-medium wp-post-image\" alt=\"\" style=\"max-width:75px;max-height:75px;\" srcset=\"https:\/\/wp.laas.fr\/ecolaas\/wp-content\/uploads\/sites\/40\/2021\/03\/bteille-2-300x264.jpg 300w, https:\/\/wp.laas.fr\/ecolaas\/wp-content\/uploads\/sites\/40\/2021\/03\/bteille-2.jpg 329w\" sizes=\"auto, (max-width: 300px) 100vw, 300px\" \/><\/div><a class=\"wp-block-latest-posts__post-title\" href=\"https:\/\/wp.laas.fr\/ecolaas\/2021\/03\/08\/reutilisez-vos-bouteilles-en-plastique\/\">R\u00e9utilisez vos bouteilles en plastique !<\/a><\/li>\n<li><div class=\"wp-block-latest-posts__featured-image alignleft\"><img loading=\"lazy\" decoding=\"async\" width=\"300\" height=\"138\" src=\"https:\/\/wp.laas.fr\/ecolaas\/wp-content\/uploads\/sites\/40\/2021\/01\/chargeur-telephone-branche-300x138.jpg\" class=\"attachment-medium size-medium wp-post-image\" alt=\"\" style=\"max-width:75px;max-height:75px;\" srcset=\"https:\/\/wp.laas.fr\/ecolaas\/wp-content\/uploads\/sites\/40\/2021\/01\/chargeur-telephone-branche-300x138.jpg 300w, https:\/\/wp.laas.fr\/ecolaas\/wp-content\/uploads\/sites\/40\/2021\/01\/chargeur-telephone-branche.jpg 530w\" sizes=\"auto, (max-width: 300px) 100vw, 300px\" \/><\/div><a class=\"wp-block-latest-posts__post-title\" href=\"https:\/\/wp.laas.fr\/ecolaas\/2021\/01\/14\/debranchez-vos-chargeurs-quand-vous-ne-les-utilisez-pas\/\">D\u00e9branchez vos chargeurs quand vous ne les utilisez pas<\/a><\/li>\n<\/ul>\n\n\n<p><\/p>\n","protected":false},"excerpt":{"rendered":"<p>Quelques bonnes habitudes que vous recommande Ecolaas<\/p>\n","protected":false},"author":24,"featured_media":0,"parent":0,"menu_order":0,"comment_status":"closed","ping_status":"open","template":"","meta":{"footnotes":""},"class_list":["post-2","page","type-page","status-publish","hentry","post"],"_links":{"self":[{"href":"https:\/\/wp.laas.fr\/ecolaas\/wp-json\/wp\/v2\/pages\/2","targetHints":{"allow":["GET"]}}],"collection":[{"href":"https:\/\/wp.laas.fr\/ecolaas\/wp-json\/wp\/v2\/pages"}],"about":[{"href":"https:\/\/wp.laas.fr\/ecolaas\/wp-json\/wp\/v2\/types\/page"}],"author":[{"embeddable":true,"href":"https:\/\/wp.laas.fr\/ecolaas\/wp-json\/wp\/v2\/users\/24"}],"replies":[{"embeddable":true,"href":"https:\/\/wp.laas.fr\/ecolaas\/wp-json\/wp\/v2\/comments?post=2"}],"version-history":[{"count":10,"href":"https:\/\/wp.laas.fr\/ecolaas\/wp-json\/wp\/v2\/pages\/2\/revisions"}],"predecessor-version":[{"id":1228,"href":"https:\/\/wp.laas.fr\/ecolaas\/wp-json\/wp\/v2\/pages\/2\/revisions\/1228"}],"wp:attachment":[{"href":"https:\/\/wp.laas.fr\/ecolaas\/wp-json\/wp\/v2\/media?parent=2"}],"curies":[{"name":"wp","href":"https:\/\/api.w.org\/{rel}","templated":true}]}}