{"id":19,"date":"2024-12-03T14:44:49","date_gmt":"2024-12-03T14:44:49","guid":{"rendered":"https:\/\/wp.laas.fr\/ecolaas2\/?page_id=19"},"modified":"2025-01-08T12:55:16","modified_gmt":"2025-01-08T12:55:16","slug":"actions","status":"publish","type":"page","link":"https:\/\/wp.laas.fr\/ecolaas\/actions\/","title":{"rendered":"Actions"},"content":{"rendered":"\n<h4 class=\"wp-block-heading\"><a href=\"https:\/\/wp.laas.fr\/ecolaas\/laasticot-le-potager-partage-ecoresponsable\/\" data-type=\"page\" data-id=\"96\">LAASticot &#8211; le potager partag\u00e9 \u00e9coresponsable<\/a><\/h4>\n\n\n\n<div class=\"wp-block-media-text is-stacked-on-mobile\" style=\"grid-template-columns:16% auto\"><figure class=\"wp-block-media-text__media\"><img loading=\"lazy\" decoding=\"async\" width=\"1024\" height=\"932\" src=\"https:\/\/wp.laas.fr\/ecolaas2\/wp-content\/uploads\/sites\/40\/2024\/12\/laasticot-1-1024x932.png\" alt=\"\" class=\"wp-image-73 size-full\" srcset=\"https:\/\/wp.laas.fr\/ecolaas\/wp-content\/uploads\/sites\/40\/2024\/12\/laasticot-1-1024x932.png 1024w, https:\/\/wp.laas.fr\/ecolaas\/wp-content\/uploads\/sites\/40\/2024\/12\/laasticot-1-300x273.png 300w, https:\/\/wp.laas.fr\/ecolaas\/wp-content\/uploads\/sites\/40\/2024\/12\/laasticot-1-768x699.png 768w, https:\/\/wp.laas.fr\/ecolaas\/wp-content\/uploads\/sites\/40\/2024\/12\/laasticot-1.png 1236w\" sizes=\"auto, (max-width: 1024px) 100vw, 1024px\" \/><\/figure><div class=\"wp-block-media-text__content\">\n<p>Il y a des espaces verts aux alentours des b\u00e2timents et des parkings du LAAS qui ne sont utilis\u00e9s par personne alors que \u00e7a pourrait devenir de la surface cultivable qui ram\u00e8nerait des insectes et nourrirait quelques personnes au moins au sein du laboratoire.<\/p>\n<\/div><\/div>\n\n\n\n<h4 class=\"wp-block-heading\"><a href=\"https:\/\/wp.laas.fr\/ecolaas\/actions-defficacite-energetique-sur-le-batiment-f-g\/\" data-type=\"page\" data-id=\"85\">Actions d\u2019efficacit\u00e9 \u00e9nerg\u00e9tique sur le b\u00e2timent F\/G<\/a><\/h4>\n\n\n\n<div class=\"wp-block-media-text is-stacked-on-mobile\" style=\"grid-template-columns:15% auto\"><figure class=\"wp-block-media-text__media\"><img loading=\"lazy\" decoding=\"async\" width=\"1024\" height=\"560\" src=\"https:\/\/wp.laas.fr\/ecolaas2\/wp-content\/uploads\/sites\/40\/2024\/12\/actions_energie_batimentFG-1024x560.png\" alt=\"\" class=\"wp-image-74 size-full\" srcset=\"https:\/\/wp.laas.fr\/ecolaas\/wp-content\/uploads\/sites\/40\/2024\/12\/actions_energie_batimentFG-1024x560.png 1024w, https:\/\/wp.laas.fr\/ecolaas\/wp-content\/uploads\/sites\/40\/2024\/12\/actions_energie_batimentFG-300x164.png 300w, https:\/\/wp.laas.fr\/ecolaas\/wp-content\/uploads\/sites\/40\/2024\/12\/actions_energie_batimentFG-768x420.png 768w, https:\/\/wp.laas.fr\/ecolaas\/wp-content\/uploads\/sites\/40\/2024\/12\/actions_energie_batimentFG.png 1064w\" sizes=\"auto, (max-width: 1024px) 100vw, 1024px\" \/><\/figure><div class=\"wp-block-media-text__content\">\n<p>La salle blanche du LAAS est un ensemble de pi\u00e8ces o\u00f9 la concentration en particules dans l&rsquo;air est ma\u00eetris\u00e9e. C&rsquo;est une condition indispensable \u00e0 la fabrication de dispositifs \u00e0 semi-conducteurs.<\/p>\n\n\n\n<p>Pour cela, plusieurs syst\u00e8mes d&rsquo;extraction d&rsquo;air et de filtrage sont install\u00e9s (14 zones, 4 extracteurs, 130 points d&rsquo;extractions). De plus l\u2019air est continuellement filtr\u00e9 et r\u00e9gul\u00e9 dans des conditions de temp\u00e9rature et d\u2019humidit\u00e9 extr\u00eamement pr\u00e9cises. Tous ces syst\u00e8mes sont tr\u00e8s gourmands en \u00e9nergie. Ils ont fait l&rsquo;objet de plusieurs \u00e9tudes et de modifications pour am\u00e9liorer leur&nbsp;efficacit\u00e9 \u00e9nerg\u00e9tique gr\u00e2ce \u00e0 un&nbsp;cofinancement de l\u2019\u00c9tat (65%), du CNRS (30%) et du LAAS (5%).<\/p>\n<\/div><\/div>\n\n\n\n<h4 class=\"wp-block-heading\"><a href=\"https:\/\/wp.laas.fr\/ecolaas\/action-entretien-des-espaces-verts-sans-produits-chimiques\/\" data-type=\"page\" data-id=\"99\">Entretien des espaces verts sans produits chimiques<\/a><\/h4>\n\n\n\n<div class=\"wp-block-media-text is-stacked-on-mobile\" style=\"grid-template-columns:16% auto\"><figure class=\"wp-block-media-text__media\"><img loading=\"lazy\" decoding=\"async\" width=\"724\" height=\"1024\" src=\"https:\/\/wp.laas.fr\/ecolaas2\/wp-content\/uploads\/sites\/40\/2024\/12\/entretienEV-724x1024.jpg\" alt=\"\" class=\"wp-image-75 size-full\" srcset=\"https:\/\/wp.laas.fr\/ecolaas\/wp-content\/uploads\/sites\/40\/2024\/12\/entretienEV-724x1024.jpg 724w, https:\/\/wp.laas.fr\/ecolaas\/wp-content\/uploads\/sites\/40\/2024\/12\/entretienEV-212x300.jpg 212w, https:\/\/wp.laas.fr\/ecolaas\/wp-content\/uploads\/sites\/40\/2024\/12\/entretienEV-768x1086.jpg 768w, https:\/\/wp.laas.fr\/ecolaas\/wp-content\/uploads\/sites\/40\/2024\/12\/entretienEV.jpg 838w\" sizes=\"auto, (max-width: 724px) 100vw, 724px\" \/><\/figure><div class=\"wp-block-media-text__content\">\n<p>L&rsquo;utilisation de diff\u00e9rents produits sanitaires dont le glyphosate sur les bordures des voiries et cl\u00f4tures du LAAS est contradictoire avec les b\u00e9n\u00e9fices esp\u00e9r\u00e9s pour la biodiversit\u00e9 en plantant la haie champ\u00eatre.<\/p>\n\n\n\n<p>Cette action a pour objectif de ramener de la faune et de la flore sauvage dans les espaces verts du LAAS, avoir un environnement ext\u00e9rieur plus sain pour le personnel et m\u00e9nager la sant\u00e9 des employ\u00e9s de l&rsquo;entreprise d&rsquo;entretien des espaces verts.<\/p>\n<\/div><\/div>\n\n\n\n<h4 class=\"wp-block-heading\"><a href=\"https:\/\/wp.laas.fr\/ecolaas\/bilan-gaz-a-effet-de-serre-ges-du-laas\/\" data-type=\"page\" data-id=\"126\">Bilan Gaz \u00e0 effet de serre (GES) du LAAS<\/a><\/h4>\n\n\n\n<div class=\"wp-block-media-text is-stacked-on-mobile\" style=\"grid-template-columns:15% auto\"><figure class=\"wp-block-media-text__media\"><img loading=\"lazy\" decoding=\"async\" width=\"1024\" height=\"1024\" src=\"https:\/\/wp.laas.fr\/ecolaas2\/wp-content\/uploads\/sites\/40\/2024\/12\/LogoLabo1.5rond-1024x1024.png\" alt=\"\" class=\"wp-image-76 size-full\" srcset=\"https:\/\/wp.laas.fr\/ecolaas\/wp-content\/uploads\/sites\/40\/2024\/12\/LogoLabo1.5rond-1024x1024.png 1024w, https:\/\/wp.laas.fr\/ecolaas\/wp-content\/uploads\/sites\/40\/2024\/12\/LogoLabo1.5rond-300x300.png 300w, https:\/\/wp.laas.fr\/ecolaas\/wp-content\/uploads\/sites\/40\/2024\/12\/LogoLabo1.5rond-150x150.png 150w, https:\/\/wp.laas.fr\/ecolaas\/wp-content\/uploads\/sites\/40\/2024\/12\/LogoLabo1.5rond-768x768.png 768w, https:\/\/wp.laas.fr\/ecolaas\/wp-content\/uploads\/sites\/40\/2024\/12\/LogoLabo1.5rond.png 1200w\" sizes=\"auto, (max-width: 1024px) 100vw, 1024px\" \/><\/figure><div class=\"wp-block-media-text__content\">\n<p>Ecolaas s&rsquo;inscrit dans une d\u00e9marche de transformation ax\u00e9e sur la r\u00e9duction de notre empreinte environnementale.&nbsp;Quantifier cette&nbsp;empreinte environnementale au niveau du laboratoire repr\u00e9sente une premi\u00e8re \u00e9tape importante afin de disposer d\u2019une ann\u00e9e de r\u00e9f\u00e9rence et d\u2019\u00e9l\u00e9ments factuels.&nbsp;<\/p>\n\n\n\n<p>Cette action est nationale gr\u00e2ce au collectif <a href=\"https:\/\/labos1point5.org\/\">Labos 1point5<\/a> qui a d\u00e9velopp\u00e9&nbsp;GES 1point5, un outil&nbsp;permettant aux laboratoires de recherche de r\u00e9aliser leur bilan de gaz \u00e0 effet de serre (BGES) en utilisant une m\u00e9thodologie commune.<\/p>\n<\/div><\/div>\n\n\n\n<h4 class=\"wp-block-heading\"><a href=\"https:\/\/wp.laas.fr\/ecolaas\/velos-en-libre-service\/\" data-type=\"page\" data-id=\"161\">V\u00e9los en libre-service<\/a><\/h4>\n\n\n\n<div class=\"wp-block-media-text is-stacked-on-mobile\" style=\"grid-template-columns:16% auto\"><figure class=\"wp-block-media-text__media\"><img loading=\"lazy\" decoding=\"async\" width=\"600\" height=\"450\" src=\"https:\/\/wp.laas.fr\/ecolaas2\/wp-content\/uploads\/sites\/40\/2024\/12\/veloLAAS.jpg\" alt=\"\" class=\"wp-image-77 size-full\" srcset=\"https:\/\/wp.laas.fr\/ecolaas\/wp-content\/uploads\/sites\/40\/2024\/12\/veloLAAS.jpg 600w, https:\/\/wp.laas.fr\/ecolaas\/wp-content\/uploads\/sites\/40\/2024\/12\/veloLAAS-300x225.jpg 300w\" sizes=\"auto, (max-width: 600px) 100vw, 600px\" \/><\/figure><div class=\"wp-block-media-text__content\">\n<p>Beaucoup de personnes du LAAS se rendent sur le campus pour quelques heures dans la journ\u00e9e (en particulier les enseignants-chercheurs). L&rsquo;objectif de cette action est de permettre d&rsquo;utiliser&nbsp;le v\u00e9lo pour ces petits parcours en&nbsp;laissant&nbsp;la voiture au parking &nbsp;et ainsi&nbsp;am\u00e9liorer le bilan carbone.<\/p>\n<\/div><\/div>\n\n\n\n<h4 class=\"wp-block-heading\"><a href=\"https:\/\/wp.laas.fr\/ecolaas\/renovation-energetique-du-laboratoire\/\" data-type=\"page\" data-id=\"183\">R\u00e9novation \u00e9nerg\u00e9tique du laboratoire<\/a><\/h4>\n\n\n\n<div class=\"wp-block-media-text is-stacked-on-mobile\" style=\"grid-template-columns:21% auto\"><figure class=\"wp-block-media-text__media\"><img loading=\"lazy\" decoding=\"async\" width=\"1024\" height=\"465\" src=\"https:\/\/wp.laas.fr\/ecolaas2\/wp-content\/uploads\/sites\/40\/2024\/12\/chantier-travaux-1024x465.jpg\" alt=\"\" class=\"wp-image-81 size-full\" srcset=\"https:\/\/wp.laas.fr\/ecolaas\/wp-content\/uploads\/sites\/40\/2024\/12\/chantier-travaux-1024x465.jpg 1024w, https:\/\/wp.laas.fr\/ecolaas\/wp-content\/uploads\/sites\/40\/2024\/12\/chantier-travaux-300x136.jpg 300w, https:\/\/wp.laas.fr\/ecolaas\/wp-content\/uploads\/sites\/40\/2024\/12\/chantier-travaux-768x349.jpg 768w, https:\/\/wp.laas.fr\/ecolaas\/wp-content\/uploads\/sites\/40\/2024\/12\/chantier-travaux.jpg 1100w\" sizes=\"auto, (max-width: 1024px) 100vw, 1024px\" \/><\/figure><div class=\"wp-block-media-text__content\">\n<p>Dans le cadre du projet Eco&nbsp;Campus&nbsp;et de sa volont\u00e9 de mettre en place une politique de performance \u00e9nerg\u00e9tique et environnementale, le CNRS a engag\u00e9 des travaux de r\u00e9habilitation et de r\u00e9novation \u00e9nerg\u00e9tique des b\u00e2timents dont il a la charge.<\/p>\n\n\n\n<p>Ayant plus de 50 ans, les b\u00e2timents \u00ab\u00a0historiques\u00a0\u00bb du LAAS ont ainsi fait l&rsquo;objet de projets adapt\u00e9s, dans le cadre d&rsquo;op\u00e9rations immobili\u00e8res propres au CNRS sur la p\u00e9riode 2022-2023.<\/p>\n<\/div><\/div>\n\n\n\n<h4 class=\"wp-block-heading\"><a href=\"https:\/\/wp.laas.fr\/ecolaas\/newsletter\/\" data-type=\"page\" data-id=\"867\">Newsletter<\/a><\/h4>\n\n\n\n<div class=\"wp-block-media-text is-stacked-on-mobile\" style=\"grid-template-columns:15% auto\"><figure class=\"wp-block-media-text__media\"><img loading=\"lazy\" decoding=\"async\" width=\"600\" height=\"608\" src=\"https:\/\/wp.laas.fr\/ecolaas2\/wp-content\/uploads\/sites\/40\/2024\/12\/newsletterEcoLAAS.png\" alt=\"\" class=\"wp-image-78 size-full\" srcset=\"https:\/\/wp.laas.fr\/ecolaas\/wp-content\/uploads\/sites\/40\/2024\/12\/newsletterEcoLAAS.png 600w, https:\/\/wp.laas.fr\/ecolaas\/wp-content\/uploads\/sites\/40\/2024\/12\/newsletterEcoLAAS-296x300.png 296w\" sizes=\"auto, (max-width: 600px) 100vw, 600px\" \/><\/figure><div class=\"wp-block-media-text__content\">\n<blockquote class=\"wp-block-quote is-layout-flow wp-block-quote-is-layout-flow\">\n<p>\u00a0\u00bb <em>Les personnes les plus susceptibles d\u2019agir pour pr\u00e9server la plan\u00e8te sont celles qui pensent \u00eatre suffisamment inform\u00e9es, qui savent comment agir et qui croient en l\u2019effet de leurs actions.<\/em>\u00ab\u00a0<\/p>\n<\/blockquote>\n<\/div><\/div>\n\n\n\n<h4 class=\"wp-block-heading\"><a href=\"https:\/\/wp.laas.fr\/ecolaas\/action-entretien-des-espaces-verts-sans-produits-chimiques\/\" data-type=\"page\" data-id=\"99\">Plantation et entretien de la haie champ\u00eatre<\/a><\/h4>\n\n\n\n<div class=\"wp-block-media-text is-stacked-on-mobile\" style=\"grid-template-columns:21% auto\"><figure class=\"wp-block-media-text__media\"><img loading=\"lazy\" decoding=\"async\" width=\"1024\" height=\"1024\" src=\"https:\/\/wp.laas.fr\/ecolaas2\/wp-content\/uploads\/sites\/40\/2024\/12\/HaieChampetre-1024x1024.jpg\" alt=\"\" class=\"wp-image-82 size-full\" srcset=\"https:\/\/wp.laas.fr\/ecolaas\/wp-content\/uploads\/sites\/40\/2024\/12\/HaieChampetre-1024x1024.jpg 1024w, https:\/\/wp.laas.fr\/ecolaas\/wp-content\/uploads\/sites\/40\/2024\/12\/HaieChampetre-300x300.jpg 300w, https:\/\/wp.laas.fr\/ecolaas\/wp-content\/uploads\/sites\/40\/2024\/12\/HaieChampetre-150x150.jpg 150w, https:\/\/wp.laas.fr\/ecolaas\/wp-content\/uploads\/sites\/40\/2024\/12\/HaieChampetre-768x768.jpg 768w, https:\/\/wp.laas.fr\/ecolaas\/wp-content\/uploads\/sites\/40\/2024\/12\/HaieChampetre.jpg 1200w\" sizes=\"auto, (max-width: 1024px) 100vw, 1024px\" \/><\/figure><div class=\"wp-block-media-text__content\">\n<p>De plus en plus de b\u00e2timents, de parkings, de grillages, de moins en moins d&rsquo;arbres et de verdure. La disparition de la biodiversit\u00e9 est bien visible localement mais h\u00e9las \u00e0 l\u2019\u00e9chelle mondiale. L&rsquo;objectif de cette action est de cr\u00e9er une haie d&rsquo;arbres et d&rsquo;arbustes locaux qui sera un corridor \u00e9cologique entre le \u00ab\u00a0petit bois\u00a0\u00bb c\u00f4t\u00e9 canal et la mare aux canards.<\/p>\n<\/div><\/div>\n\n\n\n<h4 class=\"wp-block-heading\"><a href=\"https:\/\/wp.laas.fr\/ecolaas\/reduire-nos-impressions-papier\/\" data-type=\"page\" data-id=\"881\">R\u00e9duire nos impressions papier<\/a><\/h4>\n\n\n\n<div class=\"wp-block-media-text is-stacked-on-mobile\" style=\"grid-template-columns:21% auto\"><figure class=\"wp-block-media-text__media\"><img loading=\"lazy\" decoding=\"async\" width=\"137\" height=\"100\" src=\"https:\/\/wp.laas.fr\/ecolaas2\/wp-content\/uploads\/sites\/40\/2024\/12\/Trop-de-papier.jpg\" alt=\"\" class=\"wp-image-83 size-full\" \/><\/figure><div class=\"wp-block-media-text__content\">\n<p>8T de papier achet\u00e9 par an au LAAS (stable).&nbsp;<\/p>\n\n\n\n<p>C\u00f4t\u00e9 imprimerie, difficile de d\u00e9gager des pistes pour r\u00e9duire la consommation de papier (par exemple, les th\u00e8ses sont tir\u00e9es \u00e0 15 exemplaires + 2 pour le LAAS).<\/p>\n\n\n\n<p>L&rsquo;objectif est donc de r\u00e9duire les impressions personnelles.<\/p>\n<\/div><\/div>\n\n\n\n<p><\/p>\n","protected":false},"excerpt":{"rendered":"<p>LAASticot &#8211; le potager partag\u00e9 \u00e9coresponsable Il y a des espaces verts aux alentours des b\u00e2timents et des parkings du LAAS qui ne sont utilis\u00e9s par personne alors que \u00e7a pourrait devenir de la surface cultivable qui ram\u00e8nerait des insectes et nourrirait quelques personnes au moins au sein du laboratoire. Actions d\u2019efficacit\u00e9 \u00e9nerg\u00e9tique sur le [&hellip;]<\/p>\n","protected":false},"author":62,"featured_media":0,"parent":0,"menu_order":0,"comment_status":"closed","ping_status":"closed","template":"","meta":{"footnotes":""},"class_list":["post-19","page","type-page","status-publish","hentry","post"],"_links":{"self":[{"href":"https:\/\/wp.laas.fr\/ecolaas\/wp-json\/wp\/v2\/pages\/19","targetHints":{"allow":["GET"]}}],"collection":[{"href":"https:\/\/wp.laas.fr\/ecolaas\/wp-json\/wp\/v2\/pages"}],"about":[{"href":"https:\/\/wp.laas.fr\/ecolaas\/wp-json\/wp\/v2\/types\/page"}],"author":[{"embeddable":true,"href":"https:\/\/wp.laas.fr\/ecolaas\/wp-json\/wp\/v2\/users\/62"}],"replies":[{"embeddable":true,"href":"https:\/\/wp.laas.fr\/ecolaas\/wp-json\/wp\/v2\/comments?post=19"}],"version-history":[{"count":18,"href":"https:\/\/wp.laas.fr\/ecolaas\/wp-json\/wp\/v2\/pages\/19\/revisions"}],"predecessor-version":[{"id":888,"href":"https:\/\/wp.laas.fr\/ecolaas\/wp-json\/wp\/v2\/pages\/19\/revisions\/888"}],"wp:attachment":[{"href":"https:\/\/wp.laas.fr\/ecolaas\/wp-json\/wp\/v2\/media?parent=19"}],"curies":[{"name":"wp","href":"https:\/\/api.w.org\/{rel}","templated":true}]}}