{"id":183,"date":"2024-12-07T13:27:13","date_gmt":"2024-12-07T13:27:13","guid":{"rendered":"https:\/\/wp.laas.fr\/ecolaas\/?page_id=183"},"modified":"2024-12-07T18:49:14","modified_gmt":"2024-12-07T18:49:14","slug":"renovation-energetique-du-laboratoire","status":"publish","type":"page","link":"https:\/\/wp.laas.fr\/ecolaas\/renovation-energetique-du-laboratoire\/","title":{"rendered":"R\u00e9novation \u00e9nerg\u00e9tique du laboratoire"},"content":{"rendered":"\n<figure class=\"wp-block-table is-style-regular\"><table class=\"has-background has-fixed-layout\" style=\"background-color:#dfdfdf\"><tbody><tr><td><em>La&nbsp;r\u00e9novation&nbsp;\u00e9nerg\u00e9tique des&nbsp;b\u00e2timents r\u00e9pond \u00e0 un objectif \u00e0 la fois environnemental (r\u00e9duction des \u00e9missions de gaz \u00e0 effet de serre, qualit\u00e9 de l&rsquo;air, qualit\u00e9 de vie, etc.), \u00e9conomique (\u00e9conomies d&rsquo;exploitation) et r\u00e9glementaire. (cf <a href=\"https:\/\/www.ademe.fr\/sites\/default\/files\/assets\/documents\/costic-brochure-guideademe_d_2_col-8.pdf\">La r\u00e9novation \u00e9nerg\u00e9tique des b\u00e2timents tertaires &#8211; brochure ADEME<\/a>)<\/em><\/td><\/tr><\/tbody><\/table><\/figure>\n\n\n<div class=\"wp-block-image\">\n<figure class=\"aligncenter size-large is-resized\"><img loading=\"lazy\" decoding=\"async\" width=\"1024\" height=\"465\" src=\"https:\/\/wp.laas.fr\/ecolaas\/wp-content\/uploads\/sites\/40\/2024\/12\/chantier-travaux-1024x465.jpg\" alt=\"\" class=\"wp-image-81\" style=\"width:291px;height:auto\" srcset=\"https:\/\/wp.laas.fr\/ecolaas\/wp-content\/uploads\/sites\/40\/2024\/12\/chantier-travaux-1024x465.jpg 1024w, https:\/\/wp.laas.fr\/ecolaas\/wp-content\/uploads\/sites\/40\/2024\/12\/chantier-travaux-300x136.jpg 300w, https:\/\/wp.laas.fr\/ecolaas\/wp-content\/uploads\/sites\/40\/2024\/12\/chantier-travaux-768x349.jpg 768w, https:\/\/wp.laas.fr\/ecolaas\/wp-content\/uploads\/sites\/40\/2024\/12\/chantier-travaux.jpg 1100w\" sizes=\"auto, (max-width: 1024px) 100vw, 1024px\" \/><\/figure>\n<\/div>\n\n\n<figure class=\"wp-block-table is-style-stripes\"><table class=\"has-fixed-layout\"><thead><tr><th><\/th><\/tr><\/thead><tbody><tr><td><strong>Contexte<\/strong><\/td><\/tr><tr><td>Dans le cadre du projet Eco&nbsp;Campus&nbsp;et de sa volont\u00e9 de mettre en place une politique de performance \u00e9nerg\u00e9tique et environnementale, le CNRS a engag\u00e9 des travaux de r\u00e9habilitation et de r\u00e9novation \u00e9nerg\u00e9tique des b\u00e2timents dont il a la charge.&nbsp;Ayant plus de 50 ans, les b\u00e2timents \u00ab\u00a0historiques\u00a0\u00bb du LAAS ont ainsi fait l&rsquo;objet de projets adapt\u00e9s, dans le cadre d&rsquo;op\u00e9rations immobili\u00e8res propres au CNRS sur la p\u00e9riode 2022-2023.<\/td><\/tr><tr><td><strong>Objectifs<\/strong><\/td><\/tr><tr><td>Chauffage et climatisation<br>Isoler \u00e9nerg\u00e9tiquement les b\u00e2timents<br>Am\u00e9liorer la qualit\u00e9 de vie au travail<br>\u00c9clairage&nbsp;<br>Limiter le fonctionnement de l&rsquo;\u00e9clairage aux moments o\u00f9 il est utile<br>Consommer moins d&rsquo;\u00e9lectricit\u00e9 avec des mat\u00e9riels plus \u00e9conomes (LED)<br>Am\u00e9liorer la qualit\u00e9 de vie au travail<br>Espaces tertiaires<br>Optimiser les espaces de travail et de convivialit\u00e9<br>Am\u00e9liorer la qualit\u00e9 de vie au travail (augmentation de la surface de bureaux, augmentation de la luminosit\u00e9 au sein des bureaux)<\/td><\/tr><tr><td><strong>Indicateur<\/strong><\/td><\/tr><tr><td>Donn\u00e9es de consommations \u00e9nerg\u00e9tiques<br>Analyse par b\u00e2timent<br>Cumuls au niveau du laboratoire<\/td><\/tr><tr><td><strong>Personnes<\/strong><\/td><\/tr><tr><td>Service Logistique, Eric Tasselli, Pierre Temple-Boyer<\/td><\/tr><tr><td><strong>Mise en \u0153uvre<\/strong><\/td><\/tr><tr><td>Agenda des travaux<br><strong><sup><sub>\u25ba<\/sub><\/sup><\/strong> <strong>D\u00e9cembre 2018 \u00e0 juillet 2019<\/strong> :\u00a0<a href=\"https:\/\/www.laas.fr\/prive\/intranet\/travauxBatA\">R\u00e9novation \u00e9nerg\u00e9tique d&rsquo;une partie du b\u00e2timent A<\/a><br><strong><sup><sub>\u25ba<\/sub><\/sup><\/strong> <strong>D\u00e9cembre 2020 \u00e0 mars 2021,<\/strong> b\u00e2timent A : remplacement des anciens luminaires par des LEDs gradables munies de commandes adapt\u00e9es et de d\u00e9tecteurs de pr\u00e9sence, remplacement des 25 luminaires du parking Adream (puissance 100 Watts\/par luminaire) par des luminaires \u00e0 LED (puissance 50 Watts\/par luminaire) avec une dur\u00e9e de vie de 100 000 heures.<br><strong><sup><sub>\u25ba<\/sub><\/sup><\/strong> <strong>Avril 2022 \u00e0 septembre 2022<\/strong> : finalisation de la r\u00e9novation \u00e9nerg\u00e9tique du b\u00e2timent A.<br><strong><sup><sub>\u25ba<\/sub><\/sup><\/strong> <strong>Octobre 2022 \u00e0 d\u00e9cembre 2023 <\/strong>: r\u00e9fection et r\u00e9novation \u00e9nerg\u00e9tique du b\u00e2timent B.<br><strong><sup><sub>\u25ba<\/sub><\/sup><\/strong> <strong>En pr\u00e9vision :<\/strong><br>remplacement des anciens blocs secours du B\u00e2t.A par des blocs secours \u00e0 LED<br>remplacement des 10 bornes ext\u00e9rieures d&rsquo;\u00e9clairage autour du B\u00e2t.A par des bornes \u00e0 LED (moins consommatrice)<br>arr\u00eat \u00e9ventuel de l&rsquo;\u00e9clairage la nuit du parking Adream et de la zone de la mare entre 23h00 et 6h00 du matin pour r\u00e9duire \u00e9galement la consommation \u00e9lectrique si le gardiennage ne s&rsquo;y oppose pas.<\/td><\/tr><tr><td><strong>R\u00e9sultats quantitatifs<\/strong><\/td><\/tr><tr><td><strong><sup><sub>\u25ba<\/sub><\/sup><\/strong> Chauffage et climatisation.<br><strong><sup><sub>\u25ba<\/sub><\/sup><\/strong> Diminution de la consommation \u00e9lectrique du laboratoire et des d\u00e9penses associ\u00e9es (mais donn\u00e9es non repr\u00e9sentatives en 2020 en raison de la crise sanitaire).<br><strong><sup><sub>\u25ba<\/sub><\/sup><\/strong> Espaces tertiaires.<br><strong><sup><sub>\u25ba<\/sub><\/sup><\/strong> Augmentation de la surface de bureaux par personne au sein du laboratoire.<\/td><\/tr><tr><td><strong>R\u00e9sultats qualitatifs<\/strong><\/td><\/tr><tr><td><strong><sup><sub>\u25ba<\/sub><\/sup><\/strong> Chauffage et climatisation et \u00e9clairage<br><strong><sup><sub>\u25ba<\/sub><\/sup><\/strong> Meilleur confort de travail pour les usagers<br><strong><sup><sub>\u25ba<\/sub><\/sup><\/strong> Espaces tertiaires<br><strong><sup><sub>\u25ba<\/sub><\/sup><\/strong> Meilleur confort de travail pour les usagers<\/td><\/tr><tr><td><strong>Valorisation de cette exp\u00e9rience<\/strong><\/td><\/tr><tr><td>Aucune \u00e0 ce jour, except\u00e9 la cr\u00e9ation de cette page Action pour mieux communiquer aupr\u00e8s des personnels du laboratoire.<\/td><\/tr><\/tbody><tfoot><tr><td><\/td><\/tr><\/tfoot><\/table><\/figure>\n","protected":false},"excerpt":{"rendered":"<p>La&nbsp;r\u00e9novation&nbsp;\u00e9nerg\u00e9tique des&nbsp;b\u00e2timents r\u00e9pond \u00e0 un objectif \u00e0 la fois environnemental (r\u00e9duction des \u00e9missions de gaz \u00e0 effet de serre, qualit\u00e9 de l&rsquo;air, qualit\u00e9 de vie, etc.), \u00e9conomique (\u00e9conomies d&rsquo;exploitation) et r\u00e9glementaire. (cf La r\u00e9novation \u00e9nerg\u00e9tique des b\u00e2timents tertaires &#8211; brochure ADEME) Contexte Dans le cadre du projet Eco&nbsp;Campus&nbsp;et de sa volont\u00e9 de mettre en place [&hellip;]<\/p>\n","protected":false},"author":62,"featured_media":0,"parent":0,"menu_order":0,"comment_status":"closed","ping_status":"closed","template":"","meta":{"footnotes":""},"class_list":["post-183","page","type-page","status-publish","hentry","post"],"_links":{"self":[{"href":"https:\/\/wp.laas.fr\/ecolaas\/wp-json\/wp\/v2\/pages\/183","targetHints":{"allow":["GET"]}}],"collection":[{"href":"https:\/\/wp.laas.fr\/ecolaas\/wp-json\/wp\/v2\/pages"}],"about":[{"href":"https:\/\/wp.laas.fr\/ecolaas\/wp-json\/wp\/v2\/types\/page"}],"author":[{"embeddable":true,"href":"https:\/\/wp.laas.fr\/ecolaas\/wp-json\/wp\/v2\/users\/62"}],"replies":[{"embeddable":true,"href":"https:\/\/wp.laas.fr\/ecolaas\/wp-json\/wp\/v2\/comments?post=183"}],"version-history":[{"count":6,"href":"https:\/\/wp.laas.fr\/ecolaas\/wp-json\/wp\/v2\/pages\/183\/revisions"}],"predecessor-version":[{"id":1953,"href":"https:\/\/wp.laas.fr\/ecolaas\/wp-json\/wp\/v2\/pages\/183\/revisions\/1953"}],"wp:attachment":[{"href":"https:\/\/wp.laas.fr\/ecolaas\/wp-json\/wp\/v2\/media?parent=183"}],"curies":[{"name":"wp","href":"https:\/\/api.w.org\/{rel}","templated":true}]}}