{"id":161,"date":"2024-12-06T21:32:54","date_gmt":"2024-12-06T21:32:54","guid":{"rendered":"https:\/\/wp.laas.fr\/ecolaas\/?page_id=161"},"modified":"2024-12-07T18:43:00","modified_gmt":"2024-12-07T18:43:00","slug":"velos-en-libre-service","status":"publish","type":"page","link":"https:\/\/wp.laas.fr\/ecolaas\/velos-en-libre-service\/","title":{"rendered":"V\u00e9los en libre-service"},"content":{"rendered":"\n<figure class=\"wp-block-table\"><table class=\"has-background has-fixed-layout\" style=\"background-color:#dfdfdf\"><tbody><tr><td>5 km en voiture thermique : 965g \u00e9quivalent CO2, v\u00e9lo : 0, v\u00e9lo \u00e0 assistance \u00e9lectrique : 10g&nbsp;&nbsp;<br>(<a href=\"https:\/\/agirpourlatransition.ademe.fr\/particuliers\/calculer-emissions-carbone-trajets\">https:\/\/agirpourlatransition.ademe.fr\/particuliers\/calculer-emissions-ca&#8230;<\/a>)<\/td><\/tr><\/tbody><\/table><\/figure>\n\n\n<div class=\"wp-block-image\">\n<figure class=\"aligncenter size-full is-resized\"><img loading=\"lazy\" decoding=\"async\" width=\"600\" height=\"450\" src=\"https:\/\/wp.laas.fr\/ecolaas\/wp-content\/uploads\/sites\/40\/2024\/12\/veloLAAS.jpg\" alt=\"\" class=\"wp-image-77\" style=\"width:211px;height:auto\" srcset=\"https:\/\/wp.laas.fr\/ecolaas\/wp-content\/uploads\/sites\/40\/2024\/12\/veloLAAS.jpg 600w, https:\/\/wp.laas.fr\/ecolaas\/wp-content\/uploads\/sites\/40\/2024\/12\/veloLAAS-300x225.jpg 300w\" sizes=\"auto, (max-width: 600px) 100vw, 600px\" \/><\/figure>\n<\/div>\n\n\n<figure class=\"wp-block-table is-style-stripes\"><table class=\"has-fixed-layout\"><thead><tr><th><\/th><\/tr><\/thead><tbody><tr><td><strong>Contexte<\/strong><\/td><\/tr><tr><td>Beaucoup de personnes du LAAS se rendent sur le campus pour quelques heures dans la journ\u00e9e (en particulier les enseignants-chercheurs).<\/td><\/tr><tr><td><strong>Objectifs<\/strong><\/td><\/tr><tr><td>Utiliser le v\u00e9lo pour ces petits parcours et laisser la voiture au parking (am\u00e9liorer le bilan carbone).<\/td><\/tr><tr><td><strong>Indicateur<\/strong><\/td><\/tr><tr><td>Nombre de d\u00e9placements avec les v\u00e9los en libre-service.<\/td><\/tr><tr><td><strong>Personnes r\u00e9f\u00e9rentes<\/strong><\/td><\/tr><tr><td>La direction, Pierre Fauret, \u2026<\/td><\/tr><tr><td><strong>Mise en \u0153uvre<\/strong><\/td><\/tr><tr><td><strong><strong><sup><sub>\u25ba<\/sub><\/sup><\/strong><\/strong> <strong>octobre 2020 ? <\/strong>: la direction sollicite Eric Tasselli (service Logistique) pour obtenir des devis pour louer une flotte de v\u00e9los en libre service<br><strong><strong><sup><sub>\u25ba<\/sub><\/sup><\/strong><\/strong> <strong>d\u00e9cembre 2020<\/strong> : pr\u00e9sentation de l&rsquo;avancement du projet par Liviu Nicu au CL (cf <a href=\"https:\/\/sites.laas.fr\/projects\/ecolaas\/sites\/www.laas.fr.projects.ecolaas\/files\/pdf\/07_CR_CL_PROVISOIRE%20_031220.pdf\">compte-rendu du 03\/12\/2020<\/a>)<br><strong><strong><sup><sub>\u25ba<\/sub><\/sup><\/strong><\/strong> <strong>15 janvier 2021 :<\/strong> envoi d&rsquo;un sondage pour mesurer l&rsquo;int\u00e9r\u00eat de ce projet aupr\u00e8s des utilisateurs (https:\/\/www.laas.fr\/sondages\/enquete-sur-le-besoin-de-velos-en-libre-service-au-laboratoire)<br><strong><strong><sup><sub>\u25ba<\/sub><\/sup><\/strong><\/strong> <strong>27 janvier 2021 <\/strong>: cl\u00f4ture du sondage<br><strong><strong><sup><sub>\u25ba<\/sub><\/sup><\/strong><\/strong> <strong>4 f\u00e9vrier 2021<\/strong> : pr\u00e9sentation des r\u00e9sultats du sondage pendant le CL <br><a href=\"https:\/\/sites.laas.fr\/projects\/ecolaas\/sites\/www.laas.fr.projects.ecolaas\/files\/pdf\/sondage_velos_libre-service_resultats.pdf\">Pr\u00e9sentation des r\u00e9sultats du sondage sur les v\u00e9los en libre-service (pdf)<\/a><br><a href=\"https:\/\/sites.laas.fr\/projects\/ecolaas\/sites\/www.laas.fr.projects.ecolaas\/files\/pdf\/commentaires_enquete_velos_libre-service_anonymise.pdf\">Commentaires des participants \u00e0 l&rsquo;enqu\u00eate sur les\u00a0v\u00e9los en\u00a0libre-service (pdf)<\/a><br>102 personnes int\u00e9ress\u00e9es : d\u00e9cision prise par Liviu Nicu de lancer le projet avec un premier achat de 10 v\u00e9los.<br>Cr\u00e9ation d&rsquo;un groupe de travail\u00a0pour d\u00e9finir le meilleur choix du mod\u00e8le de ce v\u00e9lo :\u00a0<a href=\"https:\/\/sites.laas.fr\/projects\/ecolaas\/sites\/www.laas.fr.projects.ecolaas\/files\/pdf\/Cahier_des_charges_modele_velo.pdf\">cahier des charges pour le mod\u00e8le du v\u00e9lo en libre-service<\/a><br>\u00e9tablir une liste des prestataires ext\u00e9rieurs pouvant assurer la maintenance de ces v\u00e9los + v\u00e9los personnels<br><strong><strong><sup><sub>\u25ba<\/sub><\/sup><\/strong><\/strong> <strong>20 f\u00e9vrier <\/strong>: le groupe de travail doit communiquer le mod\u00e8le de v\u00e9lo \u00e0 acheter<br><strong><strong><sup><sub>\u25ba<\/sub><\/sup><\/strong><\/strong> <strong>26 mars 2021<\/strong> : prise de contact avec\u00a0Thirty-One\u00a0https:\/\/thirtyone.fr\/\u00a0au t\u00e9l\u00e9phone par Pierre Fauret. Voir <a href=\"https:\/\/sites.laas.fr\/projects\/ecolaas\/sites\/www.laas.fr.projects.ecolaas\/files\/pdf\/Compte-rendu_ThirtyOne_20210326.pdf\">compte-rendu<\/a>.<br><strong><strong><sup><sub>\u25ba<\/sub><\/sup><\/strong><\/strong> <strong>30 mars 2021<\/strong> &#8211; 11h parking derri\u00e8re Adream : test d&rsquo;un v\u00e9lo ThirtyOne<br><strong><strong><sup><sub>\u25ba<\/sub><\/sup><\/strong><\/strong> <strong>8 juin 2021 :<\/strong> commande de 6 v\u00e9los \u00e0 ThirtyOne<br><strong><strong><sup><sub>\u25ba<\/sub><\/sup><\/strong><\/strong> <strong>octobre 2021 :<\/strong> le fournisseur ThirtyOne est en r\u00e8glement judiciaire. Annulation de la commande et recherche d&rsquo;un autre fournisseur<br><strong><strong><sup><sub>\u25ba<\/sub><\/sup><\/strong><\/strong> <strong>d\u00e9cembre 2021 :<\/strong> commande de 6 v\u00e9los musculaires \u00e0 Cyclable<br> \u00b0 3 VDV A200 Allround 7v Nexus RL taille 50 bleu nuit<br> \u00b0 2\u00a0VDV A200 Allround 7v Nexus RL taille\u00a045 rouge<br> \u00b0 1\u00a0VDV A200 Allround 7v Nexus RL taille\u00a042 blanc<br> \u00b0 6 antivols Kryptonite U Evolution STD<br> \u00b0 options jupes, pneus marathon tour plus, collier de selle rapide, porte bagage racktime ready<br> \u00b0 800\u20ac TTC \/ v\u00e9lo<br><strong><strong><sup><sub>\u25ba<\/sub><\/sup><\/strong><\/strong> <strong>janvier-f\u00e9vrier 2022 : <\/strong><br> \u00b0 \u00e9laboration d&rsquo;une organisation pour l&#8217;emprunt des v\u00e9los <br> \u00b0 mise en place d&rsquo;un syst\u00e8me de r\u00e9servation bas\u00e9 sur le\u00a0<a href=\"https:\/\/grr.devome.com\/fr\/grr3\">logiciel GRR<\/a><br> \u00b0 r\u00e9daction d&rsquo;un\u00a0<a href=\"https:\/\/sites.laas.fr\/projects\/ecolaas\/sites\/sites.laas.fr.projects.ecolaas\/files\/pdf\/Reglement-velos-libre-service.pdf\">r\u00e9glement<\/a>\u00a0<br> \u00b0 choix de ne pas souscrire d&rsquo;assurance sp\u00e9cifique : <br> &#8212;- chaque utilisateur-trice a une responsabilit\u00e9 civile pour prendre en charge les d\u00e9g\u00e2ts occasionn\u00e9s \u00e0 un tiers<br> &#8212;- vol ou d\u00e9gradation des\u00a0v\u00e9los pris en charge par le LAAS<br><strong><strong><sup><sub>\u25ba<\/sub><\/sup><\/strong><\/strong> <strong>18 mars 2022 :<\/strong> livraison de 5 v\u00e9los sur 6<br>Mise en service de ces v\u00e9los (voir la <a href=\"https:\/\/www.laas.fr\/prive\/intranet\/velos-en-libre-service\">page cr\u00e9\u00e9e sur le site intranet<\/a>)<br><strong><strong><sup><sub>\u25ba<\/sub><\/sup><\/strong><\/strong> <strong>septembre 2022 :<\/strong> livraison du sixi\u00e8me v\u00e9lo (taille S)<br>modification du r\u00e8glement pour signaler la pompe disponible \u00e0 l&rsquo;accueil<br>d\u00e9cision de la venue 2 fois par an de Cyclomane pour une maintenance des v\u00e9los libre-service + les v\u00e9los des particuliers selon le temps disponible et aux frais de ces particuliers<br><strong><strong><sup><sub>\u25ba<\/sub><\/sup><\/strong><\/strong> <strong>d\u00e9cembre 2023 :<\/strong> le bilan tr\u00e8s positif d&rsquo;un an d&rsquo;utilisation de ces v\u00e9los est pr\u00e9sent\u00e9 en Conseil de Labo\u00a0:\u00a0<a href=\"https:\/\/sites.laas.fr\/projects\/ecolaas\/sites\/sites.laas.fr.projects.ecolaas\/files\/pdf\/Bilan_Velos_Libre-Service2021-2023.pdf\">Bilan de l\u2019utilisation des v\u00e9los en libre-service<\/a><br>Feu vert de la direction pour l&rsquo;achat d&rsquo;un 7\u00e8me v\u00e9lo pour accompagner l&rsquo;engouement croissant pour l&rsquo;usage de ces v\u00e9los.<\/td><\/tr><tr><td><strong><strong>R\u00e9sultats quantitatifs<\/strong><\/strong><\/td><\/tr><tr><td>Le nombre de personnes ayant b\u00e9n\u00e9fici\u00e9 de ce service est pass\u00e9 de 49 en 2022 \u00e0 93 personnes en 2023, soit une augmentation de plus de 90%.<\/td><\/tr><tr><td><strong>R\u00e9sultats qualitatifs<\/strong><\/td><\/tr><tr><td><strong>Encourageants :<\/strong> <br>Retours tr\u00e8s positifs des utilisateurs.<br>Tr\u00e8s peu de probl\u00e8mes m\u00e9caniques gr\u00e2ce \u00e0 la maintenance p\u00e9riodique.<br><strong>A surveiller :<\/strong><br>Difficult\u00e9 \u00e0 faire conna\u00eetre l&rsquo;existence de ces v\u00e9los aupr\u00e8s des nouveaux arrivants<\/td><\/tr><tr><td><strong>Valorisation de cette exp\u00e9rience<\/strong><\/td><\/tr><tr><td>N\/A<\/td><\/tr><\/tbody><tfoot><tr><td><\/td><\/tr><\/tfoot><\/table><\/figure>\n","protected":false},"excerpt":{"rendered":"<p>5 km en voiture thermique : 965g \u00e9quivalent CO2, v\u00e9lo : 0, v\u00e9lo \u00e0 assistance \u00e9lectrique : 10g&nbsp;&nbsp;(https:\/\/agirpourlatransition.ademe.fr\/particuliers\/calculer-emissions-ca&#8230;) Contexte Beaucoup de personnes du LAAS se rendent sur le campus pour quelques heures dans la journ\u00e9e (en particulier les enseignants-chercheurs). Objectifs Utiliser le v\u00e9lo pour ces petits parcours et laisser la voiture au parking (am\u00e9liorer le [&hellip;]<\/p>\n","protected":false},"author":62,"featured_media":0,"parent":0,"menu_order":0,"comment_status":"closed","ping_status":"closed","template":"","meta":{"footnotes":""},"class_list":["post-161","page","type-page","status-publish","hentry","post"],"_links":{"self":[{"href":"https:\/\/wp.laas.fr\/ecolaas\/wp-json\/wp\/v2\/pages\/161","targetHints":{"allow":["GET"]}}],"collection":[{"href":"https:\/\/wp.laas.fr\/ecolaas\/wp-json\/wp\/v2\/pages"}],"about":[{"href":"https:\/\/wp.laas.fr\/ecolaas\/wp-json\/wp\/v2\/types\/page"}],"author":[{"embeddable":true,"href":"https:\/\/wp.laas.fr\/ecolaas\/wp-json\/wp\/v2\/users\/62"}],"replies":[{"embeddable":true,"href":"https:\/\/wp.laas.fr\/ecolaas\/wp-json\/wp\/v2\/comments?post=161"}],"version-history":[{"count":13,"href":"https:\/\/wp.laas.fr\/ecolaas\/wp-json\/wp\/v2\/pages\/161\/revisions"}],"predecessor-version":[{"id":215,"href":"https:\/\/wp.laas.fr\/ecolaas\/wp-json\/wp\/v2\/pages\/161\/revisions\/215"}],"wp:attachment":[{"href":"https:\/\/wp.laas.fr\/ecolaas\/wp-json\/wp\/v2\/media?parent=161"}],"curies":[{"name":"wp","href":"https:\/\/api.w.org\/{rel}","templated":true}]}}