{"id":126,"date":"2024-12-05T13:43:10","date_gmt":"2024-12-05T13:43:10","guid":{"rendered":"https:\/\/wp.laas.fr\/ecolaas2\/?page_id=126"},"modified":"2025-06-18T08:22:49","modified_gmt":"2025-06-18T08:22:49","slug":"bilan-gaz-a-effet-de-serre-ges-du-laas","status":"publish","type":"page","link":"https:\/\/wp.laas.fr\/ecolaas\/bilan-gaz-a-effet-de-serre-ges-du-laas\/","title":{"rendered":"Bilan Gaz \u00e0 effet de serre (GES) du LAAS"},"content":{"rendered":"\n<figure class=\"wp-block-table\"><table class=\"has-background has-fixed-layout\" style=\"background-color:#dfdfdf\"><tbody><tr><td>Savoir pour agir : comment r\u00e9duire l\u2019impact environnemental des pratiques de recherche<\/td><\/tr><\/tbody><\/table><\/figure>\n\n\n<div class=\"wp-block-image\">\n<figure class=\"aligncenter size-large is-resized\"><img loading=\"lazy\" decoding=\"async\" width=\"1024\" height=\"1024\" src=\"https:\/\/wp.laas.fr\/ecolaas2\/wp-content\/uploads\/sites\/40\/2024\/12\/LogoLabo1.5rond-1024x1024.png\" alt=\"\" class=\"wp-image-76\" style=\"width:172px;height:auto\" srcset=\"https:\/\/wp.laas.fr\/ecolaas\/wp-content\/uploads\/sites\/40\/2024\/12\/LogoLabo1.5rond-1024x1024.png 1024w, https:\/\/wp.laas.fr\/ecolaas\/wp-content\/uploads\/sites\/40\/2024\/12\/LogoLabo1.5rond-300x300.png 300w, https:\/\/wp.laas.fr\/ecolaas\/wp-content\/uploads\/sites\/40\/2024\/12\/LogoLabo1.5rond-150x150.png 150w, https:\/\/wp.laas.fr\/ecolaas\/wp-content\/uploads\/sites\/40\/2024\/12\/LogoLabo1.5rond-768x768.png 768w, https:\/\/wp.laas.fr\/ecolaas\/wp-content\/uploads\/sites\/40\/2024\/12\/LogoLabo1.5rond.png 1200w\" sizes=\"auto, (max-width: 1024px) 100vw, 1024px\" \/><\/figure>\n<\/div>\n\n\n<figure class=\"wp-block-table is-style-stripes\"><table class=\"has-fixed-layout\"><thead><tr><th><\/th><\/tr><\/thead><tbody><tr><td><strong>Contexte<\/strong><\/td><\/tr><tr><td>Le bilan carbone du laboratoire appara\u00eet comme une action prioritaire d\u00e8s la premi\u00e8re r\u00e9union du collectif Ecolaas.<br>Le\u00a0<a href=\"https:\/\/labos1point5.org\">collectif\u00a0Labos 1point5<\/a>\u00a0a \u00e9t\u00e9 fond\u00e9 en\u00a0mars 2019\u00a0avec la volont\u00e9 d\u2019emmener l\u2019ensemble de la communaut\u00e9 de recherche fran\u00e7aise dans une d\u00e9marche de transformation ax\u00e9e sur la r\u00e9duction de son empreinte environnementale.\u00a0Quantifier l&#8217;empreinte environnementale des activit\u00e9s de recherche repr\u00e9sente une premi\u00e8re \u00e9tape importante afin de disposer d\u2019une ann\u00e9e de r\u00e9f\u00e9rence et d\u2019\u00e9l\u00e9ments factuels.\u00a0Cette empreinte, mesur\u00e9e \u00e0 l\u2019\u00e9chelle des laboratoires permet d&rsquo;impliquer directement les personnels\u00a0des laboratoires pour qu\u2019elles ou ils puissent d\u00e9finir une trajectoire de r\u00e9duction et d\u2019en suivre la progression.<br>Juillet 2020 :\u00a0Le CNRS initie une grande d\u00e9marche nationale pour appr\u00e9cier et r\u00e9duire l\u2019empreinte carbone de son millier de laboratoires et s&rsquo;appuie sur le travail du collectif Labos 1point5. (cf\u00a0<a href=\"https:\/\/www.cnrs.fr\/fr\/cnrsinfo\/developpement-durable-le-cnrs-veut-compter\">D\u00e9veloppement durable : le CNRS veut compter<\/a>)<br>Le <a href=\"https:\/\/labos1point5.org\">collectif Labos1.5<\/a> propose un outil simplifi\u00e9 pour le calcul du bilan gaz \u00e0 effet de serre (BGES) : GES1point5 (disponible\u00a0le 15 octobre 2020).<\/td><\/tr><tr><td><strong>Objectifs<\/strong><\/td><\/tr><tr><td>R\u00e9duire l\u2019impact environnemental des pratiques de recherche.<\/td><\/tr><tr><td><strong>Indicateur<\/strong><\/td><\/tr><tr><td>Le bilan lui-m\u00eame est un super indicateur.<\/td><\/tr><tr><td><strong>Personnes r\u00e9f\u00e9rentes<\/strong><\/td><\/tr><tr><td><a href=\"mailto:nicolas.mauran@laas.fr\">Nicolas Mauran<\/a> \u00e9paul\u00e9 par le <a href=\"mailto:ecolaas@laas.fr\">collectif Ecolaas<\/a><\/td><\/tr><tr><td><strong>Mise en \u0153uvre<\/strong><\/td><\/tr><tr><td><strong><sup><sub>\u25ba<\/sub><\/sup><\/strong> Plusieurs personnes du LAAS suivent les diff\u00e9rents \u00e9v\u00e8nements sur Labos1.5 et l&rsquo;outil GES1.5, en particulier la\u00a0<a href=\"https:\/\/labos1point5.org\/info-news\/journee-l1p5-2020\">Journ\u00e9e\u00a0Labos 1point5<\/a>\u00a0du 6 novembre 2020\u00a0et le webinaire du 21 octobre 2020 sur<a href=\"https:\/\/labos1point5.org\/static\/webinaireGES1point5.pdf\"> la pr\u00e9sentation et le tutoriel de l&rsquo;outil GES1.5<\/a><br><strong><sup><sub>\u25ba<\/sub><\/sup><\/strong> <strong>CL du 3\/12\/2020<\/strong>\u00a0: feu vert pour l\u2019action Bilan GES + soutien de la Direction<br><strong><sup><sub>\u25ba<\/sub><\/sup>Janvier 2021 :<\/strong> constitution des groupes de travail pour mener \u00e0 bien la r\u00e9alisation du premier bilan.<br><strong><sup><sub>\u25ba<\/sub><\/sup><\/strong> Cr\u00e9ation de 5 groupes de travail pour la collecte des donn\u00e9es :\u00a0p\u00e9rim\u00e8tre,\u00a0b\u00e2timents,\u00a0v\u00e9hicules,\u00a0missions, d\u00e9placements domicile\/travail.<br><strong><sup><sub>\u25ba<\/sub><\/sup><\/strong> <strong>AG du 08\/02\/2021 :<\/strong> annonce au personnel du lancement du bilan GES du LAAS <strong>2019<\/strong>\u00a0(<a href=\"https:\/\/wp.laas.fr\/ecolaas\/wp-content\/uploads\/sites\/40\/2025\/06\/PresentationEcolaasBilanGES_AG_08022021-v3-2.pdf\">Pr\u00e9sentation du bilan GES en AG 08\/02\/2021<\/a>)<br><strong><sup><sub>\u25ba<\/sub><\/sup><\/strong> <strong>F\u00e9vrier \u00e0 juin 2021\u00a0:<\/strong> collecte des donn\u00e9es<br><strong><sup><sub>\u25ba<\/sub><\/sup><\/strong> <strong>CL du 1er juillet 2021 :<\/strong> pr\u00e9sentation des premiers\u00a0<a href=\"https:\/\/wp.laas.fr\/ecolaas\/wp-content\/uploads\/sites\/40\/2025\/06\/EcolaasBGES-2019-CL01072021.pdf\">r\u00e9sultats du bilan GES du LAAS 2019<\/a><br><strong><sup><sub>\u25ba<\/sub><\/sup><\/strong> <strong>Septembre 2021 :<\/strong> ajout dans l&rsquo;outil GES 1.5 de la partie \u00ab\u00a0Num\u00e9rique\u00a0\u00bb (achat du mat\u00e9riel informatique) et de la partie \u00ab\u00a0Achats\u00a0\u00bb (tout sauf informatique)<br><strong><sup><sub>\u25ba<\/sub><\/sup><\/strong> Recalcul du BGES 2019 et calcul de 2020 et 2021<br><strong><sup><sub>\u25ba<\/sub><\/sup><\/strong> <strong>CL du 7 juillet 2022 <\/strong>: pr\u00e9sentation de la <a href=\"https:\/\/wp.laas.fr\/ecolaas\/wp-content\/uploads\/sites\/40\/2025\/06\/Synthese_Bilans_GES_2019-2022.pptx\">synth\u00e8se 2019-2020-2021<\/a><br><strong><sup><sub>\u25ba<\/sub><\/sup><\/strong> <strong>CL du 7 d\u00e9cembre 2023 : <\/strong><a href=\"https:\/\/wp.laas.fr\/ecolaas\/wp-content\/uploads\/sites\/40\/2025\/06\/BGES_2019-2022.pdf\">pr\u00e9sentation du bilan 2022 et de la synth\u00e8se 2019-2022<\/a><\/td><\/tr><tr><td><strong>R\u00e9sultats quantitatifs<\/strong><\/td><\/tr><tr><td><a href=\"https:\/\/wp.laas.fr\/ecolaas\/wp-content\/uploads\/sites\/40\/2025\/06\/BGES_2019-2022_Resultats.pdf\">Bilans 2019,2020, 2021, 2022 (synth\u00e8se)<\/a><\/td><\/tr><tr><td><strong>R\u00e9sultats qualitatifs<\/strong><\/td><\/tr><tr><td>N\/A<\/td><\/tr><tr><td><strong>Valorisation de cette exp\u00e9rience<\/strong><\/td><\/tr><tr><td>Valorisation des r\u00e9sultats de tous les labos : <br><strong><sup><sub>\u25ba<\/sub><\/sup><\/strong> pour des mesures concr\u00e8tes visant \u00e0 am\u00e9liorer le bilan national du CNRS,<br><strong><sup><sub>\u25ba<\/sub><\/sup><\/strong> comme <a href=\"https:\/\/labos1point5.org\/nos-objectifs\">apport de donn\u00e9es pour la recherche proprement dite<\/a>.<\/td><\/tr><\/tbody><tfoot><tr><td><\/td><\/tr><\/tfoot><\/table><\/figure>\n","protected":false},"excerpt":{"rendered":"<p>Savoir pour agir : comment r\u00e9duire l\u2019impact environnemental des pratiques de recherche Contexte Le bilan carbone du laboratoire appara\u00eet comme une action prioritaire d\u00e8s la premi\u00e8re r\u00e9union du collectif Ecolaas.Le\u00a0collectif\u00a0Labos 1point5\u00a0a \u00e9t\u00e9 fond\u00e9 en\u00a0mars 2019\u00a0avec la volont\u00e9 d\u2019emmener l\u2019ensemble de la communaut\u00e9 de recherche fran\u00e7aise dans une d\u00e9marche de transformation ax\u00e9e sur la r\u00e9duction de [&hellip;]<\/p>\n","protected":false},"author":62,"featured_media":0,"parent":0,"menu_order":0,"comment_status":"closed","ping_status":"closed","template":"","meta":{"footnotes":""},"class_list":["post-126","page","type-page","status-publish","hentry","post"],"_links":{"self":[{"href":"https:\/\/wp.laas.fr\/ecolaas\/wp-json\/wp\/v2\/pages\/126","targetHints":{"allow":["GET"]}}],"collection":[{"href":"https:\/\/wp.laas.fr\/ecolaas\/wp-json\/wp\/v2\/pages"}],"about":[{"href":"https:\/\/wp.laas.fr\/ecolaas\/wp-json\/wp\/v2\/types\/page"}],"author":[{"embeddable":true,"href":"https:\/\/wp.laas.fr\/ecolaas\/wp-json\/wp\/v2\/users\/62"}],"replies":[{"embeddable":true,"href":"https:\/\/wp.laas.fr\/ecolaas\/wp-json\/wp\/v2\/comments?post=126"}],"version-history":[{"count":9,"href":"https:\/\/wp.laas.fr\/ecolaas\/wp-json\/wp\/v2\/pages\/126\/revisions"}],"predecessor-version":[{"id":2111,"href":"https:\/\/wp.laas.fr\/ecolaas\/wp-json\/wp\/v2\/pages\/126\/revisions\/2111"}],"wp:attachment":[{"href":"https:\/\/wp.laas.fr\/ecolaas\/wp-json\/wp\/v2\/media?parent=126"}],"curies":[{"name":"wp","href":"https:\/\/api.w.org\/{rel}","templated":true}]}}