{"id":104,"date":"2024-12-05T13:21:17","date_gmt":"2024-12-05T13:21:17","guid":{"rendered":"https:\/\/wp.laas.fr\/ecolaas2\/?page_id=104"},"modified":"2024-12-05T13:21:17","modified_gmt":"2024-12-05T13:21:17","slug":"decouvrez-les-orchidees-du-laas","status":"publish","type":"page","link":"https:\/\/wp.laas.fr\/ecolaas\/decouvrez-les-orchidees-du-laas\/","title":{"rendered":"D\u00e9couvrez les orchid\u00e9es du LAAS !"},"content":{"rendered":"\n<p>Vous pouvez actuellement admirer jusqu&rsquo;\u00e0 5 vari\u00e9t\u00e9s diff\u00e9rentes d&rsquo;orchid\u00e9es au LAAS.<\/p>\n\n\n\n<p>Vous pouvez retrouver ces photos avec l&rsquo;identification de chaque orchid\u00e9e sur&nbsp;<a href=\"https:\/\/photos.app.goo.gl\/ViB2u6goVFVtxSuMA\">https:\/\/photos.app.goo.gl\/ViB2u6goVFVtxSuMA<\/a><\/p>\n\n\n\n<figure class=\"wp-block-gallery has-nested-images columns-default is-cropped wp-block-gallery-1 is-layout-flex wp-block-gallery-is-layout-flex\">\n<figure class=\"wp-block-image size-large\"><img loading=\"lazy\" decoding=\"async\" width=\"768\" height=\"1024\" data-id=\"106\" src=\"https:\/\/wp.laas.fr\/ecolaas2\/wp-content\/uploads\/sites\/40\/2024\/12\/OphrysApiferaBlanche-768x1024.jpg\" alt=\"\" class=\"wp-image-106\" srcset=\"https:\/\/wp.laas.fr\/ecolaas\/wp-content\/uploads\/sites\/40\/2024\/12\/OphrysApiferaBlanche-768x1024.jpg 768w, https:\/\/wp.laas.fr\/ecolaas\/wp-content\/uploads\/sites\/40\/2024\/12\/OphrysApiferaBlanche-225x300.jpg 225w, https:\/\/wp.laas.fr\/ecolaas\/wp-content\/uploads\/sites\/40\/2024\/12\/OphrysApiferaBlanche-1152x1536.jpg 1152w, https:\/\/wp.laas.fr\/ecolaas\/wp-content\/uploads\/sites\/40\/2024\/12\/OphrysApiferaBlanche-1536x2048.jpg 1536w, https:\/\/wp.laas.fr\/ecolaas\/wp-content\/uploads\/sites\/40\/2024\/12\/OphrysApiferaBlanche-scaled.jpg 1920w\" sizes=\"auto, (max-width: 768px) 100vw, 768px\" \/><\/figure>\n\n\n\n<figure class=\"wp-block-image size-large\"><img loading=\"lazy\" decoding=\"async\" width=\"768\" height=\"1024\" data-id=\"105\" src=\"https:\/\/wp.laas.fr\/ecolaas2\/wp-content\/uploads\/sites\/40\/2024\/12\/OphrysApiferaRose-768x1024.jpg\" alt=\"\" class=\"wp-image-105\" srcset=\"https:\/\/wp.laas.fr\/ecolaas\/wp-content\/uploads\/sites\/40\/2024\/12\/OphrysApiferaRose-768x1024.jpg 768w, https:\/\/wp.laas.fr\/ecolaas\/wp-content\/uploads\/sites\/40\/2024\/12\/OphrysApiferaRose-225x300.jpg 225w, https:\/\/wp.laas.fr\/ecolaas\/wp-content\/uploads\/sites\/40\/2024\/12\/OphrysApiferaRose-1152x1536.jpg 1152w, https:\/\/wp.laas.fr\/ecolaas\/wp-content\/uploads\/sites\/40\/2024\/12\/OphrysApiferaRose-1536x2048.jpg 1536w, https:\/\/wp.laas.fr\/ecolaas\/wp-content\/uploads\/sites\/40\/2024\/12\/OphrysApiferaRose-scaled.jpg 1920w\" sizes=\"auto, (max-width: 768px) 100vw, 768px\" \/><\/figure>\n\n\n\n<figure class=\"wp-block-image size-large\"><img loading=\"lazy\" decoding=\"async\" width=\"551\" height=\"1024\" data-id=\"107\" src=\"https:\/\/wp.laas.fr\/ecolaas2\/wp-content\/uploads\/sites\/40\/2024\/12\/OrchisBouc-551x1024.jpg\" alt=\"\" class=\"wp-image-107\" srcset=\"https:\/\/wp.laas.fr\/ecolaas\/wp-content\/uploads\/sites\/40\/2024\/12\/OrchisBouc-551x1024.jpg 551w, https:\/\/wp.laas.fr\/ecolaas\/wp-content\/uploads\/sites\/40\/2024\/12\/OrchisBouc-161x300.jpg 161w, https:\/\/wp.laas.fr\/ecolaas\/wp-content\/uploads\/sites\/40\/2024\/12\/OrchisBouc-768x1427.jpg 768w, https:\/\/wp.laas.fr\/ecolaas\/wp-content\/uploads\/sites\/40\/2024\/12\/OrchisBouc-826x1536.jpg 826w, https:\/\/wp.laas.fr\/ecolaas\/wp-content\/uploads\/sites\/40\/2024\/12\/OrchisBouc-1102x2048.jpg 1102w, https:\/\/wp.laas.fr\/ecolaas\/wp-content\/uploads\/sites\/40\/2024\/12\/OrchisBouc-scaled.jpg 1377w\" sizes=\"auto, (max-width: 551px) 100vw, 551px\" \/><\/figure>\n\n\n\n<figure class=\"wp-block-image size-large\"><img loading=\"lazy\" decoding=\"async\" width=\"1024\" height=\"768\" data-id=\"109\" src=\"https:\/\/wp.laas.fr\/ecolaas2\/wp-content\/uploads\/sites\/40\/2024\/12\/OrchisPyramidal5-1024x768.jpg\" alt=\"\" class=\"wp-image-109\" srcset=\"https:\/\/wp.laas.fr\/ecolaas\/wp-content\/uploads\/sites\/40\/2024\/12\/OrchisPyramidal5-1024x768.jpg 1024w, https:\/\/wp.laas.fr\/ecolaas\/wp-content\/uploads\/sites\/40\/2024\/12\/OrchisPyramidal5-300x225.jpg 300w, https:\/\/wp.laas.fr\/ecolaas\/wp-content\/uploads\/sites\/40\/2024\/12\/OrchisPyramidal5-768x576.jpg 768w, https:\/\/wp.laas.fr\/ecolaas\/wp-content\/uploads\/sites\/40\/2024\/12\/OrchisPyramidal5-1536x1152.jpg 1536w, https:\/\/wp.laas.fr\/ecolaas\/wp-content\/uploads\/sites\/40\/2024\/12\/OrchisPyramidal5-2048x1536.jpg 2048w\" sizes=\"auto, (max-width: 1024px) 100vw, 1024px\" \/><\/figure>\n\n\n\n<figure class=\"wp-block-image size-large\"><img loading=\"lazy\" decoding=\"async\" width=\"768\" height=\"1024\" data-id=\"108\" src=\"https:\/\/wp.laas.fr\/ecolaas2\/wp-content\/uploads\/sites\/40\/2024\/12\/Serapia-a-labelle-allonge-Serapias-vomeracea2-768x1024.jpg\" alt=\"\" class=\"wp-image-108\" srcset=\"https:\/\/wp.laas.fr\/ecolaas\/wp-content\/uploads\/sites\/40\/2024\/12\/Serapia-a-labelle-allonge-Serapias-vomeracea2-768x1024.jpg 768w, https:\/\/wp.laas.fr\/ecolaas\/wp-content\/uploads\/sites\/40\/2024\/12\/Serapia-a-labelle-allonge-Serapias-vomeracea2-225x300.jpg 225w, https:\/\/wp.laas.fr\/ecolaas\/wp-content\/uploads\/sites\/40\/2024\/12\/Serapia-a-labelle-allonge-Serapias-vomeracea2-1152x1536.jpg 1152w, https:\/\/wp.laas.fr\/ecolaas\/wp-content\/uploads\/sites\/40\/2024\/12\/Serapia-a-labelle-allonge-Serapias-vomeracea2-1536x2048.jpg 1536w, https:\/\/wp.laas.fr\/ecolaas\/wp-content\/uploads\/sites\/40\/2024\/12\/Serapia-a-labelle-allonge-Serapias-vomeracea2-scaled.jpg 1920w\" sizes=\"auto, (max-width: 768px) 100vw, 768px\" \/><\/figure>\n<\/figure>\n","protected":false},"excerpt":{"rendered":"<p>Vous pouvez actuellement admirer jusqu&rsquo;\u00e0 5 vari\u00e9t\u00e9s diff\u00e9rentes d&rsquo;orchid\u00e9es au LAAS. Vous pouvez retrouver ces photos avec l&rsquo;identification de chaque orchid\u00e9e sur&nbsp;https:\/\/photos.app.goo.gl\/ViB2u6goVFVtxSuMA<\/p>\n","protected":false},"author":62,"featured_media":0,"parent":0,"menu_order":0,"comment_status":"closed","ping_status":"closed","template":"","meta":{"footnotes":""},"class_list":["post-104","page","type-page","status-publish","hentry","post"],"_links":{"self":[{"href":"https:\/\/wp.laas.fr\/ecolaas\/wp-json\/wp\/v2\/pages\/104","targetHints":{"allow":["GET"]}}],"collection":[{"href":"https:\/\/wp.laas.fr\/ecolaas\/wp-json\/wp\/v2\/pages"}],"about":[{"href":"https:\/\/wp.laas.fr\/ecolaas\/wp-json\/wp\/v2\/types\/page"}],"author":[{"embeddable":true,"href":"https:\/\/wp.laas.fr\/ecolaas\/wp-json\/wp\/v2\/users\/62"}],"replies":[{"embeddable":true,"href":"https:\/\/wp.laas.fr\/ecolaas\/wp-json\/wp\/v2\/comments?post=104"}],"version-history":[{"count":2,"href":"https:\/\/wp.laas.fr\/ecolaas\/wp-json\/wp\/v2\/pages\/104\/revisions"}],"predecessor-version":[{"id":112,"href":"https:\/\/wp.laas.fr\/ecolaas\/wp-json\/wp\/v2\/pages\/104\/revisions\/112"}],"wp:attachment":[{"href":"https:\/\/wp.laas.fr\/ecolaas\/wp-json\/wp\/v2\/media?parent=104"}],"curies":[{"name":"wp","href":"https:\/\/api.w.org\/{rel}","templated":true}]}}